{"id":618,"date":"2019-11-03T21:45:03","date_gmt":"2019-11-03T20:45:03","guid":{"rendered":"https:\/\/xorr.pl\/?post_type=product&#038;p=618"},"modified":"2024-06-14T13:19:06","modified_gmt":"2024-06-14T11:19:06","slug":"odbiornik-xm","status":"publish","type":"product","link":"https:\/\/xorr.pl\/en\/product\/odbiornik-xm\/","title":{"rendered":"Odbiornik Frsky XM+"},"content":{"rendered":"<p>Ultra ma\u0142y odbiornik dzia\u0142aj\u0105cy an 2.4GHz wraz z diversity. Niewielkie rozmiary i waga poni\u017cej 2g, czyni\u0105 go uniwersalnym odbiornikiem.<\/p>\n<p><strong>Specification<\/strong><\/p>\n<p>\u2013 Wymiary: 21.5*12*3.5 mm<br \/>\n\u2013 Waga: 1.6g<br \/>\n\u2013 Liczba kana\u0142\u00f3w: 16CH SBUS\u00a0 (1-15ch u\u017cytkowy, 16ch RSSI dla FC)<br \/>\n\u2013 Zasialnie: 3.7~10V<br \/>\n\u2013 Pob\u00f3r pr\u0105du: 30mA @5V<br \/>\n\u2013 Antena: 2 * 10cm<br \/>\n\u2013 Mo\u017cliwo\u015b\u0107 aktualizacji oprogramoawnia<\/p>\n<p><img decoding=\"async\" class=\"size-medium wp-image-6830 aligncenter\" src=\"https:\/\/xorr.pl\/wp-content\/uploads\/2019\/11\/xm_package_grande-240x300.jpeg\" alt=\"\" width=\"240\" height=\"300\" srcset=\"https:\/\/xorr.pl\/wp-content\/uploads\/2019\/11\/xm_package_grande-240x300.jpeg 240w, https:\/\/xorr.pl\/wp-content\/uploads\/2019\/11\/xm_package_grande-10x12.jpeg 10w, https:\/\/xorr.pl\/wp-content\/uploads\/2019\/11\/xm_package_grande.jpeg 480w\" sizes=\"(max-width: 240px) 100vw, 240px\" \/><\/p>","protected":false},"excerpt":{"rendered":"<p>Ultra ma\u0142y odbiornik dzia\u0142aj\u0105cy an 2.4GHz wraz z diversity. Niewielkie rozmiary i waga poni\u017cej 2g, czyni\u0105 go uniwersalnym odbiornikiem. Specyfikacja \u2013 Wymiary: 21.5*12*3.5 mm \u2013 Waga: 1.6g \u2013 Liczba kana\u0142\u00f3w: 16CH SBUS\u00a0 (1-15ch u\u017cytkowy, 16ch RSSI dla FC) \u2013 Zasialnie: 3.7~10V \u2013 Pob\u00f3r pr\u0105du: 30mA @5V \u2013 Antena: 2 * 10cm \u2013 Mo\u017cliwo\u015b\u0107 aktualizacji oprogramoawnia<\/p>","protected":false},"featured_media":621,"template":"","meta":[],"product_cat":[22,32,41],"product_tag":[],"jetpack_sharing_enabled":true,"_links":{"self":[{"href":"https:\/\/xorr.pl\/en\/wp-json\/wp\/v2\/product\/618"}],"collection":[{"href":"https:\/\/xorr.pl\/en\/wp-json\/wp\/v2\/product"}],"about":[{"href":"https:\/\/xorr.pl\/en\/wp-json\/wp\/v2\/types\/product"}],"wp:featuredmedia":[{"embeddable":true,"href":"https:\/\/xorr.pl\/en\/wp-json\/wp\/v2\/media\/621"}],"wp:attachment":[{"href":"https:\/\/xorr.pl\/en\/wp-json\/wp\/v2\/media?parent=618"}],"wp:term":[{"taxonomy":"product_cat","embeddable":true,"href":"https:\/\/xorr.pl\/en\/wp-json\/wp\/v2\/product_cat?post=618"},{"taxonomy":"product_tag","embeddable":true,"href":"https:\/\/xorr.pl\/en\/wp-json\/wp\/v2\/product_tag?post=618"}],"curies":[{"name":"wp","href":"https:\/\/api.w.org\/{rel}","templated":true}]}}