{"id":6229,"date":"2021-06-18T23:15:43","date_gmt":"2021-06-18T21:15:43","guid":{"rendered":"https:\/\/xorr.pl\/?post_type=product&#038;p=6229"},"modified":"2022-04-15T12:49:22","modified_gmt":"2022-04-15T10:49:22","slug":"sony-18650-35a","status":"publish","type":"product","link":"https:\/\/xorr.pl\/en\/product\/sony-18650-35a\/","title":{"rendered":"SONY 18650 VTC6 3100mAh 30A"},"content":{"rendered":"<p>Ogniwa litowo-jonowe Sony VTC6 nowe (nieu\u017cywane), natomiast pochodz\u0105ce z rozbi\u00f3rki pakiet\u00f3w.<br \/>\nZero cykli \u0142adowania-roz\u0142adowania.<\/p>\n<p>Sami u\u017cywamy \ud83d\ude42<\/p>","protected":false},"excerpt":{"rendered":"<p><strong><span style=\"color: #ff0000;\">Posiadaj\u0105 \u015blady po zgrzewach i powyginane bieguny.<\/span><\/strong><\/p>","protected":false},"featured_media":6230,"template":"","meta":[],"product_cat":[25],"product_tag":[],"jetpack_sharing_enabled":true,"_links":{"self":[{"href":"https:\/\/xorr.pl\/en\/wp-json\/wp\/v2\/product\/6229"}],"collection":[{"href":"https:\/\/xorr.pl\/en\/wp-json\/wp\/v2\/product"}],"about":[{"href":"https:\/\/xorr.pl\/en\/wp-json\/wp\/v2\/types\/product"}],"wp:featuredmedia":[{"embeddable":true,"href":"https:\/\/xorr.pl\/en\/wp-json\/wp\/v2\/media\/6230"}],"wp:attachment":[{"href":"https:\/\/xorr.pl\/en\/wp-json\/wp\/v2\/media?parent=6229"}],"wp:term":[{"taxonomy":"product_cat","embeddable":true,"href":"https:\/\/xorr.pl\/en\/wp-json\/wp\/v2\/product_cat?post=6229"},{"taxonomy":"product_tag","embeddable":true,"href":"https:\/\/xorr.pl\/en\/wp-json\/wp\/v2\/product_tag?post=6229"}],"curies":[{"name":"wp","href":"https:\/\/api.w.org\/{rel}","templated":true}]}}