{"id":6339,"date":"2021-07-20T12:03:48","date_gmt":"2021-07-20T10:03:48","guid":{"rendered":"https:\/\/xorr.pl\/?post_type=product&#038;p=6339"},"modified":"2024-07-05T09:11:47","modified_gmt":"2024-07-05T07:11:47","slug":"7x16mm-silniki-szczotkowe-2cw2ccw","status":"publish","type":"product","link":"https:\/\/xorr.pl\/en\/product\/7x16mm-silniki-szczotkowe-2cw2ccw\/","title":{"rendered":"7x16mm Brushed Motors (2CW+2CCW)"},"content":{"rendered":"<h2>Bullet Point<\/h2>\n<ul>\n<li>Silniki wa\u017c\u0105 zaledwie 2,95g sztuka (z kablem i konektorem)<\/li>\n<li>Szybka wymiana silnik\u00f3w dzi\u0119ki z\u0142\u0105czu JST 1.25mm 2P<\/li>\n<\/ul>\n<h2>Specification<\/h2>\n<ul>\n<li>Wymiary: 7x16mm<\/li>\n<li>Srednica: 7mm<\/li>\n<li>Wysoko\u015b\u0107: 16mm<\/li>\n<li>D\u0142ugo\u015b\u0107 kabla: 50mm<\/li>\n<li>\u015arednica shaft&#8217;u: 0.8mm<\/li>\n<li>Waga: 2.95g<\/li>\n<li>Pr\u0119dko\u015b\u0107 obrotu: 19000KV<\/li>\n<li>Napi\u0119cie pracy: 3.7V<\/li>\n<li>Konektor: JST 1.25mm 2P<\/li>\n<\/ul>\n<p><img decoding=\"async\" class=\"aligncenter\" src=\"https:\/\/cdn.shopify.com\/s\/files\/1\/1778\/6615\/files\/4_08e8a6da-1402-4d1a-a8d0-2cf01f2d2853_grande.jpg?v=1536903152\" alt=\"\" \/><\/p>\n<h2>Package:<\/h2>\n<ul>\n<li>4x 7x16mm 19000KV silniki (2CW +2CCW)<\/li>\n<\/ul>\n<p><img decoding=\"async\" class=\"aligncenter\" src=\"https:\/\/cdn.shopify.com\/s\/files\/1\/1778\/6615\/files\/5_27a7a4d4-af98-4470-904d-ca8357994b61_grande.jpg?v=1536903449\" alt=\"\" \/><\/p>","protected":false},"excerpt":{"rendered":"<p>G\u0142\u00f3wne cechy: Silniki wa\u017c\u0105 zaledwie 2,95g sztuka (z kablem i konektorem) Szybka wymiana silnik\u00f3w dzi\u0119ki z\u0142\u0105czu JST 1.25mm 2P Specyfikacja Wymiary: 7x16mm Srednica: 7mm Wysoko\u015b\u0107: 16mm D\u0142ugo\u015b\u0107 kabla: 50mm \u015arednica shaft&#8217;u: 0.8mm Waga: 2.95g Pr\u0119dko\u015b\u0107 obrotu: 19000KV Napi\u0119cie pracy: 3.7V Konektor: JST 1.25mm 2P W zestawie: 4x 7x16mm 19000KV silniki (2CW +2CCW)<\/p>","protected":false},"featured_media":6340,"template":"","meta":[],"product_cat":[22,32,36],"product_tag":[],"jetpack_sharing_enabled":true,"_links":{"self":[{"href":"https:\/\/xorr.pl\/en\/wp-json\/wp\/v2\/product\/6339"}],"collection":[{"href":"https:\/\/xorr.pl\/en\/wp-json\/wp\/v2\/product"}],"about":[{"href":"https:\/\/xorr.pl\/en\/wp-json\/wp\/v2\/types\/product"}],"wp:featuredmedia":[{"embeddable":true,"href":"https:\/\/xorr.pl\/en\/wp-json\/wp\/v2\/media\/6340"}],"wp:attachment":[{"href":"https:\/\/xorr.pl\/en\/wp-json\/wp\/v2\/media?parent=6339"}],"wp:term":[{"taxonomy":"product_cat","embeddable":true,"href":"https:\/\/xorr.pl\/en\/wp-json\/wp\/v2\/product_cat?post=6339"},{"taxonomy":"product_tag","embeddable":true,"href":"https:\/\/xorr.pl\/en\/wp-json\/wp\/v2\/product_tag?post=6339"}],"curies":[{"name":"wp","href":"https:\/\/api.w.org\/{rel}","templated":true}]}}