{"id":6352,"date":"2021-07-29T16:08:57","date_gmt":"2021-07-29T14:08:57","guid":{"rendered":"https:\/\/xorr.pl\/?post_type=product&#038;p=6352"},"modified":"2024-07-03T15:32:48","modified_gmt":"2024-07-03T13:32:48","slug":"850mah-4s-75c-lipo","status":"publish","type":"product","link":"https:\/\/xorr.pl\/en\/product\/850mah-4s-75c-lipo\/","title":{"rendered":"850mAh 4S 75C Lipo Battery"},"content":{"rendered":"<p><img decoding=\"async\" class=\"aligncenter\" src=\"https:\/\/cdn.shopify.cn\/s\/files\/1\/1778\/6615\/files\/4S_-web_4d9c533b-0aea-4a5e-ab30-696b848cbfdd_1024x1024.jpg?v=1590572708\" alt=\"\" \/><\/p>\n<h2>Specification<\/h2>\n<ul>\n<li>Capacity: 850mAh<\/li>\n<li>Rate: 75C<\/li>\n<li>Weight: 101.94g<\/li>\n<li>Dimension: 62*28*28mm<\/li>\n<li>Charge Plug: XT60U\/XT30 Plug and JST-XH Plug<\/li>\n<li>Wire Gauge: 14AWG Silicone Wire<\/li>\n<\/ul>\n<h2>Comparision<\/h2>\n<p>There is a graph of comparison between BETAFPV 850mAh 4S battery and other 850mAh 4S batteries. The discharge current is 40A in this testing. In this battery experience, you could see that the BETAFPV 850mAh 4S battery has a better discharge performance, and it can give you a more powerful flight experience.<\/p>\n<p><img decoding=\"async\" src=\"https:\/\/cdn.shopify.cn\/s\/files\/1\/1778\/6615\/files\/WPS_1_0d325d88-3d3b-4c01-afa4-5cd664763f69_1024x1024.jpg?v=1590722606\" alt=\"\" \/><\/p>\n<h2>Dimension<\/h2>\n<p><img decoding=\"async\" src=\"https:\/\/cdn.shopify.cn\/s\/files\/1\/1778\/6615\/files\/WPS_1_b51f4388-72d0-4e9a-bfe9-8f491137f2d0_1024x1024.jpg?v=1590742085\" alt=\"\" \/><\/p>\n<h2>Package:<\/h2>\n<ul>\n<li>1 * BETAFPV 850mAh 4S 75C Lipo Battery XT30 plug \/ XT60<\/li>\n<\/ul>","protected":false},"excerpt":{"rendered":"<p>Specyfikacja: Pojemno\u015b\u0107: 850mAh R8: 75C Waga: 101.94g Wymiary: 62x28x28mm Z\u0142\u0105cze pr\u0105dowe: XT60U\/XT30 Plug, JST-XH Plug Kabel: 14AWG Sylikonowy Por\u00f3wnanie Poni\u017cej znajduje si\u0119 por\u00f3wnanie z innymi akumulatorami dost\u0119pnymi na rynku Wymiary W zestawie 1x BETAFPV 850mAh 4S 75C Lipo<\/p>","protected":false},"featured_media":6353,"template":"","meta":[],"product_cat":[22,25],"product_tag":[],"jetpack_sharing_enabled":true,"_links":{"self":[{"href":"https:\/\/xorr.pl\/en\/wp-json\/wp\/v2\/product\/6352"}],"collection":[{"href":"https:\/\/xorr.pl\/en\/wp-json\/wp\/v2\/product"}],"about":[{"href":"https:\/\/xorr.pl\/en\/wp-json\/wp\/v2\/types\/product"}],"wp:featuredmedia":[{"embeddable":true,"href":"https:\/\/xorr.pl\/en\/wp-json\/wp\/v2\/media\/6353"}],"wp:attachment":[{"href":"https:\/\/xorr.pl\/en\/wp-json\/wp\/v2\/media?parent=6352"}],"wp:term":[{"taxonomy":"product_cat","embeddable":true,"href":"https:\/\/xorr.pl\/en\/wp-json\/wp\/v2\/product_cat?post=6352"},{"taxonomy":"product_tag","embeddable":true,"href":"https:\/\/xorr.pl\/en\/wp-json\/wp\/v2\/product_tag?post=6352"}],"curies":[{"name":"wp","href":"https:\/\/api.w.org\/{rel}","templated":true}]}}