{"id":6366,"date":"2021-08-02T14:09:58","date_gmt":"2021-08-02T12:09:58","guid":{"rendered":"https:\/\/xorr.pl\/?post_type=product&#038;p=6366"},"modified":"2023-12-14T09:14:25","modified_gmt":"2023-12-14T08:14:25","slug":"hq75-5-blade-propellers-1-5mm-shaft","status":"publish","type":"product","link":"https:\/\/xorr.pl\/en\/product\/hq75-5-blade-propellers-1-5mm-shaft\/","title":{"rendered":"HQ75 5-Blade Propellers 1.5mm Shaft"},"content":{"rendered":"<div>\n<div id=\"product-tabs\">\n<p>Zalecamy wykorzystanie tych \u015bmigie\u0142 do drona Pavo30<\/p>\n<p><img decoding=\"async\" class=\"aligncenter\" src=\"https:\/\/cdn.shopifycdn.net\/s\/files\/1\/1778\/6615\/files\/FB_1_1024x1024.jpg?v=1618386283\" alt=\"BETAFPV HQ75 5-blade propeller for pavo30\" \/><\/p>\n<\/div>\n<\/div>\n<h2>Specification<\/h2>\n<ul>\n<li>P\u0142aty: 5<\/li>\n<li>Kolor: Szary<\/li>\n<li>Waga: 2.35g\/szt.<\/li>\n<li>Material: PC<\/li>\n<li>\u015arednica: 75mm\/3&#8221;<\/li>\n<li>Grubo\u015b\u0107 HUB&#8217;a: 5.1mm<\/li>\n<li>\u015arednica otworu mocuj\u0105cego: 1.5mm<\/li>\n<li>Zalecane silniki: <a href=\"https:\/\/xorr.pl\/en\/product\/1505-3400kv-brushless-motors\/\">1505-3400KV moto<\/a><\/li>\n<\/ul>\n<p><img decoding=\"async\" class=\"aligncenter\" src=\"https:\/\/cdn.shopifycdn.net\/s\/files\/1\/1778\/6615\/files\/HQ75_5-blade_propellers_600x600.jpg?v=1618477896\" alt=\"\" \/><\/p>\n<h2 class=\"p1\">Package:<\/h2>\n<ul>\n<li>2x HQ75 5-\u015amig\u0142owy CW<\/li>\n<li>2x HQ75 5-\u015amig\u0142owy CCW<\/li>\n<li>1x zestaw \u015brub M2 x 7<\/li>\n<\/ul>\n<p><img decoding=\"async\" class=\"aligncenter\" src=\"https:\/\/cdn.shopifycdn.net\/s\/files\/1\/1778\/6615\/files\/HQ75_5-blade_props_600x600.jpg?v=1618477742\" alt=\"\" width=\"935\" height=\"623\" \/><\/p>","protected":false},"excerpt":{"rendered":"<p>Zalecamy wykorzystanie tych \u015bmigie\u0142 do drona Pavo30 Specyfikacja P\u0142aty: 5 Kolor: Szary Waga: 2.35g\/szt. Material: PC \u015arednica: 75mm\/3&#8221; Grubo\u015b\u0107 HUB&#8217;a: 5.1mm \u015arednica otworu mocuj\u0105cego: 1.5mm Zalecane silniki: 1505-3400KV moto W zestawie 2x HQ75 5-\u015amig\u0142owy CW 2x HQ75 5-\u015amig\u0142owy CCW 1x zestaw \u015brub M2 x 7<\/p>","protected":false},"featured_media":6368,"template":"","meta":[],"product_cat":[22,23,35],"product_tag":[],"jetpack_sharing_enabled":true,"_links":{"self":[{"href":"https:\/\/xorr.pl\/en\/wp-json\/wp\/v2\/product\/6366"}],"collection":[{"href":"https:\/\/xorr.pl\/en\/wp-json\/wp\/v2\/product"}],"about":[{"href":"https:\/\/xorr.pl\/en\/wp-json\/wp\/v2\/types\/product"}],"wp:featuredmedia":[{"embeddable":true,"href":"https:\/\/xorr.pl\/en\/wp-json\/wp\/v2\/media\/6368"}],"wp:attachment":[{"href":"https:\/\/xorr.pl\/en\/wp-json\/wp\/v2\/media?parent=6366"}],"wp:term":[{"taxonomy":"product_cat","embeddable":true,"href":"https:\/\/xorr.pl\/en\/wp-json\/wp\/v2\/product_cat?post=6366"},{"taxonomy":"product_tag","embeddable":true,"href":"https:\/\/xorr.pl\/en\/wp-json\/wp\/v2\/product_tag?post=6366"}],"curies":[{"name":"wp","href":"https:\/\/api.w.org\/{rel}","templated":true}]}}