{"id":6417,"date":"2021-08-20T13:10:55","date_gmt":"2021-08-20T11:10:55","guid":{"rendered":"https:\/\/xorr.pl\/?post_type=product&#038;p=6417"},"modified":"2022-09-21T01:56:30","modified_gmt":"2022-09-20T23:56:30","slug":"smo-4k-camera-cable-pigtail","status":"publish","type":"product","link":"https:\/\/xorr.pl\/en\/product\/smo-4k-camera-cable-pigtail\/","title":{"rendered":"SMO 4K Camera Cable Pigtail"},"content":{"rendered":"<p><img decoding=\"async\" src=\"https:\/\/cdn.shopifycdn.net\/s\/files\/1\/1778\/6615\/files\/FB_03_87148cbc-e182-426f-ae8c-bd11d3447d45_1024x1024.jpg?v=1608177328\" alt=\"\" \/><\/p>\n<h2>Specification<\/h2>\n<ul>\n<li>Kolor: Czarny<\/li>\n<li>D\u0142ugo\u015b\u0107: 140mm<\/li>\n<li>Waga: 1.5g<\/li>\n<li>Pasuje do: SMO 4K camera<\/li>\n<\/ul>\n<p><img decoding=\"async\" src=\"https:\/\/cdn.shopifycdn.net\/s\/files\/1\/1778\/6615\/files\/WPS_1_f9146bf7-5d9c-46cd-96cb-08777ef8b2f9_600x600.jpg?v=1608174583\" alt=\"\" \/><\/p>\n<h2>Jak pod\u0142\u0105czy\u0107 kabel do F4 20A Toothpick FC V4<\/h2>\n<div><img decoding=\"async\" src=\"https:\/\/cdn.shopifycdn.net\/s\/files\/1\/1778\/6615\/files\/WPS_ef533be1-c782-4758-8564-6ac59e7a6646_1024x1024.jpg?v=1608367866\" alt=\"\" \/><\/div>","protected":false},"excerpt":{"rendered":"<p>Specyfikacja Kolor: Czarny D\u0142ugo\u015b\u0107: 140mm Waga: 1.5g Pasuje do: SMO 4K camera Jak pod\u0142\u0105czy\u0107 kabel do F4 20A Toothpick FC V4<\/p>","protected":false},"featured_media":6418,"template":"","meta":[],"product_cat":[22,23,39],"product_tag":[],"jetpack_sharing_enabled":true,"_links":{"self":[{"href":"https:\/\/xorr.pl\/en\/wp-json\/wp\/v2\/product\/6417"}],"collection":[{"href":"https:\/\/xorr.pl\/en\/wp-json\/wp\/v2\/product"}],"about":[{"href":"https:\/\/xorr.pl\/en\/wp-json\/wp\/v2\/types\/product"}],"wp:featuredmedia":[{"embeddable":true,"href":"https:\/\/xorr.pl\/en\/wp-json\/wp\/v2\/media\/6418"}],"wp:attachment":[{"href":"https:\/\/xorr.pl\/en\/wp-json\/wp\/v2\/media?parent=6417"}],"wp:term":[{"taxonomy":"product_cat","embeddable":true,"href":"https:\/\/xorr.pl\/en\/wp-json\/wp\/v2\/product_cat?post=6417"},{"taxonomy":"product_tag","embeddable":true,"href":"https:\/\/xorr.pl\/en\/wp-json\/wp\/v2\/product_tag?post=6417"}],"curies":[{"name":"wp","href":"https:\/\/api.w.org\/{rel}","templated":true}]}}