{"id":6429,"date":"2021-08-27T10:50:46","date_gmt":"2021-08-27T08:50:46","guid":{"rendered":"https:\/\/xorr.pl\/?post_type=product&#038;p=6429"},"modified":"2024-10-01T10:57:24","modified_gmt":"2024-10-01T08:57:24","slug":"cetus-pro-fpv-kit","status":"publish","type":"product","link":"https:\/\/xorr.pl\/en\/product\/cetus-pro-fpv-kit\/","title":{"rendered":"Cetus Pro FPV Kit"},"content":{"rendered":"<p><img decoding=\"async\" class=\"wp-image-6435 aligncenter\" src=\"https:\/\/xorr.pl\/wp-content\/uploads\/2021\/08\/FB7-300x169.jpg\" alt=\"\" width=\"910\" height=\"512\" srcset=\"https:\/\/xorr.pl\/wp-content\/uploads\/2021\/08\/FB7-300x169.jpg 300w, https:\/\/xorr.pl\/wp-content\/uploads\/2021\/08\/FB7-1024x576.jpg 1024w, https:\/\/xorr.pl\/wp-content\/uploads\/2021\/08\/FB7-768x432.jpg 768w, https:\/\/xorr.pl\/wp-content\/uploads\/2021\/08\/FB7-1536x864.jpg 1536w, https:\/\/xorr.pl\/wp-content\/uploads\/2021\/08\/FB7-600x338.jpg 600w, https:\/\/xorr.pl\/wp-content\/uploads\/2021\/08\/FB7.jpg 1600w\" sizes=\"(max-width: 910px) 100vw, 910px\" \/><\/p>\n<p>The Cetus Pro FPV Kit is finally here! It is the best ideal choice for beginners to advance currently. Comes with a Cetus Pro brushless quadcopter, LiteRadio2 SE transmitter, and VR02 FPV Goggles, it's more powerful and maneuverable for all starters as well as FPV pros to practice indoor and outdoor.<\/p>\n<p><img decoding=\"async\" class=\"aligncenter\" src=\"https:\/\/cdn.shopifycdn.net\/s\/files\/1\/1778\/6615\/files\/web_theme_1024x1024.jpg?v=1629890911\" alt=\"\" \/><\/p>\n<h2>Bullet Point<\/h2>\n<ul>\n<li>The auxiliary flight function is greatly reducing the threshold of operating. This is the lightest key to open the door to advanced FPV.<\/li>\n<li>Cetus Pro quadcopter comes with a brushless power system, it's more powerful and maneuverable in flight. Pilots can achieve more FPV freestyle actions to train.<\/li>\n<li>With the self-protection of emergency landing when out of control or in low battery, to ensure a more safe flight.<\/li>\n<li>Made of PA12 material, the frame has an excellent impact resistance in drop &amp; impact. Meanwhile, the 360\u00b0 protection of the whoop frame ensures safe flights both indoors and outdoors.<\/li>\n<li>All items needed for the flight are packed in an EVA portable storage bag. Better to protect and convenient to carry.<\/li>\n<\/ul>\n<p><img decoding=\"async\" class=\"aligncenter\" src=\"https:\/\/cdn.shopifycdn.net\/s\/files\/1\/1778\/6615\/files\/cetus_pro_near_view_600x600.jpg?v=1630032218\" alt=\"A near view of the cetus pro quad\" \/><\/p>\n<article class=\"4ever-article\" data-clipboard-cangjie=\"[&quot;root&quot;,{},[&quot;p&quot;,{&quot;spacing&quot;:{&quot;line&quot;:1.15,&quot;lineRule&quot;:&quot;auto&quot;},&quot;list&quot;:{&quot;listId&quot;:&quot;o7pzw46k1vj&quot;,&quot;level&quot;:0,&quot;isOrdered&quot;:false,&quot;isTaskList&quot;:false,&quot;isChecked&quot;:false,&quot;listStyleType&quot;:&quot;SCIR_ECIR_SREC&quot;,&quot;listStyle&quot;:{&quot;format&quot;:&quot;bullet&quot;,&quot;text&quot;:&quot;\u25cf&quot;,&quot;align&quot;:&quot;left&quot;},&quot;hideSymbol&quot;:false,&quot;extraData&quot;:{}},&quot;ind&quot;:{&quot;left&quot;:0}},[&quot;span&quot;,{&quot;data-type&quot;:&quot;text&quot;},[&quot;span&quot;,{&quot;sz&quot;:11,&quot;szUnit&quot;:&quot;pt&quot;,&quot;data-type&quot;:&quot;leaf&quot;},&quot;\u6613\u64cd\u4f5c\uff1a\u666e\u901a\u6a21\u5f0f\u9002\u5408\u65b0\u624b\u5165\u95e8\uff0c\u6709\u98de\u884c\u8f85\u52a9\u529f\u80fd&quot;]]]]\">\n<h2>Altitude Hold, Easy to Fly<\/h2>\n<p>The altitude hold function enables Auto-Hover. This quadcopter can stay at a current height when pilots' hands are off the transmitter. Barometer\/laser achieves accurate and stable positioning, which makes the quad hovering indoors very stable. The flight has never been so easy for a beginner! \n\nThe altitude hold function is only available in N mode.<\/p>\n<p><span style=\"color: #b3b3b3;\"><em><img decoding=\"async\" class=\"aligncenter\" src=\"https:\/\/cdn.shopifycdn.net\/s\/files\/1\/1778\/6615\/files\/altitude_hold_showcase_8a517797-48ba-4ae1-93f9-cc4001c13ac6_600x600.gif?v=1630045395\" alt=\"berafpv cetus pro altitude hold function showcase\" width=\"760\" height=\"380\" \/><\/em><\/span><\/p>\n<h2>Self-protection, No More Dangers<\/h2>\n<p>The quadcopter comes with an excellent self-protection function. It can make an emergency landing whenever loses control or is in low battery. It will also automatically disarm and drop on the ground once there is a strong collision with the object. Let's say goodbye to loss and crash!<\/p>\n<p><img decoding=\"async\" class=\"aligncenter\" src=\"https:\/\/cdn.shopifycdn.net\/s\/files\/1\/1778\/6615\/files\/cetus_pro_emergency_landing_4bb415cf-bb0d-4915-b3d0-f37223f249fe_600x600.jpg?v=1629965466\" alt=\"cetus pro emergency landing function showcase\" width=\"717\" height=\"405\" \/><\/p>\n<h2>Turtle Mode, No Burden to Fly Away<\/h2>\n<\/article>\n<article data-clipboard-cangjie=\"[&quot;root&quot;,{},[&quot;p&quot;,{},[&quot;span&quot;,{&quot;data-type&quot;:&quot;text&quot;},[&quot;span&quot;,{&quot;color&quot;:&quot;#000000&quot;,&quot;sz&quot;:11,&quot;szUnit&quot;:&quot;pt&quot;,&quot;szCs&quot;:{&quot;value&quot;:11},&quot;szCsUnit&quot;:{&quot;value&quot;:&quot;pt&quot;},&quot;data-type&quot;:&quot;leaf&quot;},&quot;When the quadcopter falls to the ground and is facing down, we can activate turtle mode with the remote control radio transmitter to turn it over.&quot;]]]]\">When the quadcopter falls to the ground and upside down, we can active turtle mode by LiteRadio2 SE transmitter to flip it over and resume flying. With this function, there is no need to walk away to correct the position manually.\u00a0<\/article>\n<article data-clipboard-cangjie=\"[&quot;root&quot;,{},[&quot;p&quot;,{},[&quot;span&quot;,{&quot;data-type&quot;:&quot;text&quot;},[&quot;span&quot;,{&quot;color&quot;:&quot;#000000&quot;,&quot;sz&quot;:11,&quot;szUnit&quot;:&quot;pt&quot;,&quot;szCs&quot;:{&quot;value&quot;:11},&quot;szCsUnit&quot;:{&quot;value&quot;:&quot;pt&quot;},&quot;data-type&quot;:&quot;leaf&quot;},&quot;When the quadcopter falls to the ground and is facing down, we can activate turtle mode with the remote control radio transmitter to turn it over.&quot;]]]]\"><\/article>\n<article data-clipboard-cangjie=\"[&quot;root&quot;,{},[&quot;p&quot;,{},[&quot;span&quot;,{&quot;data-type&quot;:&quot;text&quot;},[&quot;span&quot;,{&quot;color&quot;:&quot;#000000&quot;,&quot;sz&quot;:11,&quot;szUnit&quot;:&quot;pt&quot;,&quot;szCs&quot;:{&quot;value&quot;:11},&quot;szCsUnit&quot;:{&quot;value&quot;:&quot;pt&quot;},&quot;data-type&quot;:&quot;leaf&quot;},&quot;When the quadcopter falls to the ground and is facing down, we can activate turtle mode with the remote control radio transmitter to turn it over.&quot;]]]]\"><span style=\"color: #b3b3b3;\"><em>Turtle mode will not work effectively if something gets stuck in the motor\/prop. Please push down switch SD on the transmitter immediately in this situation to exit turtle mode.<\/em><\/span><\/article>\n<article data-clipboard-cangjie=\"[&quot;root&quot;,{},[&quot;p&quot;,{},[&quot;span&quot;,{&quot;data-type&quot;:&quot;text&quot;},[&quot;span&quot;,{&quot;color&quot;:&quot;#000000&quot;,&quot;sz&quot;:11,&quot;szUnit&quot;:&quot;pt&quot;,&quot;szCs&quot;:{&quot;value&quot;:11},&quot;szCsUnit&quot;:{&quot;value&quot;:&quot;pt&quot;},&quot;data-type&quot;:&quot;leaf&quot;},&quot;When the quadcopter falls to the ground and is facing down, we can activate turtle mode with the remote control radio transmitter to turn it over.&quot;]]]]\"><\/article>\n<article class=\"4ever-article\" data-clipboard-cangjie=\"[&quot;root&quot;,{},[&quot;p&quot;,{},[&quot;span&quot;,{&quot;data-type&quot;:&quot;text&quot;},[&quot;span&quot;,{&quot;color&quot;:&quot;#000000&quot;,&quot;sz&quot;:11,&quot;szUnit&quot;:&quot;pt&quot;,&quot;szCs&quot;:{&quot;value&quot;:11},&quot;szCsUnit&quot;:{&quot;value&quot;:&quot;pt&quot;},&quot;data-type&quot;:&quot;leaf&quot;},&quot;When the quadcopter falls to the ground and is facing down, we can activate turtle mode with the remote control radio transmitter to turn it over.&quot;]]]]\"><img decoding=\"async\" class=\"aligncenter\" src=\"https:\/\/cdn.shopifycdn.net\/s\/files\/1\/1778\/6615\/files\/anti-turtle_mode_showcase_600x600.gif?v=1630045214\" alt=\"betafpv cetus pro anti-turtle mode showcase\" width=\"726\" height=\"363\" \/><\/article>\n<h2>3 Flight Modes, From Zero to Hero<\/h2>\n<p>Three modes those N\/ S\/ M are available, which can satisfy the different needs of pilots and adapt to various flight environments. Whether you're a seasoned FPV pilot or a complete beginner, the Cetus Pro FPV Kit helps anyone fly confidently from day one. These 3 flight modes can be switched by one SB switch on transmitter, which is simple and convenient. Meanwhile, all modes support 3 different speeds with SLOW\/MID\/FAST, pilots can switch it by one SC switch on the transmitter.<\/p>\n<p><img decoding=\"async\" class=\"aligncenter\" src=\"https:\/\/cdn.shopifycdn.net\/s\/files\/1\/1778\/6615\/files\/three_fly_modes_600x600.jpg?v=1629892688\" alt=\"cetus pro three fly modes\" width=\"694\" height=\"391\" \/><\/p>\n<h2>Cetus Pro Brushless Quadcopter<\/h2>\n<p>Equipped Lite 1-2S Pro brushless flight controller with 12A ESC, matching with 1102 18000KV brushless motors and 40mm 3-blade props, which is absolutely more powerful and maneuverable. Turtle mode greatly makes FPV racing training smooth and convenient.<\/p>\n<p><img decoding=\"async\" class=\"aligncenter\" src=\"https:\/\/cdn.shopifycdn.net\/s\/files\/1\/1778\/6615\/files\/cetus_pro_quad_on_the_hand_600x600.jpg?v=1629964826\" alt=\"designed picture of cetus pro quad on a hand above the water\" width=\"703\" height=\"396\" \/><\/p>\n<h2>FPV Simulator Supported<\/h2>\n<p>LiteRadio2 SE radio transmitter can be used as a USB Joystick when connected to the computer. So it's available to play FPV simulators like EREADRONE. More convenient for practicing and charging at the same time. Besides, the transmitter is more ergonomic with a hobby-grade gimbal and adopted the rubber coat.<\/p>\n<div><img decoding=\"async\" class=\"aligncenter\" src=\"https:\/\/cdn.shopifycdn.net\/s\/files\/1\/1778\/6615\/files\/cetus_pro_simulation_presentation_8b45d599-6862-4bce-af70-72b677b8978a_600x600.jpg?v=1630035240\" alt=\"Playing simulator with LiteRadio2 SE Transmitter\" width=\"738\" height=\"416\" \/><\/div>\n<h2>VR02 FPV Goggles<\/h2>\n<ul>\n<li>Build in antenna<\/li>\n<li>4.3 inch 800x430px HD LCD Screen<\/li>\n<li>Quick channel auto-search<\/li>\n<li>40-channels including RaceBand<\/li>\n<li>Build in OSD<\/li>\n<\/ul>\n<p><img decoding=\"async\" class=\"aligncenter\" src=\"https:\/\/cdn.shopifycdn.net\/s\/files\/1\/1778\/6615\/files\/VR02_FPV_Goggles_presentation_600x600.jpg?v=1630035470\" alt=\"Presentation of playing FPV Goggles and radio transmitter\" \/><\/p>\n<h2>Specification<\/h2>\n<ul>\n<li>Positioning system: Optical flow\/ Barometer\/ Laser<\/li>\n<li>Accuracy of auto-hover: Horizontal \u00b10.2m, vertical \u00b10.3m (under no wind environment)<\/li>\n<li>Receiver protocol: Frsky D8<\/li>\n<li>Flight controller: Lite 1-2S Pro brushless FC<\/li>\n<li>VTX: 25mW<\/li>\n<li>Camera tilt degree: 30\u00b0<\/li>\n<li>Camera: C02 FPV Micro Camera<\/li>\n<li>Transmitter:\u00a0<a href=\"https:\/\/xorr.pl\/en\/product\/literadio-2-se-frysky-mode-2\/\">LiteRadio2 SE Transmitter<\/a><\/li>\n<li>TX mode: Mode 1 &amp; Mode 2 optional<\/li>\n<li>Goggles:\u00a0<a href=\"https:\/\/xorr.pl\/en\/product\/gogle-vr02-fpv\/\">VR02\u00a0Goggles<\/a><\/li>\n<li>Motors:<\/li>\n<li>Propeller: 40mm 3-blade 1.5mm shaft hole<\/li>\n<li>Takeoff weight: 33.19g (without battery)<\/li>\n<li>Battery: <a href=\"https:\/\/xorr.pl\/en\/product\/bateria-450mah-1s-30c-bt2-0\/\">BT2.0 450mah 1S<\/a><\/li>\n<li>Flight time: 4-5min<\/li>\n<li>Flight distance: 80m (in wide &amp; undisturbed environment)<\/li>\n<\/ul>\n<h2>Package:<\/h2>\n<ul>\n<li>1 * Cetus Pro Brushless Quadcopter<\/li>\n<li>1 * LiteRadio2 SE Transmitter (Frsky D8 Protocol)<\/li>\n<li>1 * VR02 FPV Goggles<\/li>\n<li>2 * BT2.0 450mAh 1S Lipo Battery<\/li>\n<li>1 * BT2.0 Battery Charger and Voltage Tester<\/li>\n<li>1 * USB Charging Cable (Type-C)<\/li>\n<li>1 * Type-C Adapter<\/li>\n<li>1 * Prop Removal Tool<\/li>\n<li>1 * Portable Storage Bag<\/li>\n<li>4 * 40mm 3-blade Props<\/li>\n<li>2 * User Manual<\/li>\n<\/ul>\n<p><img decoding=\"async\" class=\"aligncenter\" src=\"https:\/\/cdn.shopifycdn.net\/s\/files\/1\/1778\/6615\/files\/ccf47ad84aecd54ae7a1faec4372698e_600x600.jpg?v=1624954104\" alt=\"\" \/><\/p>","protected":false},"excerpt":{"rendered":"<p>BETAFPV Cetus Pro Kit to ulepszona wersja dobrze znanego zestawu dla pocz\u0105tkuj\u0105cych. Je\u017celi chcesz rozpocz\u0105\u0107 swoj\u0105 przygod\u0119 z dronami wy\u015bcigowymi to trafi\u0142e\u015b mo\u017cliwie najlepiej. Wersja PRO zosta\u0142a wyposa\u017cona w silniki bezszczotkowe kt\u00f3re oferuj\u0105 wi\u0119cej mocy i nie zu\u017cywaj\u0105 si\u0119 z czasem, przy czym dron mo\u017ce lata\u0107 nawet 4-5minut. W zestawie znajdziecie tak\u017ce LiteRadio2 SE, gogle [&hellip;]<\/p>","protected":false},"featured_media":6430,"template":"","meta":[],"product_cat":[22,30],"product_tag":[],"jetpack_sharing_enabled":true,"_links":{"self":[{"href":"https:\/\/xorr.pl\/en\/wp-json\/wp\/v2\/product\/6429"}],"collection":[{"href":"https:\/\/xorr.pl\/en\/wp-json\/wp\/v2\/product"}],"about":[{"href":"https:\/\/xorr.pl\/en\/wp-json\/wp\/v2\/types\/product"}],"wp:featuredmedia":[{"embeddable":true,"href":"https:\/\/xorr.pl\/en\/wp-json\/wp\/v2\/media\/6430"}],"wp:attachment":[{"href":"https:\/\/xorr.pl\/en\/wp-json\/wp\/v2\/media?parent=6429"}],"wp:term":[{"taxonomy":"product_cat","embeddable":true,"href":"https:\/\/xorr.pl\/en\/wp-json\/wp\/v2\/product_cat?post=6429"},{"taxonomy":"product_tag","embeddable":true,"href":"https:\/\/xorr.pl\/en\/wp-json\/wp\/v2\/product_tag?post=6429"}],"curies":[{"name":"wp","href":"https:\/\/api.w.org\/{rel}","templated":true}]}}