{"id":6508,"date":"2021-09-13T11:39:32","date_gmt":"2021-09-13T09:39:32","guid":{"rendered":"https:\/\/xorr.pl\/?post_type=product&#038;p=6508"},"modified":"2023-11-13T20:28:44","modified_gmt":"2023-11-13T19:28:44","slug":"6-ports-1s-battery-charger","status":"publish","type":"product","link":"https:\/\/xorr.pl\/en\/product\/6-ports-1s-battery-charger\/","title":{"rendered":"\u0141adowarka BetaFPV 6 Ports 1S [Battery Charger] (Zasilacz w opcji)"},"content":{"rendered":"<p>This new 6 ports 1S battery charger supports PH2.0 and BT2.0 at the same time. Moreover, the charging is faster when using 30W adapter. Compact, fast-charging, and portable, choosing a 1S battery charger that best suits your needs will no longer be difficult with this 6 Ports 1S charger &amp; adapter.<\/p>\n<p><img decoding=\"async\" class=\"aligncenter\" src=\"https:\/\/cdn.shopifycdn.net\/s\/files\/1\/1778\/6615\/files\/FB_b900bcda-166c-4374-b24a-720d95b95f2c_1024x1024.jpg?v=1624247112\" alt=\"\" \/><\/p>\n<h2>Bullet Point<\/h2>\n<ul>\n<li>With BT2.0\/PH2.0 two types of battery ports, the charger allows charging BT2.0 and PH2.0 battery at the same time. \nBy supporting multi-charging protocols including PD3.0\/QC3.0\/BC1.2, every port's charging current can reach 1A, which makes charging faster.<\/li>\n<li>This portable 30W Type-C power adapter offers fast, efficient charging at home, or on the go. \nThe power adapter is compatible with any USB\u2011C-enabled device, you can also pair it with other devices to take advantage of the fast-charging feature.<\/li>\n<\/ul>\n<h2>Specification<\/h2>\n<ul>\n<li>Input connector: Type-C<\/li>\n<li>Input voltage range: 5-12V<\/li>\n<li>Max input power: 30W<\/li>\n<li>Max input current: 2.5A<\/li>\n<li>Max charging current: 1A (Single-port)<\/li>\n<li>Support battery connector: BT2.0&amp;PH2.0<\/li>\n<li>Battery Type\uff1aLiHV 4.35V\/4.20V<\/li>\n<li>Dimensions\uff1a79*46*19mm<\/li>\n<\/ul>\n<p><img decoding=\"async\" class=\"aligncenter\" src=\"https:\/\/cdn.shopifycdn.net\/s\/files\/1\/1778\/6615\/files\/web_specification_addf4759-24ca-4162-9f36-0314f13d7bf2_480x480.jpg?v=1628217472\" alt=\"6 port 1s charger and adapter specification\" \/><\/p>\n<h2>Support Fast Charge<\/h2>\n<p>The 30W power adapter supports multi-charging protocols including PD3.0 \/QC3.0\/ BC1.2, equipped with 6 ports 1S battery charger with a maximum charging current of 1A, which makes charging faster. 6pcs BT2.0 300mAh 1S batteries can be fully charged in about 25 minutes.<\/p>\n<p><img decoding=\"async\" class=\"aligncenter\" src=\"https:\/\/cdn.shopifycdn.net\/s\/files\/1\/1778\/6615\/files\/7a473c4bb1402edc1114f2e24d5962a8_1024x1024.jpg?v=1624269974\" alt=\"\" \/><\/p>\n<h2 class=\"4ever-article\" data-clipboard-cangjie=\"[&quot;root&quot;,{},[&quot;h2&quot;,{&quot;spacing&quot;:{&quot;before&quot;:14.666666666666668,&quot;after&quot;:14.666666666666668,&quot;line&quot;:1.15,&quot;lineRule&quot;:&quot;auto&quot;}},[&quot;span&quot;,{&quot;data-type&quot;:&quot;text&quot;},[&quot;span&quot;,{&quot;bold&quot;:true,&quot;sz&quot;:16,&quot;szUnit&quot;:&quot;pt&quot;,&quot;data-type&quot;:&quot;leaf&quot;},&quot;Button Function&quot;]]],[&quot;p&quot;,{&quot;spacing&quot;:{&quot;line&quot;:1.15,&quot;lineRule&quot;:&quot;auto&quot;}},[&quot;span&quot;,{&quot;data-type&quot;:&quot;text&quot;},[&quot;span&quot;,{&quot;comment&quot;:{&quot;contentId&quot;:&quot;61933bd8ee175a31&quot;},&quot;data-type&quot;:&quot;leaf&quot;},&quot;The function of the button &quot;],[&quot;span&quot;,{&quot;data-type&quot;:&quot;leaf&quot;},&quot;is to switch the charge voltage: &quot;],[&quot;span&quot;,{&quot;color&quot;:&quot;#404040&quot;,&quot;data-type&quot;:&quot;leaf&quot;},&quot;4.2&quot;],[&quot;span&quot;,{&quot;data-type&quot;:&quot;leaf&quot;},&quot;V\/4.35V.&quot;]]]]\">Button\u00a0Function<\/h2>\n<p class=\"4ever-article\" data-clipboard-cangjie=\"[&quot;root&quot;,{},[&quot;h2&quot;,{&quot;spacing&quot;:{&quot;before&quot;:14.666666666666668,&quot;after&quot;:14.666666666666668,&quot;line&quot;:1.15,&quot;lineRule&quot;:&quot;auto&quot;}},[&quot;span&quot;,{&quot;data-type&quot;:&quot;text&quot;},[&quot;span&quot;,{&quot;bold&quot;:true,&quot;sz&quot;:16,&quot;szUnit&quot;:&quot;pt&quot;,&quot;data-type&quot;:&quot;leaf&quot;},&quot;Button Function&quot;]]],[&quot;p&quot;,{&quot;spacing&quot;:{&quot;line&quot;:1.15,&quot;lineRule&quot;:&quot;auto&quot;}},[&quot;span&quot;,{&quot;data-type&quot;:&quot;text&quot;},[&quot;span&quot;,{&quot;comment&quot;:{&quot;contentId&quot;:&quot;61933bd8ee175a31&quot;},&quot;data-type&quot;:&quot;leaf&quot;},&quot;The function of the button &quot;],[&quot;span&quot;,{&quot;data-type&quot;:&quot;leaf&quot;},&quot;is to switch the charge voltage: &quot;],[&quot;span&quot;,{&quot;color&quot;:&quot;#404040&quot;,&quot;data-type&quot;:&quot;leaf&quot;},&quot;4.2&quot;],[&quot;span&quot;,{&quot;data-type&quot;:&quot;leaf&quot;},&quot;V\/4.35V.&quot;]]]]\">The function of the button is to switch the charge voltage: 4.35V.<\/p>\n<p><img decoding=\"async\" src=\"https:\/\/cdn.shopifycdn.net\/s\/files\/1\/1778\/6615\/files\/6_port_1s_charger_info_600x600.jpg?v=1628161709\" alt=\"\" \/><\/p>\n<h2>Indicator Light Status<\/h2>\n<div class=\"table-wrapper\">\n<table>\n<colgroup>\n<col width=\"235\" \/>\n<col width=\"323\" \/><\/colgroup>\n<tbody>\n<tr>\n<td colspan=\"1\" rowspan=\"1\">Light status<\/td>\n<td colspan=\"1\" rowspan=\"1\">Description<\/td>\n<\/tr>\n<tr>\n<td colspan=\"1\" rowspan=\"1\">Greenlight flash<\/td>\n<td colspan=\"1\" rowspan=\"1\">No battery detected<\/td>\n<\/tr>\n<tr>\n<td colspan=\"1\" rowspan=\"1\">Greenlight on<\/td>\n<td colspan=\"1\" rowspan=\"1\">Charging<\/td>\n<\/tr>\n<tr>\n<td colspan=\"1\" rowspan=\"1\">Light-off<\/td>\n<td colspan=\"1\" rowspan=\"1\">Charging completed<\/td>\n<\/tr>\n<\/tbody>\n<\/table>\n<\/div>\n<p class=\"4ever-article\" data-clipboard-cangjie=\"[&quot;root&quot;,{},[&quot;h2&quot;,{&quot;spacing&quot;:{&quot;before&quot;:14.666666666666668,&quot;after&quot;:14.666666666666668,&quot;line&quot;:0.8529411764705882}},[&quot;span&quot;,{&quot;data-type&quot;:&quot;text&quot;},[&quot;span&quot;,{&quot;bold&quot;:true,&quot;sz&quot;:16,&quot;szUnit&quot;:&quot;pt&quot;,&quot;data-type&quot;:&quot;leaf&quot;},&quot;Indicator Light Status&quot;]]],[&quot;table&quot;,{&quot;colsWidth&quot;:[235,323]},[&quot;tr&quot;,{&quot;h&quot;:38},[&quot;tc&quot;,{&quot;colSpan&quot;:1,&quot;rowSpan&quot;:1,&quot;hidden&quot;:false},[&quot;p&quot;,{&quot;jc&quot;:&quot;center&quot;,&quot;spacing&quot;:{&quot;line&quot;:1.15,&quot;lineRule&quot;:&quot;auto&quot;}},[&quot;span&quot;,{&quot;data-type&quot;:&quot;text&quot;},[&quot;span&quot;,{&quot;sz&quot;:11,&quot;szUnit&quot;:&quot;pt&quot;,&quot;data-type&quot;:&quot;leaf&quot;},&quot;Light status&quot;]]]],[&quot;tc&quot;,{&quot;colSpan&quot;:1,&quot;rowSpan&quot;:1,&quot;hidden&quot;:false},[&quot;p&quot;,{&quot;jc&quot;:&quot;center&quot;,&quot;spacing&quot;:{&quot;line&quot;:1.15,&quot;lineRule&quot;:&quot;auto&quot;}},[&quot;span&quot;,{&quot;data-type&quot;:&quot;text&quot;},[&quot;span&quot;,{&quot;sz&quot;:11,&quot;szUnit&quot;:&quot;pt&quot;,&quot;data-type&quot;:&quot;leaf&quot;},&quot;Description&quot;]]]]],[&quot;tr&quot;,{&quot;h&quot;:58},[&quot;tc&quot;,{&quot;colSpan&quot;:1,&quot;rowSpan&quot;:1,&quot;hidden&quot;:false},[&quot;p&quot;,{&quot;jc&quot;:&quot;center&quot;,&quot;spacing&quot;:{&quot;line&quot;:1.15,&quot;lineRule&quot;:&quot;auto&quot;}},[&quot;span&quot;,{&quot;data-type&quot;:&quot;text&quot;},[&quot;span&quot;,{&quot;color&quot;:&quot;rgb(23, 26, 29)&quot;,&quot;fonts&quot;:{&quot;ascii&quot;:&quot;Microsoft YaHei&quot;,&quot;hAnsi&quot;:&quot;Microsoft YaHei&quot;,&quot;cs&quot;:&quot;Microsoft YaHei&quot;,&quot;eastAsia&quot;:&quot;Microsoft YaHei&quot;},&quot;sz&quot;:11,&quot;szUnit&quot;:&quot;pt&quot;,&quot;data-type&quot;:&quot;leaf&quot;},&quot;Green light flash&quot;]]]],[&quot;tc&quot;,{&quot;colSpan&quot;:1,&quot;rowSpan&quot;:1,&quot;hidden&quot;:false},[&quot;p&quot;,{&quot;jc&quot;:&quot;center&quot;},[&quot;span&quot;,{&quot;data-type&quot;:&quot;text&quot;},[&quot;span&quot;,{&quot;color&quot;:&quot;#FE0300&quot;,&quot;data-type&quot;:&quot;leaf&quot;},&quot;No battery detected chg&quot;]]]]],[&quot;tr&quot;,{&quot;h&quot;:38},[&quot;tc&quot;,{&quot;colSpan&quot;:1,&quot;rowSpan&quot;:1,&quot;hidden&quot;:false},[&quot;p&quot;,{&quot;jc&quot;:&quot;center&quot;,&quot;spacing&quot;:{&quot;line&quot;:1.15,&quot;lineRule&quot;:&quot;auto&quot;}},[&quot;span&quot;,{&quot;data-type&quot;:&quot;text&quot;},[&quot;span&quot;,{&quot;color&quot;:&quot;rgb(23, 26, 29)&quot;,&quot;fonts&quot;:{&quot;ascii&quot;:&quot;Microsoft YaHei&quot;,&quot;hAnsi&quot;:&quot;Microsoft YaHei&quot;,&quot;cs&quot;:&quot;Microsoft YaHei&quot;,&quot;eastAsia&quot;:&quot;Microsoft YaHei&quot;},&quot;sz&quot;:11,&quot;szUnit&quot;:&quot;pt&quot;,&quot;data-type&quot;:&quot;leaf&quot;},&quot;Green light on&quot;]]]],[&quot;tc&quot;,{&quot;colSpan&quot;:1,&quot;rowSpan&quot;:1,&quot;hidden&quot;:false},[&quot;p&quot;,{&quot;jc&quot;:&quot;center&quot;,&quot;spacing&quot;:{&quot;line&quot;:1.15,&quot;lineRule&quot;:&quot;auto&quot;}},[&quot;span&quot;,{&quot;data-type&quot;:&quot;text&quot;},[&quot;span&quot;,{&quot;sz&quot;:11,&quot;szUnit&quot;:&quot;pt&quot;,&quot;data-type&quot;:&quot;leaf&quot;},&quot;Charging&quot;]]]]],[&quot;tr&quot;,{&quot;h&quot;:38},[&quot;tc&quot;,{&quot;colSpan&quot;:1,&quot;rowSpan&quot;:1,&quot;hidden&quot;:false},[&quot;p&quot;,{&quot;jc&quot;:&quot;center&quot;,&quot;spacing&quot;:{&quot;line&quot;:1.15,&quot;lineRule&quot;:&quot;auto&quot;}},[&quot;span&quot;,{&quot;data-type&quot;:&quot;text&quot;},[&quot;span&quot;,{&quot;sz&quot;:11,&quot;szUnit&quot;:&quot;pt&quot;,&quot;data-type&quot;:&quot;leaf&quot;},&quot;Light-off&quot;]]]],[&quot;tc&quot;,{&quot;colSpan&quot;:1,&quot;rowSpan&quot;:1,&quot;hidden&quot;:false},[&quot;p&quot;,{&quot;jc&quot;:&quot;center&quot;,&quot;spacing&quot;:{&quot;line&quot;:1.15,&quot;lineRule&quot;:&quot;auto&quot;}},[&quot;span&quot;,{&quot;data-type&quot;:&quot;text&quot;},[&quot;span&quot;,{&quot;sz&quot;:11,&quot;szUnit&quot;:&quot;pt&quot;,&quot;data-type&quot;:&quot;leaf&quot;},&quot;Charging completed&quot;]]]]]],[&quot;p&quot;,{},[&quot;span&quot;,{&quot;data-type&quot;:&quot;text&quot;},[&quot;span&quot;,{&quot;color&quot;:&quot;#BFBFBF&quot;,&quot;data-type&quot;:&quot;leaf&quot;},&quot;Note: &quot;],[&quot;span&quot;,{&quot;color&quot;:&quot;#FE0300&quot;,&quot;data-type&quot;:&quot;leaf&quot;},&quot;If the indicator light is off when there is no battery in the output port, indicating that this line is faulty and cannot be used. chg&quot;]]]]\"><span style=\"color: #b3b3b3;\"><em>Note: If the indicator light is off when there is no battery in the output port, indicating that this line is faulty and cannot be used.<\/em><\/span><\/p>\n<p class=\"4ever-article\" data-clipboard-cangjie=\"[&quot;root&quot;,{},[&quot;h2&quot;,{&quot;spacing&quot;:{&quot;before&quot;:14.666666666666668,&quot;after&quot;:14.666666666666668,&quot;line&quot;:0.8529411764705882}},[&quot;span&quot;,{&quot;data-type&quot;:&quot;text&quot;},[&quot;span&quot;,{&quot;bold&quot;:true,&quot;sz&quot;:16,&quot;szUnit&quot;:&quot;pt&quot;,&quot;data-type&quot;:&quot;leaf&quot;},&quot;Indicator Light Status&quot;]]],[&quot;table&quot;,{&quot;colsWidth&quot;:[235,323]},[&quot;tr&quot;,{&quot;h&quot;:38},[&quot;tc&quot;,{&quot;colSpan&quot;:1,&quot;rowSpan&quot;:1,&quot;hidden&quot;:false},[&quot;p&quot;,{&quot;jc&quot;:&quot;center&quot;,&quot;spacing&quot;:{&quot;line&quot;:1.15,&quot;lineRule&quot;:&quot;auto&quot;}},[&quot;span&quot;,{&quot;data-type&quot;:&quot;text&quot;},[&quot;span&quot;,{&quot;sz&quot;:11,&quot;szUnit&quot;:&quot;pt&quot;,&quot;data-type&quot;:&quot;leaf&quot;},&quot;Light status&quot;]]]],[&quot;tc&quot;,{&quot;colSpan&quot;:1,&quot;rowSpan&quot;:1,&quot;hidden&quot;:false},[&quot;p&quot;,{&quot;jc&quot;:&quot;center&quot;,&quot;spacing&quot;:{&quot;line&quot;:1.15,&quot;lineRule&quot;:&quot;auto&quot;}},[&quot;span&quot;,{&quot;data-type&quot;:&quot;text&quot;},[&quot;span&quot;,{&quot;sz&quot;:11,&quot;szUnit&quot;:&quot;pt&quot;,&quot;data-type&quot;:&quot;leaf&quot;},&quot;Description&quot;]]]]],[&quot;tr&quot;,{&quot;h&quot;:58},[&quot;tc&quot;,{&quot;colSpan&quot;:1,&quot;rowSpan&quot;:1,&quot;hidden&quot;:false},[&quot;p&quot;,{&quot;jc&quot;:&quot;center&quot;,&quot;spacing&quot;:{&quot;line&quot;:1.15,&quot;lineRule&quot;:&quot;auto&quot;}},[&quot;span&quot;,{&quot;data-type&quot;:&quot;text&quot;},[&quot;span&quot;,{&quot;color&quot;:&quot;rgb(23, 26, 29)&quot;,&quot;fonts&quot;:{&quot;ascii&quot;:&quot;Microsoft YaHei&quot;,&quot;hAnsi&quot;:&quot;Microsoft YaHei&quot;,&quot;cs&quot;:&quot;Microsoft YaHei&quot;,&quot;eastAsia&quot;:&quot;Microsoft YaHei&quot;},&quot;sz&quot;:11,&quot;szUnit&quot;:&quot;pt&quot;,&quot;data-type&quot;:&quot;leaf&quot;},&quot;Green light flash&quot;]]]],[&quot;tc&quot;,{&quot;colSpan&quot;:1,&quot;rowSpan&quot;:1,&quot;hidden&quot;:false},[&quot;p&quot;,{&quot;jc&quot;:&quot;center&quot;},[&quot;span&quot;,{&quot;data-type&quot;:&quot;text&quot;},[&quot;span&quot;,{&quot;color&quot;:&quot;#FE0300&quot;,&quot;data-type&quot;:&quot;leaf&quot;},&quot;No battery detected chg&quot;]]]]],[&quot;tr&quot;,{&quot;h&quot;:38},[&quot;tc&quot;,{&quot;colSpan&quot;:1,&quot;rowSpan&quot;:1,&quot;hidden&quot;:false},[&quot;p&quot;,{&quot;jc&quot;:&quot;center&quot;,&quot;spacing&quot;:{&quot;line&quot;:1.15,&quot;lineRule&quot;:&quot;auto&quot;}},[&quot;span&quot;,{&quot;data-type&quot;:&quot;text&quot;},[&quot;span&quot;,{&quot;color&quot;:&quot;rgb(23, 26, 29)&quot;,&quot;fonts&quot;:{&quot;ascii&quot;:&quot;Microsoft YaHei&quot;,&quot;hAnsi&quot;:&quot;Microsoft YaHei&quot;,&quot;cs&quot;:&quot;Microsoft YaHei&quot;,&quot;eastAsia&quot;:&quot;Microsoft YaHei&quot;},&quot;sz&quot;:11,&quot;szUnit&quot;:&quot;pt&quot;,&quot;data-type&quot;:&quot;leaf&quot;},&quot;Green light on&quot;]]]],[&quot;tc&quot;,{&quot;colSpan&quot;:1,&quot;rowSpan&quot;:1,&quot;hidden&quot;:false},[&quot;p&quot;,{&quot;jc&quot;:&quot;center&quot;,&quot;spacing&quot;:{&quot;line&quot;:1.15,&quot;lineRule&quot;:&quot;auto&quot;}},[&quot;span&quot;,{&quot;data-type&quot;:&quot;text&quot;},[&quot;span&quot;,{&quot;sz&quot;:11,&quot;szUnit&quot;:&quot;pt&quot;,&quot;data-type&quot;:&quot;leaf&quot;},&quot;Charging&quot;]]]]],[&quot;tr&quot;,{&quot;h&quot;:38},[&quot;tc&quot;,{&quot;colSpan&quot;:1,&quot;rowSpan&quot;:1,&quot;hidden&quot;:false},[&quot;p&quot;,{&quot;jc&quot;:&quot;center&quot;,&quot;spacing&quot;:{&quot;line&quot;:1.15,&quot;lineRule&quot;:&quot;auto&quot;}},[&quot;span&quot;,{&quot;data-type&quot;:&quot;text&quot;},[&quot;span&quot;,{&quot;sz&quot;:11,&quot;szUnit&quot;:&quot;pt&quot;,&quot;data-type&quot;:&quot;leaf&quot;},&quot;Light-off&quot;]]]],[&quot;tc&quot;,{&quot;colSpan&quot;:1,&quot;rowSpan&quot;:1,&quot;hidden&quot;:false},[&quot;p&quot;,{&quot;jc&quot;:&quot;center&quot;,&quot;spacing&quot;:{&quot;line&quot;:1.15,&quot;lineRule&quot;:&quot;auto&quot;}},[&quot;span&quot;,{&quot;data-type&quot;:&quot;text&quot;},[&quot;span&quot;,{&quot;sz&quot;:11,&quot;szUnit&quot;:&quot;pt&quot;,&quot;data-type&quot;:&quot;leaf&quot;},&quot;Charging completed&quot;]]]]]],[&quot;p&quot;,{},[&quot;span&quot;,{&quot;data-type&quot;:&quot;text&quot;},[&quot;span&quot;,{&quot;color&quot;:&quot;#BFBFBF&quot;,&quot;data-type&quot;:&quot;leaf&quot;},&quot;Note: &quot;],[&quot;span&quot;,{&quot;color&quot;:&quot;#FE0300&quot;,&quot;data-type&quot;:&quot;leaf&quot;},&quot;If the indicator light is off when there is no battery in the output port, indicating that this line is faulty and cannot be used. chg&quot;]]]]\"><img decoding=\"async\" class=\"aligncenter\" src=\"https:\/\/cdn.shopifycdn.net\/s\/files\/1\/1778\/6615\/files\/1_0c25d643-13ef-47d4-8631-833c4d090d32_600x600.jpg?v=1624357443\" alt=\"\" \/><\/p>\n<h2 class=\"4ever-article\" data-clipboard-cangjie=\"[&quot;root&quot;,{},[&quot;h2&quot;,{&quot;spacing&quot;:{&quot;before&quot;:14.666666666666668,&quot;after&quot;:14.666666666666668,&quot;line&quot;:0.8529411764705882}},[&quot;span&quot;,{&quot;data-type&quot;:&quot;text&quot;},[&quot;span&quot;,{&quot;bold&quot;:true,&quot;sz&quot;:16,&quot;szUnit&quot;:&quot;pt&quot;,&quot;data-type&quot;:&quot;leaf&quot;},&quot;Indicator Light Status&quot;]]],[&quot;table&quot;,{&quot;colsWidth&quot;:[235,323]},[&quot;tr&quot;,{&quot;h&quot;:38},[&quot;tc&quot;,{&quot;colSpan&quot;:1,&quot;rowSpan&quot;:1,&quot;hidden&quot;:false},[&quot;p&quot;,{&quot;jc&quot;:&quot;center&quot;,&quot;spacing&quot;:{&quot;line&quot;:1.15,&quot;lineRule&quot;:&quot;auto&quot;}},[&quot;span&quot;,{&quot;data-type&quot;:&quot;text&quot;},[&quot;span&quot;,{&quot;sz&quot;:11,&quot;szUnit&quot;:&quot;pt&quot;,&quot;data-type&quot;:&quot;leaf&quot;},&quot;Light status&quot;]]]],[&quot;tc&quot;,{&quot;colSpan&quot;:1,&quot;rowSpan&quot;:1,&quot;hidden&quot;:false},[&quot;p&quot;,{&quot;jc&quot;:&quot;center&quot;,&quot;spacing&quot;:{&quot;line&quot;:1.15,&quot;lineRule&quot;:&quot;auto&quot;}},[&quot;span&quot;,{&quot;data-type&quot;:&quot;text&quot;},[&quot;span&quot;,{&quot;sz&quot;:11,&quot;szUnit&quot;:&quot;pt&quot;,&quot;data-type&quot;:&quot;leaf&quot;},&quot;Description&quot;]]]]],[&quot;tr&quot;,{&quot;h&quot;:58},[&quot;tc&quot;,{&quot;colSpan&quot;:1,&quot;rowSpan&quot;:1,&quot;hidden&quot;:false},[&quot;p&quot;,{&quot;jc&quot;:&quot;center&quot;,&quot;spacing&quot;:{&quot;line&quot;:1.15,&quot;lineRule&quot;:&quot;auto&quot;}},[&quot;span&quot;,{&quot;data-type&quot;:&quot;text&quot;},[&quot;span&quot;,{&quot;color&quot;:&quot;rgb(23, 26, 29)&quot;,&quot;fonts&quot;:{&quot;ascii&quot;:&quot;Microsoft YaHei&quot;,&quot;hAnsi&quot;:&quot;Microsoft YaHei&quot;,&quot;cs&quot;:&quot;Microsoft YaHei&quot;,&quot;eastAsia&quot;:&quot;Microsoft YaHei&quot;},&quot;sz&quot;:11,&quot;szUnit&quot;:&quot;pt&quot;,&quot;data-type&quot;:&quot;leaf&quot;},&quot;Green light flash&quot;]]]],[&quot;tc&quot;,{&quot;colSpan&quot;:1,&quot;rowSpan&quot;:1,&quot;hidden&quot;:false},[&quot;p&quot;,{&quot;jc&quot;:&quot;center&quot;},[&quot;span&quot;,{&quot;data-type&quot;:&quot;text&quot;},[&quot;span&quot;,{&quot;color&quot;:&quot;#FE0300&quot;,&quot;data-type&quot;:&quot;leaf&quot;},&quot;No battery detected chg&quot;]]]]],[&quot;tr&quot;,{&quot;h&quot;:38},[&quot;tc&quot;,{&quot;colSpan&quot;:1,&quot;rowSpan&quot;:1,&quot;hidden&quot;:false},[&quot;p&quot;,{&quot;jc&quot;:&quot;center&quot;,&quot;spacing&quot;:{&quot;line&quot;:1.15,&quot;lineRule&quot;:&quot;auto&quot;}},[&quot;span&quot;,{&quot;data-type&quot;:&quot;text&quot;},[&quot;span&quot;,{&quot;color&quot;:&quot;rgb(23, 26, 29)&quot;,&quot;fonts&quot;:{&quot;ascii&quot;:&quot;Microsoft YaHei&quot;,&quot;hAnsi&quot;:&quot;Microsoft YaHei&quot;,&quot;cs&quot;:&quot;Microsoft YaHei&quot;,&quot;eastAsia&quot;:&quot;Microsoft YaHei&quot;},&quot;sz&quot;:11,&quot;szUnit&quot;:&quot;pt&quot;,&quot;data-type&quot;:&quot;leaf&quot;},&quot;Green light on&quot;]]]],[&quot;tc&quot;,{&quot;colSpan&quot;:1,&quot;rowSpan&quot;:1,&quot;hidden&quot;:false},[&quot;p&quot;,{&quot;jc&quot;:&quot;center&quot;,&quot;spacing&quot;:{&quot;line&quot;:1.15,&quot;lineRule&quot;:&quot;auto&quot;}},[&quot;span&quot;,{&quot;data-type&quot;:&quot;text&quot;},[&quot;span&quot;,{&quot;sz&quot;:11,&quot;szUnit&quot;:&quot;pt&quot;,&quot;data-type&quot;:&quot;leaf&quot;},&quot;Charging&quot;]]]]],[&quot;tr&quot;,{&quot;h&quot;:38},[&quot;tc&quot;,{&quot;colSpan&quot;:1,&quot;rowSpan&quot;:1,&quot;hidden&quot;:false},[&quot;p&quot;,{&quot;jc&quot;:&quot;center&quot;,&quot;spacing&quot;:{&quot;line&quot;:1.15,&quot;lineRule&quot;:&quot;auto&quot;}},[&quot;span&quot;,{&quot;data-type&quot;:&quot;text&quot;},[&quot;span&quot;,{&quot;sz&quot;:11,&quot;szUnit&quot;:&quot;pt&quot;,&quot;data-type&quot;:&quot;leaf&quot;},&quot;Light-off&quot;]]]],[&quot;tc&quot;,{&quot;colSpan&quot;:1,&quot;rowSpan&quot;:1,&quot;hidden&quot;:false},[&quot;p&quot;,{&quot;jc&quot;:&quot;center&quot;,&quot;spacing&quot;:{&quot;line&quot;:1.15,&quot;lineRule&quot;:&quot;auto&quot;}},[&quot;span&quot;,{&quot;data-type&quot;:&quot;text&quot;},[&quot;span&quot;,{&quot;sz&quot;:11,&quot;szUnit&quot;:&quot;pt&quot;,&quot;data-type&quot;:&quot;leaf&quot;},&quot;Charging completed&quot;]]]]]],[&quot;p&quot;,{},[&quot;span&quot;,{&quot;data-type&quot;:&quot;text&quot;},[&quot;span&quot;,{&quot;color&quot;:&quot;#BFBFBF&quot;,&quot;data-type&quot;:&quot;leaf&quot;},&quot;Note: &quot;],[&quot;span&quot;,{&quot;color&quot;:&quot;#FE0300&quot;,&quot;data-type&quot;:&quot;leaf&quot;},&quot;If the indicator light is off when there is no battery in the output port, indicating that this line is faulty and cannot be used. chg&quot;]]]]\">FAQ<\/h2>\n<article class=\"4ever-article\" data-clipboard-cangjie=\"[&quot;root&quot;,{},[&quot;h2&quot;,{&quot;spacing&quot;:{&quot;before&quot;:14.666666666666668,&quot;after&quot;:14.666666666666668,&quot;line&quot;:0.8529411764705882}},[&quot;span&quot;,{&quot;data-type&quot;:&quot;text&quot;},[&quot;span&quot;,{&quot;bold&quot;:true,&quot;sz&quot;:16,&quot;szUnit&quot;:&quot;pt&quot;,&quot;data-type&quot;:&quot;leaf&quot;},&quot;Indicator Light Status&quot;]]],[&quot;table&quot;,{&quot;colsWidth&quot;:[235,323]},[&quot;tr&quot;,{&quot;h&quot;:38},[&quot;tc&quot;,{&quot;colSpan&quot;:1,&quot;rowSpan&quot;:1,&quot;hidden&quot;:false},[&quot;p&quot;,{&quot;jc&quot;:&quot;center&quot;,&quot;spacing&quot;:{&quot;line&quot;:1.15,&quot;lineRule&quot;:&quot;auto&quot;}},[&quot;span&quot;,{&quot;data-type&quot;:&quot;text&quot;},[&quot;span&quot;,{&quot;sz&quot;:11,&quot;szUnit&quot;:&quot;pt&quot;,&quot;data-type&quot;:&quot;leaf&quot;},&quot;Light status&quot;]]]],[&quot;tc&quot;,{&quot;colSpan&quot;:1,&quot;rowSpan&quot;:1,&quot;hidden&quot;:false},[&quot;p&quot;,{&quot;jc&quot;:&quot;center&quot;,&quot;spacing&quot;:{&quot;line&quot;:1.15,&quot;lineRule&quot;:&quot;auto&quot;}},[&quot;span&quot;,{&quot;data-type&quot;:&quot;text&quot;},[&quot;span&quot;,{&quot;sz&quot;:11,&quot;szUnit&quot;:&quot;pt&quot;,&quot;data-type&quot;:&quot;leaf&quot;},&quot;Description&quot;]]]]],[&quot;tr&quot;,{&quot;h&quot;:58},[&quot;tc&quot;,{&quot;colSpan&quot;:1,&quot;rowSpan&quot;:1,&quot;hidden&quot;:false},[&quot;p&quot;,{&quot;jc&quot;:&quot;center&quot;,&quot;spacing&quot;:{&quot;line&quot;:1.15,&quot;lineRule&quot;:&quot;auto&quot;}},[&quot;span&quot;,{&quot;data-type&quot;:&quot;text&quot;},[&quot;span&quot;,{&quot;color&quot;:&quot;rgb(23, 26, 29)&quot;,&quot;fonts&quot;:{&quot;ascii&quot;:&quot;Microsoft YaHei&quot;,&quot;hAnsi&quot;:&quot;Microsoft YaHei&quot;,&quot;cs&quot;:&quot;Microsoft YaHei&quot;,&quot;eastAsia&quot;:&quot;Microsoft YaHei&quot;},&quot;sz&quot;:11,&quot;szUnit&quot;:&quot;pt&quot;,&quot;data-type&quot;:&quot;leaf&quot;},&quot;Green light flash&quot;]]]],[&quot;tc&quot;,{&quot;colSpan&quot;:1,&quot;rowSpan&quot;:1,&quot;hidden&quot;:false},[&quot;p&quot;,{&quot;jc&quot;:&quot;center&quot;},[&quot;span&quot;,{&quot;data-type&quot;:&quot;text&quot;},[&quot;span&quot;,{&quot;color&quot;:&quot;#FE0300&quot;,&quot;data-type&quot;:&quot;leaf&quot;},&quot;No battery detected chg&quot;]]]]],[&quot;tr&quot;,{&quot;h&quot;:38},[&quot;tc&quot;,{&quot;colSpan&quot;:1,&quot;rowSpan&quot;:1,&quot;hidden&quot;:false},[&quot;p&quot;,{&quot;jc&quot;:&quot;center&quot;,&quot;spacing&quot;:{&quot;line&quot;:1.15,&quot;lineRule&quot;:&quot;auto&quot;}},[&quot;span&quot;,{&quot;data-type&quot;:&quot;text&quot;},[&quot;span&quot;,{&quot;color&quot;:&quot;rgb(23, 26, 29)&quot;,&quot;fonts&quot;:{&quot;ascii&quot;:&quot;Microsoft YaHei&quot;,&quot;hAnsi&quot;:&quot;Microsoft YaHei&quot;,&quot;cs&quot;:&quot;Microsoft YaHei&quot;,&quot;eastAsia&quot;:&quot;Microsoft YaHei&quot;},&quot;sz&quot;:11,&quot;szUnit&quot;:&quot;pt&quot;,&quot;data-type&quot;:&quot;leaf&quot;},&quot;Green light on&quot;]]]],[&quot;tc&quot;,{&quot;colSpan&quot;:1,&quot;rowSpan&quot;:1,&quot;hidden&quot;:false},[&quot;p&quot;,{&quot;jc&quot;:&quot;center&quot;,&quot;spacing&quot;:{&quot;line&quot;:1.15,&quot;lineRule&quot;:&quot;auto&quot;}},[&quot;span&quot;,{&quot;data-type&quot;:&quot;text&quot;},[&quot;span&quot;,{&quot;sz&quot;:11,&quot;szUnit&quot;:&quot;pt&quot;,&quot;data-type&quot;:&quot;leaf&quot;},&quot;Charging&quot;]]]]],[&quot;tr&quot;,{&quot;h&quot;:38},[&quot;tc&quot;,{&quot;colSpan&quot;:1,&quot;rowSpan&quot;:1,&quot;hidden&quot;:false},[&quot;p&quot;,{&quot;jc&quot;:&quot;center&quot;,&quot;spacing&quot;:{&quot;line&quot;:1.15,&quot;lineRule&quot;:&quot;auto&quot;}},[&quot;span&quot;,{&quot;data-type&quot;:&quot;text&quot;},[&quot;span&quot;,{&quot;sz&quot;:11,&quot;szUnit&quot;:&quot;pt&quot;,&quot;data-type&quot;:&quot;leaf&quot;},&quot;Light-off&quot;]]]],[&quot;tc&quot;,{&quot;colSpan&quot;:1,&quot;rowSpan&quot;:1,&quot;hidden&quot;:false},[&quot;p&quot;,{&quot;jc&quot;:&quot;center&quot;,&quot;spacing&quot;:{&quot;line&quot;:1.15,&quot;lineRule&quot;:&quot;auto&quot;}},[&quot;span&quot;,{&quot;data-type&quot;:&quot;text&quot;},[&quot;span&quot;,{&quot;sz&quot;:11,&quot;szUnit&quot;:&quot;pt&quot;,&quot;data-type&quot;:&quot;leaf&quot;},&quot;Charging completed&quot;]]]]]],[&quot;p&quot;,{},[&quot;span&quot;,{&quot;data-type&quot;:&quot;text&quot;},[&quot;span&quot;,{&quot;color&quot;:&quot;#BFBFBF&quot;,&quot;data-type&quot;:&quot;leaf&quot;},&quot;Note: &quot;],[&quot;span&quot;,{&quot;color&quot;:&quot;#FE0300&quot;,&quot;data-type&quot;:&quot;leaf&quot;},&quot;If the indicator light is off when there is no battery in the output port, indicating that this line is faulty and cannot be used. chg&quot;]]]]\">Each port has a Ph2.0 &amp; BT2.0 connector,  please DO NOT charge 2 batteries in one port at the same time. Otherwise, the battery life will be reduced or the battery will be damaged.\u00a0<\/article>\n<h2>Package:<\/h2>\n<ul>\n<li>1 * 6 Ports 1S Battery Charger<\/li>\n<li>1 * User manual<\/li>\n<\/ul>\n<p><img decoding=\"async\" class=\"aligncenter\" src=\"https:\/\/cdn.shopify.com\/s\/files\/1\/1778\/6615\/files\/US_600x600.jpg?v=1624360384\" alt=\"\" \/><\/p>","protected":false},"excerpt":{"rendered":"<p>Oto nowa 6-portowa \u0142adowarka do akumulator\u00f3w 1S, kt\u00f3r\u0105 na\u0142adujesz zar\u00f3wno akumulatory ze z\u0142\u0105czem BT2.0 jak i te z PH2.0. G\u0142\u00f3wne cechy Dzi\u0119ki zxastosowaniu port\u00f3w BT2.0 oraz PH2.0, mo\u017cesz \u0142adowa\u0107 zar\u00f3wno swoje nowe pakiety BT2.0 jak i te starsze PH2.0 Dzi\u0119ki zastosowaniu protoko\u0142\u00f3w takich jak PD3.0\/QC3.0\/BC1.2, ka\u017cdy port \u0142aduje sw\u00f3j akumulator oddzielnie, nawet pr\u0105dem 1A. Specyfikacja: [&hellip;]<\/p>","protected":false},"featured_media":6739,"template":"","meta":[],"product_cat":[22,23,42],"product_tag":[],"jetpack_sharing_enabled":true,"_links":{"self":[{"href":"https:\/\/xorr.pl\/en\/wp-json\/wp\/v2\/product\/6508"}],"collection":[{"href":"https:\/\/xorr.pl\/en\/wp-json\/wp\/v2\/product"}],"about":[{"href":"https:\/\/xorr.pl\/en\/wp-json\/wp\/v2\/types\/product"}],"wp:featuredmedia":[{"embeddable":true,"href":"https:\/\/xorr.pl\/en\/wp-json\/wp\/v2\/media\/6739"}],"wp:attachment":[{"href":"https:\/\/xorr.pl\/en\/wp-json\/wp\/v2\/media?parent=6508"}],"wp:term":[{"taxonomy":"product_cat","embeddable":true,"href":"https:\/\/xorr.pl\/en\/wp-json\/wp\/v2\/product_cat?post=6508"},{"taxonomy":"product_tag","embeddable":true,"href":"https:\/\/xorr.pl\/en\/wp-json\/wp\/v2\/product_tag?post=6508"}],"curies":[{"name":"wp","href":"https:\/\/api.w.org\/{rel}","templated":true}]}}