{"id":6620,"date":"2021-10-06T16:41:43","date_gmt":"2021-10-06T14:41:43","guid":{"rendered":"https:\/\/xorr.pl\/?post_type=product&#038;p=6620"},"modified":"2021-12-30T17:58:36","modified_gmt":"2021-12-30T16:58:36","slug":"ladowarka-pd60-isdturuav","status":"publish","type":"product","link":"https:\/\/xorr.pl\/en\/product\/ladowarka-pd60-isdturuav\/","title":{"rendered":"\u0141adowarka PD60 ISDT&#038;URUAV"},"content":{"rendered":"<p><img decoding=\"async\" src=\"https:\/\/imgaz.staticbg.com\/images\/oaupload\/banggood\/images\/49\/EE\/03356e59-af39-48df-a591-4759323636dd.jpg.webp\" \/><\/p>","protected":false},"excerpt":{"rendered":"<p>USDT P60 to ma\u0142a \u0142adowarka przeznaczona do podr\u00f3\u017cy, ju\u017c nie potrzebujesz du\u017cego i ci\u0119\u017ckiego zasilacza, wystarczy USB-C! Je\u017celi posiadasz mocniejszy zasilacza\u00a0 USB-C kt\u00f3ry ma nawet 20V, ta \u0142adowarka bezproblemowo sobie poradzi z nim (zasilanie nawet 4S). Na\u0142adujesz ni\u0105 nawet akumulatory 4S. \u0141adowarka ta obs\u0142uguje pakiety takie jak LiPo, LiFe, LiHv oraz NiMH.<\/p>\n<div>\n<div class=\"penci-custom-html-inside-content\"><\/div>\n<\/div>","protected":false},"featured_media":6621,"template":"","meta":[],"product_cat":[23,42],"product_tag":[],"jetpack_sharing_enabled":true,"_links":{"self":[{"href":"https:\/\/xorr.pl\/en\/wp-json\/wp\/v2\/product\/6620"}],"collection":[{"href":"https:\/\/xorr.pl\/en\/wp-json\/wp\/v2\/product"}],"about":[{"href":"https:\/\/xorr.pl\/en\/wp-json\/wp\/v2\/types\/product"}],"wp:featuredmedia":[{"embeddable":true,"href":"https:\/\/xorr.pl\/en\/wp-json\/wp\/v2\/media\/6621"}],"wp:attachment":[{"href":"https:\/\/xorr.pl\/en\/wp-json\/wp\/v2\/media?parent=6620"}],"wp:term":[{"taxonomy":"product_cat","embeddable":true,"href":"https:\/\/xorr.pl\/en\/wp-json\/wp\/v2\/product_cat?post=6620"},{"taxonomy":"product_tag","embeddable":true,"href":"https:\/\/xorr.pl\/en\/wp-json\/wp\/v2\/product_tag?post=6620"}],"curies":[{"name":"wp","href":"https:\/\/api.w.org\/{rel}","templated":true}]}}