{"id":6626,"date":"2021-10-06T23:12:16","date_gmt":"2021-10-06T21:12:16","guid":{"rendered":"https:\/\/xorr.pl\/?post_type=product&#038;p=6626"},"modified":"2023-09-26T14:30:09","modified_gmt":"2023-09-26T12:30:09","slug":"m03-25-350mw-5-8g-vtx","status":"publish","type":"product","link":"https:\/\/xorr.pl\/en\/product\/m03-25-350mw-5-8g-vtx\/","title":{"rendered":"M03 25-350mW 5.8G VTX"},"content":{"rendered":"<h3><img decoding=\"async\" src=\"https:\/\/cdn.shopifycdn.net\/s\/files\/1\/1778\/6615\/files\/FB5_e52c182c-0767-49bf-86de-9f8ed8156eb9_1024x1024.jpg?v=1634394140\" \/><\/h3>\n<h3>Specification<\/h3>\n<ul>\n<li>Moc: 25\/100\/200\/350mW<\/li>\n<li>Napi\u0119cie: 4.5-5.5V<\/li>\n<li>Waga bez anteny: 1.1g<\/li>\n<li>Rozmiar: 18X14mm<\/li>\n<li>Cz\u0119stotliwo\u015b\u0107: 5.8GHz 48 kana\u0142\u00f3w<\/li>\n<\/ul>\n<h3>Diagram of LiteRadio 2 SE<\/h3>\n<p><img decoding=\"async\" src=\"https:\/\/cdn.shopifycdn.net\/s\/files\/1\/1778\/6615\/files\/016fbc6cbba9ce963104067123a73a08_f5ed9298-4318-4129-a4e5-703ead09530b_600x600.jpg?v=1634784284\" \/><\/p>\n<p><img decoding=\"async\" src=\"https:\/\/cdn.shopifycdn.net\/s\/files\/1\/1778\/6615\/files\/1_8ab3ac8f-582c-4fe2-899c-5b1793a15e5e_600x600.jpg?v=1634392151\" \/><\/p>\n<p><img decoding=\"async\" src=\"https:\/\/cdn.shopifycdn.net\/s\/files\/1\/1778\/6615\/files\/1_5d9decb3-fd5d-4a81-8b72-2adcf15f0664_600x600.jpg?v=1634558660\" \/><\/p>\n<h3>Konfiguracja<\/h3>\n<p>Zmiana mocy nadajnika mo\u017cliwa jest poprzez przycisk a tak\u017ce z poziomu OSD.<\/p>\n<p><img decoding=\"async\" src=\"https:\/\/cdn.shopifycdn.net\/s\/files\/1\/1778\/6615\/files\/e1d7702678f8b0ac5c9dc8bfde41c823_600x600.jpg?v=1634784688\" \/><\/p>\n<p><img decoding=\"async\" src=\"https:\/\/cdn.shopifycdn.net\/s\/files\/1\/1778\/6615\/files\/8139fc141c2dcf1c342d068819b2a9d6_600x600.jpg?v=1634784803\" \/><\/p>\n<h3>Package:<\/h3>\n<ul>\n<li>1 * BETAFPV M03 5.8G VTX wraz z anten\u0105 liniow\u0105<\/li>\n<li>5 * kable silikonowe 30AWG o d\u0142. 30mm<\/li>\n<\/ul>","protected":false},"excerpt":{"rendered":"<p>Specyfikacja Moc: 25\/100\/200\/350mW Napi\u0119cie: 4.5-5.5V Waga bez anteny: 1.1g Rozmiar: 18X14mm Cz\u0119stotliwo\u015b\u0107: 5.8GHz 48 kana\u0142\u00f3w Diagram Konfiguracja Zmiana mocy nadajnika mo\u017cliwa jest poprzez przycisk a tak\u017ce z poziomu OSD. W zestawie: 1 * BETAFPV M03 5.8G VTX wraz z anten\u0105 liniow\u0105 5 * kable silikonowe 30AWG o d\u0142. 30mm<\/p>","protected":false},"featured_media":6720,"template":"","meta":[],"product_cat":[22,32,33],"product_tag":[],"jetpack_sharing_enabled":true,"_links":{"self":[{"href":"https:\/\/xorr.pl\/en\/wp-json\/wp\/v2\/product\/6626"}],"collection":[{"href":"https:\/\/xorr.pl\/en\/wp-json\/wp\/v2\/product"}],"about":[{"href":"https:\/\/xorr.pl\/en\/wp-json\/wp\/v2\/types\/product"}],"wp:featuredmedia":[{"embeddable":true,"href":"https:\/\/xorr.pl\/en\/wp-json\/wp\/v2\/media\/6720"}],"wp:attachment":[{"href":"https:\/\/xorr.pl\/en\/wp-json\/wp\/v2\/media?parent=6626"}],"wp:term":[{"taxonomy":"product_cat","embeddable":true,"href":"https:\/\/xorr.pl\/en\/wp-json\/wp\/v2\/product_cat?post=6626"},{"taxonomy":"product_tag","embeddable":true,"href":"https:\/\/xorr.pl\/en\/wp-json\/wp\/v2\/product_tag?post=6626"}],"curies":[{"name":"wp","href":"https:\/\/api.w.org\/{rel}","templated":true}]}}