{"id":6627,"date":"2021-10-06T23:52:46","date_gmt":"2021-10-06T21:52:46","guid":{"rendered":"https:\/\/xorr.pl\/?post_type=product&#038;p=6627"},"modified":"2022-01-12T14:32:59","modified_gmt":"2022-01-12T13:32:59","slug":"modul-expresslrs-es24tx-lite-do-radia-t-lite","status":"publish","type":"product","link":"https:\/\/xorr.pl\/en\/product\/modul-expresslrs-es24tx-lite-do-radia-t-lite\/","title":{"rendered":"Modu\u0142 ExpressLRS ES24TX-Lite do radia T-Lite"},"content":{"rendered":"<p><b>Specification<\/b><\/p>\n<p>Regulatory Domain: ISM2400<\/p>\n<p>MCU:ESP32(main),ESP8285(aux,as espbackpack)<\/p>\n<p>RF chip: SX1280IMLTRT<\/p>\n<p>JR standard 5pin z\u0142\u0105cze<\/p>\n<p>Cz\u0119stotliwo\u015b\u0107 nadawania: 2400 MHz to 2500 MHz<\/p>\n<p>Najwi\u0119ksze taktowanie: 500Hz<\/p>\n<p>Minimalnie taktowanie: 25Hz<\/p>\n<p>RF Moc nadawcza: 10dBm~24dBm<\/p>\n<p>Napi\u0119cie zasilania: 3v~4.5v<\/p>\n<p>Waga: 7.5gram<\/p>\n<p>Wymiary: 57mm*27mm*12mm(Bez obudowy)<\/p>\n<p>Antenna gain:1.87dBi<\/p>\n<p><b>Package:<\/b><\/p>\n<p>1 x ES24TX-Lite<\/p>\n<p>1 x T-Lite EXTCONV Modu\u0142 zasilaj\u0105cy<\/p>\n<p>1 x 24TX80 Antena<\/p>\n<p>1 x CNC\u00a0 Aluminiowa obudowa<\/p>\n<p>1 x Adapter anteny<\/p>\n<p>1 x Zestaw z\u0142\u0105czek<\/p>\n<p>&nbsp;<\/p>\n<div id=\"imgBox\">\n<p><img decoding=\"async\" class=\"bg_lazy\" title=\"Happymodel ES24TX-Lite ExpressLRS ELRS 2.4GHz Long Range Low Latency High Re-flashed Micro TX Module for Jumper T-Lite Radios Transmitter\" src=\"https:\/\/imgaz.staticbg.com\/images\/oaupload\/banggood\/images\/89\/82\/06f3a45a-4417-4025-910b-5b59a1432037.jpg.webp\" data-original=\"https:\/\/imgaz.staticbg.com\/images\/oaupload\/banggood\/images\/89\/82\/06f3a45a-4417-4025-910b-5b59a1432037.jpg\" \/><\/p>\n<p><img decoding=\"async\" class=\"bg_lazy\" title=\"Happymodel ES24TX-Lite ExpressLRS ELRS 2.4GHz Long Range Low Latency High Re-flashed Micro TX Module for Jumper T-Lite Radios Transmitter\" src=\"https:\/\/imgaz.staticbg.com\/images\/oaupload\/banggood\/images\/F7\/62\/bdfa9f2d-dff1-4118-a8df-2a5edee8a04b.jpg.webp\" data-original=\"https:\/\/imgaz.staticbg.com\/images\/oaupload\/banggood\/images\/F7\/62\/bdfa9f2d-dff1-4118-a8df-2a5edee8a04b.jpg\" \/><\/p>\n<p><img decoding=\"async\" class=\"bg_lazy\" title=\"Happymodel ES24TX-Lite ExpressLRS ELRS 2.4GHz Long Range Low Latency High Re-flashed Micro TX Module for Jumper T-Lite Radios Transmitter\" src=\"https:\/\/imgaz.staticbg.com\/images\/oaupload\/banggood\/images\/2A\/B9\/83700089-c4ba-4ec7-a21d-21f9142e8975.jpg.webp\" data-original=\"https:\/\/imgaz.staticbg.com\/images\/oaupload\/banggood\/images\/2A\/B9\/83700089-c4ba-4ec7-a21d-21f9142e8975.jpg\" \/><\/p>\n<p><img decoding=\"async\" class=\"bg_lazy\" title=\"Happymodel ES24TX-Lite ExpressLRS ELRS 2.4GHz Long Range Low Latency High Re-flashed Micro TX Module for Jumper T-Lite Radios Transmitter\" src=\"https:\/\/imgaz.staticbg.com\/images\/oaupload\/banggood\/images\/A8\/04\/79359f84-80cb-47ce-9dc9-e794678b0ea0.jpg.webp\" data-original=\"https:\/\/imgaz.staticbg.com\/images\/oaupload\/banggood\/images\/A8\/04\/79359f84-80cb-47ce-9dc9-e794678b0ea0.jpg\" \/><\/p>\n<p><img decoding=\"async\" class=\"bg_lazy\" title=\"Happymodel ES24TX-Lite ExpressLRS ELRS 2.4GHz Long Range Low Latency High Re-flashed Micro TX Module for Jumper T-Lite Radios Transmitter\" src=\"https:\/\/imgaz.staticbg.com\/images\/oaupload\/banggood\/images\/7F\/3E\/1c8d91dd-7fc9-4285-b5e1-2aba884dbbe6.jpg.webp\" data-original=\"https:\/\/imgaz.staticbg.com\/images\/oaupload\/banggood\/images\/7F\/3E\/1c8d91dd-7fc9-4285-b5e1-2aba884dbbe6.jpg\" \/><\/p>\n<p><img decoding=\"async\" class=\"bg_lazy\" title=\"Happymodel ES24TX-Lite ExpressLRS ELRS 2.4GHz Long Range Low Latency High Re-flashed Micro TX Module for Jumper T-Lite Radios Transmitter\" src=\"https:\/\/imgaz.staticbg.com\/images\/oaupload\/banggood\/images\/B4\/DD\/bd702474-72ff-4b11-99eb-b15b9c77f277.jpg.webp\" data-original=\"https:\/\/imgaz.staticbg.com\/images\/oaupload\/banggood\/images\/B4\/DD\/bd702474-72ff-4b11-99eb-b15b9c77f277.jpg\" \/><\/p>\n<p><img decoding=\"async\" class=\"bg_lazy\" title=\"Happymodel ES24TX-Lite ExpressLRS ELRS 2.4GHz Long Range Low Latency High Re-flashed Micro TX Module for Jumper T-Lite Radios Transmitter\" src=\"https:\/\/imgaz.staticbg.com\/images\/oaupload\/banggood\/images\/4E\/AF\/94841f46-bbcd-40f7-93b8-b75841a913f8.jpg.webp\" data-original=\"https:\/\/imgaz.staticbg.com\/images\/oaupload\/banggood\/images\/4E\/AF\/94841f46-bbcd-40f7-93b8-b75841a913f8.jpg\" \/><\/p>\n<p><img decoding=\"async\" class=\"bg_lazy\" title=\"Happymodel ES24TX-Lite ExpressLRS ELRS 2.4GHz Long Range Low Latency High Re-flashed Micro TX Module for Jumper T-Lite Radios Transmitter\" src=\"https:\/\/imgaz.staticbg.com\/images\/oaupload\/banggood\/images\/48\/0C\/e133e341-769e-4933-89b5-465f7c6d397d.jpg.webp\" data-original=\"https:\/\/imgaz.staticbg.com\/images\/oaupload\/banggood\/images\/48\/0C\/e133e341-769e-4933-89b5-465f7c6d397d.jpg\" \/><\/p>\n<p><img decoding=\"async\" class=\"bg_lazy\" title=\"Happymodel ES24TX-Lite ExpressLRS ELRS 2.4GHz Long Range Low Latency High Re-flashed Micro TX Module for Jumper T-Lite Radios Transmitter\" src=\"https:\/\/imgaz.staticbg.com\/images\/oaupload\/banggood\/images\/A2\/91\/ab64c858-67ac-499d-8bf0-408b9dc6e836.jpg.webp\" data-original=\"https:\/\/imgaz.staticbg.com\/images\/oaupload\/banggood\/images\/A2\/91\/ab64c858-67ac-499d-8bf0-408b9dc6e836.jpg\" \/><\/p>\n<p><img decoding=\"async\" class=\"bg_lazy\" title=\"Happymodel ES24TX-Lite ExpressLRS ELRS 2.4GHz Long Range Low Latency High Re-flashed Micro TX Module for Jumper T-Lite Radios Transmitter\" src=\"https:\/\/imgaz.staticbg.com\/images\/oaupload\/banggood\/images\/AC\/2F\/3608d9fd-567b-4738-9492-961f272c0f36.jpg.webp\" data-original=\"https:\/\/imgaz.staticbg.com\/images\/oaupload\/banggood\/images\/AC\/2F\/3608d9fd-567b-4738-9492-961f272c0f36.jpg\" \/><\/p>\n<p><img decoding=\"async\" class=\"bg_lazy\" title=\"Happymodel ES24TX-Lite ExpressLRS ELRS 2.4GHz Long Range Low Latency High Re-flashed Micro TX Module for Jumper T-Lite Radios Transmitter\" src=\"https:\/\/imgaz.staticbg.com\/images\/oaupload\/banggood\/images\/13\/D8\/29f2416e-6dd9-41f3-aef7-2ff7754079a1.jpg.webp\" data-original=\"https:\/\/imgaz.staticbg.com\/images\/oaupload\/banggood\/images\/13\/D8\/29f2416e-6dd9-41f3-aef7-2ff7754079a1.jpg\" \/><\/p>\n<p><img decoding=\"async\" class=\"bg_lazy\" title=\"Happymodel ES24TX-Lite ExpressLRS ELRS 2.4GHz Long Range Low Latency High Re-flashed Micro TX Module for Jumper T-Lite Radios Transmitter\" src=\"https:\/\/imgaz.staticbg.com\/images\/oaupload\/banggood\/images\/B8\/14\/d3764d87-3e74-4a68-8cea-617781a2a33d.jpg.webp\" data-original=\"https:\/\/imgaz.staticbg.com\/images\/oaupload\/banggood\/images\/B8\/14\/d3764d87-3e74-4a68-8cea-617781a2a33d.jpg\" \/><\/p>\n<p><img decoding=\"async\" class=\"bg_lazy\" title=\"Happymodel ES24TX-Lite ExpressLRS ELRS 2.4GHz Long Range Low Latency High Re-flashed Micro TX Module for Jumper T-Lite Radios Transmitter\" src=\"https:\/\/imgaz.staticbg.com\/images\/oaupload\/banggood\/images\/8B\/DB\/08274313-0b92-4200-b742-ca661152183f.jpg.webp\" data-original=\"https:\/\/imgaz.staticbg.com\/images\/oaupload\/banggood\/images\/8B\/DB\/08274313-0b92-4200-b742-ca661152183f.jpg\" \/><\/p>\n<p><img decoding=\"async\" class=\"bg_lazy\" title=\"Happymodel ES24TX-Lite ExpressLRS ELRS 2.4GHz Long Range Low Latency High Re-flashed Micro TX Module for Jumper T-Lite Radios Transmitter\" src=\"https:\/\/imgaz.staticbg.com\/images\/oaupload\/banggood\/images\/5F\/48\/12d1bf3a-a518-45ec-aa2a-c1c8581ba89f.jpg.webp\" data-original=\"https:\/\/imgaz.staticbg.com\/images\/oaupload\/banggood\/images\/5F\/48\/12d1bf3a-a518-45ec-aa2a-c1c8581ba89f.jpg\" \/><\/p>\n<\/div>","protected":false},"excerpt":{"rendered":"<p>ES 24TX-Lite to modu\u0142 kt\u00f3ry pozwala korzysta\u0107 z protoko\u0142u ExpressLRS w radiu Jumper T-Lite. W zestawie otrzymujesz przej\u015bci\u00f3wki, dzi\u0119ki czemu nie musisz niczego lutowa\u0107. Elektronika zosta\u0142a umieszczona w metalowej obudowie kt\u00f3ra spe\u0142nia r\u00f3wnie\u017c funkcj\u0119 radiatora. W ostatnim czasie protok\u00f3\u0142 ExpressLRS jest uznawany za najlepszy system na rynku, i konkuruje z klasykami takimi jak TBS Crossfire.<\/p>","protected":false},"featured_media":6628,"template":"","meta":[],"product_cat":[32,41],"product_tag":[],"jetpack_sharing_enabled":true,"_links":{"self":[{"href":"https:\/\/xorr.pl\/en\/wp-json\/wp\/v2\/product\/6627"}],"collection":[{"href":"https:\/\/xorr.pl\/en\/wp-json\/wp\/v2\/product"}],"about":[{"href":"https:\/\/xorr.pl\/en\/wp-json\/wp\/v2\/types\/product"}],"wp:featuredmedia":[{"embeddable":true,"href":"https:\/\/xorr.pl\/en\/wp-json\/wp\/v2\/media\/6628"}],"wp:attachment":[{"href":"https:\/\/xorr.pl\/en\/wp-json\/wp\/v2\/media?parent=6627"}],"wp:term":[{"taxonomy":"product_cat","embeddable":true,"href":"https:\/\/xorr.pl\/en\/wp-json\/wp\/v2\/product_cat?post=6627"},{"taxonomy":"product_tag","embeddable":true,"href":"https:\/\/xorr.pl\/en\/wp-json\/wp\/v2\/product_tag?post=6627"}],"curies":[{"name":"wp","href":"https:\/\/api.w.org\/{rel}","templated":true}]}}