{"id":6631,"date":"2021-10-07T00:10:47","date_gmt":"2021-10-06T22:10:47","guid":{"rendered":"https:\/\/xorr.pl\/?post_type=product&#038;p=6631"},"modified":"2024-07-05T09:10:03","modified_gmt":"2024-07-05T07:10:03","slug":"2w1-uruav-dc-6s-5-12v-lipo-ladowarka-usb-rozladowywarka","status":"publish","type":"product","link":"https:\/\/xorr.pl\/en\/product\/2w1-uruav-dc-6s-5-12v-lipo-ladowarka-usb-rozladowywarka\/","title":{"rendered":"2w1 URUAV DC-6S 5-12V Lipo \u0141adowarka USB &#8211; roz\u0142adowywarka"},"content":{"rendered":"<h3>Parametry \u0142\u0105dowania:<\/h3>\n<div><\/div>\n<div>Napi\u0119cie zasilajace: 11.4-25.2V(3-6S)<\/div>\n<div>Nat\u0119\u017cenie wyj\u015bciowe: 5V@3A,9V@2.5A,12V@2A<\/div>\n<div><\/div>\n<div>Parametry roz\u0142adowania:<\/div>\n<div><\/div>\n<div>Ilo\u015b\u0107 celi akumulatora: 1-6S<\/div>\n<div>Nat\u0119\u017cenie roz\u0142\u0105dowywania: 50mA<\/div>\n<div>Z\u0142\u0105cze: XT60,XT30,PH2.0<\/div>\n<div>Idykator: LED<\/div>\n<div>Czas roz\u0142adowania: 4S 1500mAh\u00a0 Czas:9-10 Godzin<\/div>\n<div>\u00a0 \u00a0 \u00a0 \u00a0 \u00a0 \u00a0 \u00a0 \u00a0 \u00a0 \u00a0 \u00a0 \u00a0 \u00a0 \u00a0 \u00a0 \u00a05S 2000mAh\u00a0 Czas:13-14 Godzin<\/div>","protected":false},"excerpt":{"rendered":"<p>2in1 URUAV DC-6S 5-12V \u0141adowarka \/ Roz\u0142adowarka to por\u0119czne urz\u0105dzenie, kt\u00f3re idealnie nada si\u0119 na wyjazdy na, kt\u00f3rych b\u0119dziesz musia\u0142 roz\u0142adowa\u0107 pakiety aby nie zosta\u0142y niebezpiecznie na\u0142adowane.<\/p>","protected":false},"featured_media":6637,"template":"","meta":[],"product_cat":[23,42],"product_tag":[],"jetpack_sharing_enabled":true,"_links":{"self":[{"href":"https:\/\/xorr.pl\/en\/wp-json\/wp\/v2\/product\/6631"}],"collection":[{"href":"https:\/\/xorr.pl\/en\/wp-json\/wp\/v2\/product"}],"about":[{"href":"https:\/\/xorr.pl\/en\/wp-json\/wp\/v2\/types\/product"}],"wp:featuredmedia":[{"embeddable":true,"href":"https:\/\/xorr.pl\/en\/wp-json\/wp\/v2\/media\/6637"}],"wp:attachment":[{"href":"https:\/\/xorr.pl\/en\/wp-json\/wp\/v2\/media?parent=6631"}],"wp:term":[{"taxonomy":"product_cat","embeddable":true,"href":"https:\/\/xorr.pl\/en\/wp-json\/wp\/v2\/product_cat?post=6631"},{"taxonomy":"product_tag","embeddable":true,"href":"https:\/\/xorr.pl\/en\/wp-json\/wp\/v2\/product_tag?post=6631"}],"curies":[{"name":"wp","href":"https:\/\/api.w.org\/{rel}","templated":true}]}}