{"id":6645,"date":"2021-10-14T19:59:18","date_gmt":"2021-10-14T17:59:18","guid":{"rendered":"https:\/\/xorr.pl\/?post_type=product&#038;p=6645"},"modified":"2024-06-10T13:46:49","modified_gmt":"2024-06-10T11:46:49","slug":"elrs-nano-receiver","status":"publish","type":"product","link":"https:\/\/xorr.pl\/en\/product\/elrs-nano-receiver\/","title":{"rendered":"ELRS Nano Receiver"},"content":{"rendered":"<p><img decoding=\"async\" class=\"aligncenter\" src=\"https:\/\/cdn.shopifycdn.net\/s\/files\/1\/1778\/6615\/files\/FB_c629c910-07c6-49b3-9498-86847f6abf1d_1024x1024.jpg?v=1626508014\" alt=\"\" \/><\/p>\n<h2>Specification<\/h2>\n<ul>\n<li>Weight: 0.7g (receiver only)<\/li>\n<li>Size: 12mm*19mm<\/li>\n<li>Telemetry power: 20dbm (100mW, 2.4G Version)<\/li>\n<li>Input voltage: 5V<\/li>\n<li>Antenna connector: IPEX MHF<\/li>\n<\/ul>\n<h2>Diagram of LiteRadio 2 SE<\/h2>\n<p>Nano receiver 2.4G<\/p>\n<p><img decoding=\"async\" class=\"aligncenter\" src=\"https:\/\/cdn.shopifycdn.net\/s\/files\/1\/1778\/6615\/files\/c64abdf160319a144386c138470c9ecb_600x600.jpg?v=1627294532\" alt=\"\" \/><\/p>\n<p>Nano receiver 868MHz\/915MHz<\/p>\n<p><img decoding=\"async\" class=\"aligncenter\" src=\"https:\/\/cdn.shopifycdn.net\/s\/files\/1\/1778\/6615\/files\/Front_Back_Indicator_600x600.jpg?v=1627285823\" alt=\"\" \/><\/p>\n<div>\n<div class=\"video-wrapper\"><\/div>\n<\/div>\n<h2>Package:<\/h2>\n<ul>\n<li>1 * BETAFPV ELRS Nano receiver<\/li>\n<li>1 * BETAFPV T antenna<\/li>\n<li>2 * Spare shrink tube<\/li>\n<li>4 * 30awg silicon connection wires (1 black, 1 red, 1 white, 1 yellow)<\/li>\n<li>1 * pin header 1x4<\/li>\n<li>1 * Nano receiver user manual<\/li>\n<\/ul>\n<p><img decoding=\"async\" class=\"aligncenter\" src=\"https:\/\/cdn.shopifycdn.net\/s\/files\/1\/1778\/6615\/files\/b04a70ae01f04036e17b97cf0b12c47c_600x600.jpg?v=1626747985\" alt=\"\" \/><\/p>","protected":false},"excerpt":{"rendered":"<p>Specyfikacja: Waga: 0.7g Wymiary: 12mm*19mm Moc sygna\u0142u telemetrycznego: 20dbm Napi\u0119cie zasilania: 5V Konektor anteny: IPEX MHF Diagram Nano receiver 2.4G Nano receiver 868MHz\/915MHz W zestawie 1x BETAFPV ELRS Nano odbiornik 1x BETAFPV T antena 2x Zapasowe koszulki termokurczliwe 4x 30awg przewody w os\u0142onie sylikonowej 1x z\u0142\u0105cze 4pin 1x Instrukcja obs\u0142ugi<\/p>","protected":false},"featured_media":6650,"template":"","meta":[],"product_cat":[22,32,41],"product_tag":[],"jetpack_sharing_enabled":true,"_links":{"self":[{"href":"https:\/\/xorr.pl\/en\/wp-json\/wp\/v2\/product\/6645"}],"collection":[{"href":"https:\/\/xorr.pl\/en\/wp-json\/wp\/v2\/product"}],"about":[{"href":"https:\/\/xorr.pl\/en\/wp-json\/wp\/v2\/types\/product"}],"wp:featuredmedia":[{"embeddable":true,"href":"https:\/\/xorr.pl\/en\/wp-json\/wp\/v2\/media\/6650"}],"wp:attachment":[{"href":"https:\/\/xorr.pl\/en\/wp-json\/wp\/v2\/media?parent=6645"}],"wp:term":[{"taxonomy":"product_cat","embeddable":true,"href":"https:\/\/xorr.pl\/en\/wp-json\/wp\/v2\/product_cat?post=6645"},{"taxonomy":"product_tag","embeddable":true,"href":"https:\/\/xorr.pl\/en\/wp-json\/wp\/v2\/product_tag?post=6645"}],"curies":[{"name":"wp","href":"https:\/\/api.w.org\/{rel}","templated":true}]}}