{"id":6689,"date":"2021-11-17T22:56:19","date_gmt":"2021-11-17T21:56:19","guid":{"rendered":"https:\/\/xorr.pl\/?post_type=product&#038;p=6689"},"modified":"2023-08-22T09:26:36","modified_gmt":"2023-08-22T07:26:36","slug":"smigla-3-do-halcyon","status":"publish","type":"product","link":"https:\/\/xorr.pl\/en\/product\/smigla-3-do-halcyon\/","title":{"rendered":"\u015amig\u0142a 3&#8242; do Halcyon"},"content":{"rendered":"<p>\u015amig\u0142a zamienne do drona Halcyon 3&#8242; niebieskie<\/p>","protected":false},"excerpt":{"rendered":"<p>\u015amig\u0142a zamienne do drona Halcyon 3&#8242; niebieskie<\/p>","protected":false},"featured_media":6694,"template":"","meta":[],"product_cat":[23,35],"product_tag":[],"jetpack_sharing_enabled":true,"_links":{"self":[{"href":"https:\/\/xorr.pl\/en\/wp-json\/wp\/v2\/product\/6689"}],"collection":[{"href":"https:\/\/xorr.pl\/en\/wp-json\/wp\/v2\/product"}],"about":[{"href":"https:\/\/xorr.pl\/en\/wp-json\/wp\/v2\/types\/product"}],"wp:featuredmedia":[{"embeddable":true,"href":"https:\/\/xorr.pl\/en\/wp-json\/wp\/v2\/media\/6694"}],"wp:attachment":[{"href":"https:\/\/xorr.pl\/en\/wp-json\/wp\/v2\/media?parent=6689"}],"wp:term":[{"taxonomy":"product_cat","embeddable":true,"href":"https:\/\/xorr.pl\/en\/wp-json\/wp\/v2\/product_cat?post=6689"},{"taxonomy":"product_tag","embeddable":true,"href":"https:\/\/xorr.pl\/en\/wp-json\/wp\/v2\/product_tag?post=6689"}],"curies":[{"name":"wp","href":"https:\/\/api.w.org\/{rel}","templated":true}]}}