{"id":6725,"date":"2021-11-26T01:06:44","date_gmt":"2021-11-26T00:06:44","guid":{"rendered":"https:\/\/xorr.pl\/?post_type=product&#038;p=6725"},"modified":"2022-07-21T05:24:17","modified_gmt":"2022-07-21T03:24:17","slug":"betafpv-hx115-lr-toothpick-elrs-2-4g","status":"publish","type":"product","link":"https:\/\/xorr.pl\/en\/product\/betafpv-hx115-lr-toothpick-elrs-2-4g\/","title":{"rendered":"BetaFpv HX115 LR Toothpick ELRS 2.4G"},"content":{"rendered":"<p>Ultralekki 3 calowy dron z wbudowanym odbiornikiem ExpressLRS 2.4G oraz VTX o mocy do 350mW. Teraz ju\u017c nie zabraknie Ci zasi\u0119gu!<\/p>\n<p><img decoding=\"async\" src=\"https:\/\/cdn.shopifycdn.net\/s\/files\/1\/1778\/6615\/files\/1FB_LR_1024x1024.jpg?v=1626482910\" \/><\/p>\n<h3>Specification<\/h3>\n<ul>\n<li>Waga bez baterii: 44g<\/li>\n<li>FC&amp;ESC: F4 1S 12A AIO FC ELRS 2.4G<\/li>\n<li>Rama: HX115 LR<\/li>\n<li>Motors:<\/li>\n<li>\u015amig\u0142a: HQ 3020 2-Blade Propellers 1.5mm Shaft<\/li>\n<li>Kamera: Caddx\u00a0ANT camera<\/li>\n<li>VTX: <a href=\"https:\/\/xorr.pl\/en\/product\/m02-25-350mw-5-8g-nano-vtx\/\">M02 25-350mW VTX<\/a><\/li>\n<li>Bateria: <a href=\"https:\/\/xorr.pl\/en\/product\/bateria-450mah-1s-30c-bt2-0\/\">BT2.0 450mah 1S Battery<\/a><\/li>\n<\/ul>\n<h3>Package<\/h3>\n<ul>\n<li>1 * HX115 LR Toothpick Drone<\/li>\n<li>1 * 450mAh 1S 30C Battery BT2.0<\/li>\n<li>1 * Dodatkowy zestaw \u015bmigie\u0142<\/li>\n<\/ul>\n<p><img decoding=\"async\" src=\"https:\/\/cdn.shopifycdn.net\/s\/files\/1\/1778\/6615\/files\/5e8ee0f01425702f14267e007885df13_d26b8d7d-9825-4c8a-bb30-7610a37bec89_600x600.jpg?v=1626149305\" \/><\/p>","protected":false},"excerpt":{"rendered":"<p>Ultralekki 3 calowy dron z wbudowanym odbiornikiem ExpressLRS 2.4G oraz VTX o mocy do 350mW. Teraz ju\u017c nie zabraknie Ci zasi\u0119gu! Specyfikacja Waga bez baterii: 44g FC&amp;ESC: F4 1S 12A AIO FC ELRS 2.4G Rama: HX115 LR Silniki: 1102-18000KV \u015amig\u0142a: HQ 3020 2-Blade Propellers 1.5mm Shaft Kamera: Caddx\u00a0ANT camera VTX: M02 25-350mW VTX Bateria: BT2.0 [&hellip;]<\/p>","protected":false},"featured_media":6726,"template":"","meta":[],"product_cat":[22,30],"product_tag":[],"jetpack_sharing_enabled":true,"_links":{"self":[{"href":"https:\/\/xorr.pl\/en\/wp-json\/wp\/v2\/product\/6725"}],"collection":[{"href":"https:\/\/xorr.pl\/en\/wp-json\/wp\/v2\/product"}],"about":[{"href":"https:\/\/xorr.pl\/en\/wp-json\/wp\/v2\/types\/product"}],"wp:featuredmedia":[{"embeddable":true,"href":"https:\/\/xorr.pl\/en\/wp-json\/wp\/v2\/media\/6726"}],"wp:attachment":[{"href":"https:\/\/xorr.pl\/en\/wp-json\/wp\/v2\/media?parent=6725"}],"wp:term":[{"taxonomy":"product_cat","embeddable":true,"href":"https:\/\/xorr.pl\/en\/wp-json\/wp\/v2\/product_cat?post=6725"},{"taxonomy":"product_tag","embeddable":true,"href":"https:\/\/xorr.pl\/en\/wp-json\/wp\/v2\/product_tag?post=6725"}],"curies":[{"name":"wp","href":"https:\/\/api.w.org\/{rel}","templated":true}]}}