{"id":6764,"date":"2021-12-07T19:52:30","date_gmt":"2021-12-07T18:52:30","guid":{"rendered":"https:\/\/xorr.pl\/?post_type=product&#038;p=6764"},"modified":"2024-07-16T09:46:43","modified_gmt":"2024-07-16T07:46:43","slug":"elrs-micro-tx","status":"publish","type":"product","link":"https:\/\/xorr.pl\/en\/product\/elrs-micro-tx\/","title":{"rendered":"BetaFPV ELRS Micro TX"},"content":{"rendered":"<p>Modu\u0142 BETAFPV Micro RF TX oparty jest na projekcie ExpressLRS, otwartym \u0142\u0105czu RC do zastosowa\u0144 RC. ExpressLRS ma na celu osi\u0105gni\u0119cie jak najlepszej wydajno\u015bci \u0142\u0105cza zar\u00f3wno pod wzgl\u0119dem pr\u0119dko\u015bci, op\u00f3\u017anienia, jak i zasi\u0119gu. To sprawia, \u017ce \u200b\u200bExpressLRS jest jednym z najszybszych dost\u0119pnych \u0142\u0105czy RC, a jednocze\u015bnie oferuje wydajno\u015b\u0107 dalekiego zasi\u0119gu.<\/p>\n<p><img decoding=\"async\" src=\"https:\/\/cdn.shopifycdn.net\/s\/files\/1\/1778\/6615\/files\/FB-_2_21765b4d-e5d3-4519-b1b8-bb5a2730da60_1024x1024.jpg?v=1636011178\" alt=\"\" \/><\/p>\n<h2>Specification<\/h2>\n<ul>\n<li>Cz\u0119stotliwo\u015b\u0107 od\u015bwie\u017cania: 25Hz\/50Hz\/100Hz\/200Hz (915MHz\/868MHz), 50Hz\/150Hz\/250Hz\/500Hz (2.4GHz)<\/li>\n<li>Moc wyj\u015bciowa RF:25mW\/50mW\/100mW\/250mW\/500mW (2.4GHz), 100mW\/250mW\/500mW (915MHz\/868MHz)<\/li>\n<li>Pasma cz\u0119stotliwo\u015bci\u00a0(Micro RF Module 2.4G version): 2.4GHz ISM<\/li>\n<li>Pasma cz\u0119stotliwo\u015bci (Micro RF Module 915MHz\/868MHz version): 915MHz FCC\/868MHz EU<\/li>\n<li>Napi\u0119cie: 5V~12V<\/li>\n<li>XT30 wej\u015bcie: 5V~12V, rekomendowane 2S(8.4V) baterie, NIE WSPIERA 3S(12.6V) lub wy\u017cej<\/li>\n<li>USB port: Type-C<\/li>\n<\/ul>\n<h2>Diagram of LiteRadio 2 SE<\/h2>\n<p>Modu\u0142 BETAFPV Micro RF TX jest kompatybilny z nadajnikiem radiowym posiadaj\u0105cym wn\u0119k\u0119 na mikromodu\u0142 (wn\u0119ka na modu\u0142 AKA JR\/SLIM, np. Frsky Taranis X9D, TBS Mambo)<\/p>\n<p><img decoding=\"async\" src=\"https:\/\/cdn.shopifycdn.net\/s\/files\/1\/1778\/6615\/files\/c64abdf160319a144386c138470c9ecb_1d9c91fe-303f-4bc8-b65d-3d51adb6b92f_600x600.jpg?v=1635687425\" alt=\"\" \/><\/p>\n<p>&nbsp;<\/p>\n<h2>Informacje o oprogramowaniu<\/h2>\n<p>Oficjalny projekt ExpressLRS na Githubie w tej chwili NIE obs\u0142uguje funkcji OLED. Zesp\u00f3\u0142 BETAFPV b\u0119dzie wsp\u00f3\u0142pracowa\u0142 z zespo\u0142em ELRS i jak najszybciej sprawi, \u017ce oficjalne repozytorium b\u0119dzie obs\u0142ugiwa\u0107 funkcj\u0119 OLED i przycisk\u00f3w.<\/p>\n<p><a href=\"https:\/\/github.com\/BETAFPV\/ExpressLRS\" target=\"_blank\" rel=\"noopener\">https:\/\/github.com\/BETAFPV\/ExpressLRS<\/a><\/p>\n<p><a href=\"https:\/\/support.betafpv.com\/hc\/en-us\/articles\/4404231679129-How-to-Flash-Firmware-of-ELRS-RX-TX\" target=\"_blank\" rel=\"noopener\">User manual of\u00a0How to Flash Firmware of ELRS RX\/TX.<\/a><\/p>\n<p>Jak ustawi\u0107 wi\u0105\u017c\u0105c\u0105 fraz\u0119 na tym module Micro TX, gdy oficjalny g\u0142\u00f3wny nurt ELRS nie obs\u0142uguje jeszcze OLED?<\/p>\n<p>Najpierw pobierz kod \u017ar\u00f3d\u0142owy ga\u0142\u0119zi master-betafpv-oled-menu do lokalnego z\u00a0<a href=\"https:\/\/github.com\/BETAFPV\/ExpressLRS\" target=\"_blank\" rel=\"noopener\">Github<\/a>.<\/p>\n<div><img decoding=\"async\" src=\"https:\/\/cdn.shopifycdn.net\/s\/files\/1\/1778\/6615\/files\/oled-github_600x600.png?v=1636467571\" alt=\"\" \/><\/div>\n<p>&nbsp;<\/p>\n<p>Po drugie, otw\u00f3rz ExpressLRS Configurator i za\u0142aduj kod \u017ar\u00f3d\u0142owy upzip z pliku local. Wybierz urz\u0105dzenie docelowe \u201eBETAFPV 900\/2400 TX Micro\u201d. Teraz mo\u017cesz ustawi\u0107 w\u0142asn\u0105 fraz\u0119 wi\u0105\u017c\u0105c\u0105 i inne opcje w normalny spos\u00f3b.<\/p>\n<p><img decoding=\"async\" src=\"https:\/\/cdn.shopifycdn.net\/s\/files\/1\/1778\/6615\/files\/local_600x600.jpg?v=1636468803\" alt=\"\" \/><\/p>\n<p><b>Po trzecie, flashuj.<\/b><\/p>\n<div style=\"text-align: start;\">\n<div class=\"video-wrapper\"><\/div>\n<\/div>\n<h2><\/h2>\n<h2>Przycisk i OLED<\/h2>\n<p>Modu\u0142 ELRS TX mo\u017cna skonfigurowa\u0107 za pomoc\u0105 skryptu OpenTX LUA. Z OLED i przyciskiem, kontroler radiowy no-OpenTX, kt\u00f3ry obs\u0142uguje CRSF, mo\u017ce z \u0142atwo\u015bci\u0105 korzysta\u0107 z tego modu\u0142u ELRS Micro. Nast\u0119puj\u0105ce kontrolery radiowe no-OpenTX dobrze wsp\u00f3\u0142pracuj\u0105 z tym modu\u0142em TX. Futaba T16IZ, T16SZ i T18SZ (z aktualizacj\u0105 do 3.9e), Wsky ET16, Radiolink AT9S Pro.<\/p>\n<p><img decoding=\"async\" src=\"https:\/\/cdn.shopifycdn.net\/s\/files\/1\/1778\/6615\/files\/FB-_1_e801fffd-0700-4047-94ba-6b216a493b9a_1024x1024.jpg?v=1636011328\" alt=\"\" \/><\/p>\n<p>Na module mikro znajduje si\u0119 przycisk 5D. Zwr\u00f3\u0107 uwag\u0119, \u017ce dzia\u0142a tylko wymiar wirtualny, a pozosta\u0142e cztery wymiary s\u0105 nieprawid\u0142owe. Poni\u017cej podstawowe dzia\u0142anie przycisku i OLED.<\/p>\n<p><strong> D\u0142ugie naci\u015bni\u0119cie:<\/strong><\/p>\n<p>Na stronie blokady ekranu naci\u015bnij d\u0142ugo, aby odblokowa\u0107 i wej\u015b\u0107 na stron\u0119 menu.<\/p>\n<p>Na stronie menu naci\u015bnij d\u0142ugo, aby zmieni\u0107 warto\u015b\u0107 tego wiersza.<\/p>\n<p><img decoding=\"async\" src=\"https:\/\/cdn.shopifycdn.net\/s\/files\/1\/1778\/6615\/files\/1_53c48aaf-13f7-44c5-b82a-0e2bca2556c6_480x480.jpg?v=1635690494\" alt=\"\" \/><\/p>\n<p><strong>Kr\u00f3tkie naci\u015bni\u0119cie:<\/strong><\/p>\n<p>Na stronie ekranu blokady kr\u00f3tkie naci\u015bni\u0119cie jest nieprawid\u0142owe.<\/p>\n<p>Na stronie menu naci\u015bnij kr\u00f3tko, aby przej\u015b\u0107 do nast\u0119pnego wiersza.<\/p>\n<p><img decoding=\"async\" src=\"https:\/\/cdn.shopifycdn.net\/s\/files\/1\/1778\/6615\/files\/2_bbb66025-b4c9-4763-8607-3178b1575244_480x480.jpg?v=1635690521\" alt=\"\" \/><\/p>\n<p>&nbsp;<\/p>\n<p><em><img decoding=\"async\" src=\"https:\/\/cdn.shopify.com\/s\/files\/1\/1778\/6615\/files\/90916169d651f15b88463ae43f27ec37_1024x1024.gif?v=1636022436\" alt=\"ELRS Micro TX Module\" \/><\/em><\/p>\n<h2>Konfiguracja:<\/h2>\n<p>ExpressLRS wykorzystuje protok\u00f3\u0142 szeregowy Crossfire (protok\u00f3\u0142 AKA CRSF) do komunikacji mi\u0119dzy nadajnikiem radiowym a modu\u0142em TX. Upewnij si\u0119 wi\u0119c, \u017ce tw\u00f3j nadajnik radiowy obs\u0142uguje protok\u00f3\u0142 szeregowy CRSF. U\u017cywamy nadajnika radiowego z systemem OpenTX, aby pokaza\u0107, jak skonfigurowa\u0107 protok\u00f3\u0142 CRSF i skrypt LUA. Aby to ustawi\u0107, w systemie OpenTX wejd\u017a w ustawienia modelu iw zak\u0142adce \u201eMODEL SETUP\u201d wy\u0142\u0105cz \u201eInternal RF\u201d. Nast\u0119pnie w\u0142\u0105cz \u201eExternal RF\u201d i wybierz \u201eCRSF\u201d jako protok\u00f3\u0142.<\/p>\n<p><img decoding=\"async\" src=\"https:\/\/cdn.shopifycdn.net\/s\/files\/1\/1778\/6615\/files\/1_3f7ecaec-2194-45a3-8e88-1f98af1fc768_480x480.png?v=1626257348\" alt=\"\" width=\"408\" height=\"147\" \/><\/p>\n<ul>\n<li>Zapisz pliki skrypt\u00f3w ELRS.lua na karcie SD nadajnika radiowego w folderze Scripts\/Tools;<\/li>\n<li>Naci\u015bnij i przytrzymaj przycisk \u201eSYS\u201d (w przypadku RadioMaster T16 lub podobnych radiotelefon\u00f3w) lub przycisk \u201eMenu\u201d (w przypadku Frsky Taranis X9D lub podobnych radiotelefon\u00f3w), aby uzyska\u0107 dost\u0119p do menu narz\u0119dzi, w kt\u00f3rym mo\u017cna znale\u017a\u0107 skrypt ELRS gotowy do uruchomienia za pomoc\u0105 jednego klikni\u0119cia;<\/li>\n<li>Poni\u017cszy obraz pokazuje, \u017ce skrypt LUA zosta\u0142 pomy\u015blnie uruchomiony;<\/li>\n<\/ul>\n<p><img decoding=\"async\" src=\"https:\/\/cdn.shopifycdn.net\/s\/files\/1\/1778\/6615\/files\/2_a58355ad-a074-4c11-b994-ff62e21ddf3c_480x480.png?v=1626257413\" alt=\"\" width=\"316\" height=\"165\" \/><\/p>\n<h2>Bindowanie i moc wyj\u015bciowa<\/h2>\n<p>Modu\u0142 Micro RF TX jest dostarczany z oficjalnie g\u0142\u00f3wn\u0105 wersj\u0105 protoko\u0142u V1.1.0 i nie zawiera frazy wi\u0105\u017c\u0105cej. Upewnij si\u0119 wi\u0119c, \u017ce odbiornik dzia\u0142a na oficjalnie g\u0142\u00f3wnym protokole V1.0.0~V1.1.0. I nie ustalono wi\u0105\u017c\u0105cej frazy. Modu\u0142 Micro RF TX mo\u017ce wej\u015b\u0107 w stan powi\u0105zania za pomoc\u0105 skryptu ELRS.lua, jak opisano w rozdziale \u201eSkrypt LUA\u201d. Poza tym za pomoc\u0105 przycisku i OLED przejd\u017a do pozycji BIND i d\u0142ugo naci\u015bnij przycisk. Nast\u0119pnie modu\u0142 RF wejdzie w stan powi\u0105zania.<\/p>\n<p><img decoding=\"async\" src=\"https:\/\/cdn.shopifycdn.net\/s\/files\/1\/1778\/6615\/files\/3_298975c9-c5b4-4f1f-817b-4c14d4a2384a_480x480.jpg?v=1635690734\" alt=\"\" \/><\/p>\n<p><img decoding=\"async\" src=\"https:\/\/cdn.shopifycdn.net\/s\/files\/1\/1778\/6615\/files\/4_997c05f9-7146-4c91-9464-859da1c44bab_480x480.jpg?v=1635690791\" alt=\"\" \/><\/p>\n<p>&nbsp;<\/p>\n<h2>Instrukcja:<\/h2>\n<p><a href=\"https:\/\/support.betafpv.com\/hc\/en-us\/articles\/4409146447641-Manual-for-Micro-RF-TX-Module\" target=\"_blank\" rel=\"noopener\">BETAFPV ELRS Micro TX module user manual download.<\/a><\/p>\n<h2>Package<\/h2>\n<ul>\n<li>1 * BETAFPV ELRS Micro TX module<\/li>\n<li>1 * BETAFPV Moxon antenna<\/li>\n<li>1 * Micro TX instrukcja<\/li>\n<li>1 * Kabel (Type-A to Type-C)<\/li>\n<\/ul>\n<p>&nbsp;<\/p>\n<p>&nbsp;<\/p>\n<p><img decoding=\"async\" src=\"https:\/\/cdn.shopifycdn.net\/s\/files\/1\/1778\/6615\/files\/a65c9085f9d7aa8650c12a4caa812163_90024df5-2974-49e6-82e0-7c8555f02c4c_1024x1024.jpg?v=1635687552\" alt=\"\" \/><\/p>","protected":false},"excerpt":{"rendered":"<p>Modu\u0142 BETAFPV Micro RF TX oparty jest na projekcie ExpressLRS, otwartym \u0142\u0105czu RC do zastosowa\u0144 RC. ExpressLRS ma na celu osi\u0105gni\u0119cie jak najlepszej wydajno\u015bci \u0142\u0105cza zar\u00f3wno pod wzgl\u0119dem pr\u0119dko\u015bci, op\u00f3\u017anienia, jak i zasi\u0119gu. To sprawia, \u017ce \u200b\u200bExpressLRS jest jednym z najszybszych dost\u0119pnych \u0142\u0105czy RC, a jednocze\u015bnie oferuje wydajno\u015b\u0107 dalekiego zasi\u0119gu. Specyfikacja: Cz\u0119stotliwo\u015b\u0107 od\u015bwie\u017cania: 25Hz\/50Hz\/100Hz\/200Hz (915MHz\/868MHz), [&hellip;]<\/p>","protected":false},"featured_media":6765,"template":"","meta":[],"product_cat":[22,32,41],"product_tag":[],"jetpack_sharing_enabled":true,"_links":{"self":[{"href":"https:\/\/xorr.pl\/en\/wp-json\/wp\/v2\/product\/6764"}],"collection":[{"href":"https:\/\/xorr.pl\/en\/wp-json\/wp\/v2\/product"}],"about":[{"href":"https:\/\/xorr.pl\/en\/wp-json\/wp\/v2\/types\/product"}],"wp:featuredmedia":[{"embeddable":true,"href":"https:\/\/xorr.pl\/en\/wp-json\/wp\/v2\/media\/6765"}],"wp:attachment":[{"href":"https:\/\/xorr.pl\/en\/wp-json\/wp\/v2\/media?parent=6764"}],"wp:term":[{"taxonomy":"product_cat","embeddable":true,"href":"https:\/\/xorr.pl\/en\/wp-json\/wp\/v2\/product_cat?post=6764"},{"taxonomy":"product_tag","embeddable":true,"href":"https:\/\/xorr.pl\/en\/wp-json\/wp\/v2\/product_tag?post=6764"}],"curies":[{"name":"wp","href":"https:\/\/api.w.org\/{rel}","templated":true}]}}