{"id":6768,"date":"2021-12-07T20:09:16","date_gmt":"2021-12-07T19:09:16","guid":{"rendered":"https:\/\/xorr.pl\/?post_type=product&#038;p=6768"},"modified":"2024-11-19T23:14:39","modified_gmt":"2024-11-19T22:14:39","slug":"elrs-lite-receiver","status":"publish","type":"product","link":"https:\/\/xorr.pl\/en\/product\/elrs-lite-receiver\/","title":{"rendered":"ELRS Lite Receiver"},"content":{"rendered":"<div class=\"product-single__description rte\">\n<p>BETAFPV Lite receiver is based on the ExpressLRS project, an open-source RC link for RC applications. ExpressLRS aims to achieve the best possible link performance in both speeds, latency, and range. This makes ExpressLRS one of the fastest RC links available while still offering long-range performance.<\/p>\n<p><img decoding=\"async\" class=\"aligncenter\" src=\"https:\/\/cdn.shopifycdn.net\/s\/files\/1\/1778\/6615\/files\/FB_45009661-479c-47a6-9021-71ca6aef0580_1024x1024.jpg?v=1635862738\" alt=\"\" \/><\/p>\n<h2>Specification<\/h2>\n<ul>\n<li>Waga: 0.47g (wraz z anten\u0105!)<\/li>\n<li>Rozmiar: 10mm*10mm<\/li>\n<li>Telemetry power:\u00a017mW<\/li>\n<li>Cz\u0119stotliwo\u015b\u0107 pracy: 2.4GHz ISM<\/li>\n<li>Input voltage: 5V<\/li>\n<li>Antena: Zintegrowana<\/li>\n<\/ul>\n<h2>Diagram of LiteRadio 2 SE<\/h2>\n<p><img decoding=\"async\" class=\"aligncenter\" src=\"https:\/\/cdn.shopifycdn.net\/s\/files\/1\/1778\/6615\/files\/c64abdf160319a144386c138470c9ecb_721164cc-645a-48ae-b50c-26be6f41ea30_600x600.jpg?v=1635648634\" alt=\"\" \/><\/p>\n<p>WA\u017bNE: Odbiorniki maj\u0105 wgran\u0105 wersj\u0119 ELRS 1.1.0; Natomiast najnowsza wersja to 1.2.0, kt\u00f3ra nie jest kompatybilna z wersj\u0105 1.1.0. Je\u017celi nie mo\u017cesz po\u0142\u0105czy\u0107 odbiornika z nadajnikiem sprawd\u017a jak\u0105 wersj\u0119 maj\u0105 oba modu\u0142y.<\/p>\n<p>&nbsp;<\/p>\n<h2>Konfiguracja i Bindowanie<\/h2>\n<p>ExpressLRS u\u017cywa protoko\u0142u Crossfire (CRSF) do komunikacji mi\u0119dzy odbiornikiem i kontrolerem lotu (FC). Pami\u0119taj \u017ceby ustawi\u0107 protok\u00f3\u0142 w FC na CRSF.<\/p>\n<p><img decoding=\"async\" class=\"aligncenter\" src=\"https:\/\/cdn.shopifycdn.net\/s\/files\/1\/1778\/6615\/files\/1_323dda3c-f490-430c-8858-e7b1b0e5937a.png?v=1626253445\" alt=\"\" \/><\/p>\n<p><img decoding=\"async\" class=\"aligncenter\" src=\"https:\/\/cdn.shopifycdn.net\/s\/files\/1\/1778\/6615\/files\/3_f4772f3e-7638-4cc3-8410-ed7ee9cf9f7d_480x480.png?v=1626253497\" alt=\"\" width=\"400\" height=\"164\" \/><\/p>\n<p>Odbiornik ELRS Lite Receiver ustawiasz w tryb bindowania poprzez trzykrotne podpi\u0119cie i odpi\u0119cie zasilania.<\/p>\n<ul>\n<li>Pod\u0142\u0105czaj i od\u0142\u0105czaj odbiornik 3 razy<\/li>\n<li>Upewnij si\u0119, \u017ce LED miga podw\u00f3jnie szybko. Oznacza to, \u017ce odbiornik jest w trybie bindowania.<\/li>\n<li>Upewnij si\u0119, \u017ce nadajnik TX s\u0105 w trybie bindowania.<\/li>\n<li>Je\u017celi odbiornik \u015bwieci stale zielonym kolorem oznacza to, \u017ce bindowania zako\u0144czy\u0142o si\u0119 sukcesem<\/li>\n<\/ul>\n<p><a href=\"https:\/\/support.betafpv.com\/hc\/en-us\/sections\/4402604654873-ExpresLRS-Radio-Link\" target=\"_blank\" rel=\"noopener\">BETAFPV ELRS Nano receiver user manual download.<\/a><\/p>\n<h2>Package:<\/h2>\n<ul>\n<li>1 * BETAFPV ELRS Lite receiver<\/li>\n<li>2\u00a0* Termokurcz zapasowy<\/li>\n<li>4\u00a0* 30awg sylikonowe kabelki (1 czarny,\u00a01 czerwony, 1 bia\u0142y, 1 \u017c\u00f3\u0142ty)<\/li>\n<\/ul>\n<p><img decoding=\"async\" class=\"aligncenter\" src=\"https:\/\/cdn.shopifycdn.net\/s\/files\/1\/1778\/6615\/files\/0ff8d5b8ad61f3924731f1fd96959985_9a894eae-bd01-4dde-b3af-21d53737cb0c_600x600.jpg?v=1635649349\" alt=\"\" \/><\/p>\n<\/div>\n<div class=\"collapsibles-wrapper collapsibles-wrapper--border-bottom\"><\/div>","protected":false},"excerpt":{"rendered":"<p>BetaFpv Lite Receiver jest oparty na opensource&#8217;owym projekcie ExpressLRS. Je\u017celi tutaj trafi\u0142e\u015b to najprawdopodobniej wiesz dlaczego warto wybra\u0107 ExpressLRS \ud83d\ude09 Specyfikacja Waga: 0.47g (wraz z anten\u0105!) Rozmiar: 10mm*10mm Telemetry power:\u00a017mW Cz\u0119stotliwo\u015b\u0107 pracy: 2.4GHz ISM Napi\u0119cie zasilania: 5V Antena: Zintegrowana Diagram WA\u017bNE: Odbiorniki maj\u0105 wgran\u0105 wersj\u0119 ELRS 1.1.0; Natomiast najnowsza wersja to 1.2.0, kt\u00f3ra nie jest [&hellip;]<\/p>","protected":false},"featured_media":6769,"template":"","meta":[],"product_cat":[22,32,41],"product_tag":[],"jetpack_sharing_enabled":true,"_links":{"self":[{"href":"https:\/\/xorr.pl\/en\/wp-json\/wp\/v2\/product\/6768"}],"collection":[{"href":"https:\/\/xorr.pl\/en\/wp-json\/wp\/v2\/product"}],"about":[{"href":"https:\/\/xorr.pl\/en\/wp-json\/wp\/v2\/types\/product"}],"wp:featuredmedia":[{"embeddable":true,"href":"https:\/\/xorr.pl\/en\/wp-json\/wp\/v2\/media\/6769"}],"wp:attachment":[{"href":"https:\/\/xorr.pl\/en\/wp-json\/wp\/v2\/media?parent=6768"}],"wp:term":[{"taxonomy":"product_cat","embeddable":true,"href":"https:\/\/xorr.pl\/en\/wp-json\/wp\/v2\/product_cat?post=6768"},{"taxonomy":"product_tag","embeddable":true,"href":"https:\/\/xorr.pl\/en\/wp-json\/wp\/v2\/product_tag?post=6768"}],"curies":[{"name":"wp","href":"https:\/\/api.w.org\/{rel}","templated":true}]}}