{"id":6775,"date":"2021-12-11T23:15:41","date_gmt":"2021-12-11T22:15:41","guid":{"rendered":"https:\/\/xorr.pl\/?post_type=product&#038;p=6775"},"modified":"2024-08-31T12:44:49","modified_gmt":"2024-08-31T10:44:49","slug":"pavo30-pro-rama","status":"publish","type":"product","link":"https:\/\/xorr.pl\/en\/product\/pavo30-pro-rama\/","title":{"rendered":"Pavo30 Pro Frame Kit"},"content":{"rendered":"<p><img decoding=\"async\" class=\"aligncenter\" src=\"https:\/\/cdn.shopify.com\/s\/files\/1\/1778\/6615\/files\/FB1_1_1024x1024.jpg?v=1635839936\" alt=\"Pavo30 pro frame kit\" \/><\/p>\n<h2>Bullet Point<\/h2>\n<ul>\n<li>Built-in carbon fiber and reserve a storage room for the camera, the Pavo30 Pro frame has a more concise appearance and is more convenient for installation.<\/li>\n<li>Made of high-quality PA12 material, the Pavo30 Pro frame kit has higher abrasion resistance, toughness, and shows excellent impact resistance in drop &amp; impact tests.<\/li>\n<li>The fixed XT60 battery port makes it easy to connect with the battery for customers. Also, the whole drone looks simple and more functional with this design.<\/li>\n<li>Pavo30 Pro supports the GoPro sports camera. The shock mitigation system with cushion makes cameras more stable on the flight, which ensures pilots can capture all the beautiful moments of flight with stabilized and clear video.<\/li>\n<\/ul>\n<p><img decoding=\"async\" class=\"aligncenter\" src=\"https:\/\/cdn.shopifycdn.net\/s\/files\/1\/1778\/6615\/files\/f7d7c897f798fc44c391847188c3ac79_4f1fabd1-7145-4463-9234-cb11c9cf5948_800x800.jpg?v=1638527195\" alt=\"\" \/><\/p>\n<h2>Specification<\/h2>\n<ul>\n<li>WB: 157mm<\/li>\n<li>Kolor: Black<\/li>\n<li>Materia\u0142: PA12<\/li>\n<li>Waga:\u00a0146g<\/li>\n<li>Obiektyw: 19mm<\/li>\n<li>Rozmiar \u015bmigie\u0142: 3 cale<\/li>\n<\/ul>\n<p><img decoding=\"async\" class=\"aligncenter\" src=\"https:\/\/cdn.shopify.com\/s\/files\/1\/1778\/6615\/files\/f1d3f2e934a7f7df4970562b60a46e3c_e9c259c4-10fc-48d6-83b9-100b1baacaa5_600x600.jpg?v=1638518703\" alt=\"\" \/><\/p>\n<h2><\/h2>\n<p><img decoding=\"async\" class=\"aligncenter\" src=\"https:\/\/cdn.shopify.com\/s\/files\/1\/1778\/6615\/files\/b04a70ae01f04036e17b97cf0b12c47c_dd65bc73-adb8-4c38-8d8f-9c019150d352_600x600.jpg?v=1638518630\" alt=\"\" \/><\/p>","protected":false},"excerpt":{"rendered":"<p>G\u0142\u00f3wne cechy: Ram\u0105 zbudowana z w\u0142\u00f3kna w\u0119glowego na potrzeby sztywno\u015bci. Miejsce do mocowania du\u017cej kamery tj. pe\u0142ne GoPro. Ducty wykonane z wysokiej jako\u015bci nylonu PA12, dzi\u0119ki czemu rama bardzo dobrze znosi uderzenia. Zamocowany na sztywno port XT60 kt\u00f3ry bardzo u\u0142atwia i przyspiesza wymian\u0119 akumulator\u00f3w. Wytrzyma\u0142e i mi\u0119kkie mocowanie pozwala na umieszczenie pe\u0142nego GoPro na dronie, [&hellip;]<\/p>","protected":false},"featured_media":6776,"template":"","meta":[],"product_cat":[22,23,38],"product_tag":[],"jetpack_sharing_enabled":true,"_links":{"self":[{"href":"https:\/\/xorr.pl\/en\/wp-json\/wp\/v2\/product\/6775"}],"collection":[{"href":"https:\/\/xorr.pl\/en\/wp-json\/wp\/v2\/product"}],"about":[{"href":"https:\/\/xorr.pl\/en\/wp-json\/wp\/v2\/types\/product"}],"wp:featuredmedia":[{"embeddable":true,"href":"https:\/\/xorr.pl\/en\/wp-json\/wp\/v2\/media\/6776"}],"wp:attachment":[{"href":"https:\/\/xorr.pl\/en\/wp-json\/wp\/v2\/media?parent=6775"}],"wp:term":[{"taxonomy":"product_cat","embeddable":true,"href":"https:\/\/xorr.pl\/en\/wp-json\/wp\/v2\/product_cat?post=6775"},{"taxonomy":"product_tag","embeddable":true,"href":"https:\/\/xorr.pl\/en\/wp-json\/wp\/v2\/product_tag?post=6775"}],"curies":[{"name":"wp","href":"https:\/\/api.w.org\/{rel}","templated":true}]}}