{"id":6799,"date":"2021-12-26T00:36:27","date_gmt":"2021-12-25T23:36:27","guid":{"rendered":"https:\/\/xorr.pl\/?post_type=product&#038;p=6799"},"modified":"2024-03-11T19:40:17","modified_gmt":"2024-03-11T18:40:17","slug":"f4-1s-aio-flight-controller-12a-elrs-2-4g-v2-0","status":"publish","type":"product","link":"https:\/\/xorr.pl\/en\/product\/f4-1s-aio-flight-controller-12a-elrs-2-4g-v2-0\/","title":{"rendered":"F4 1S AIO FC 12A-ELRS 2.4G V2.0"},"content":{"rendered":"<p>Co nowego w F4 12A ELRS?<\/p>\n<ul>\n<li>Wsparcie zar\u00f3wno dla 1S jak i 2S.<\/li>\n<li>Wbudowany odbiornik SPI ExpressLRS wsp\u00f3\u0142pracuj\u0105cy z oprogramowaniem Betaflight.<\/li>\n<li>Zmodyfikowany kszta\u0142t PCB pozwalaj\u0105cy na montowanie kontrolera w ramie 85mm.<\/li>\n<\/ul>\n<p><img decoding=\"async\" class=\"aligncenter\" src=\"https:\/\/cdn.shopifycdn.net\/s\/files\/1\/1778\/6615\/files\/FB_d5ea302c-e7af-401c-af0a-0706f6dd5409_1024x1024.jpg?v=1623839861\" alt=\"\" \/><\/p>\n<h2>Bullet Point<\/h2>\n<ul>\n<li>Kontroler lotu F4 1S 12A AIO to najlepsze rozwi\u0105zanie dla ultralekkich dron\u00f3w 3&#8242; klasy toothpick takich jak <a href=\"https:\/\/xorr.pl\/en\/product\/betafpv-hx115-lr-toothpick-elrs-2-4g\/\">HX11 SE<\/a>.<\/li>\n<li>Wi\u0119kszo\u015b\u0107 FC na rynku maj\u0105 5A ESC, natomiast ten posiada zintegrowany ESC 12A 1S.<\/li>\n<li>Wbudowany miernik nat\u0119\u017cenia, dwa programowalne ledy RGB oraz odbiornik SPI ELRS. A jednocze\u015bnie s\u0105 wyprowadzone wolne porty tj UART czy BuZZer.<\/li>\n<\/ul>\n<p><img decoding=\"async\" class=\"aligncenter\" src=\"https:\/\/cdn.shopifycdn.net\/s\/files\/1\/1778\/6615\/files\/6e029e2b42993fad4f019ba1f3ceabd8_480x480.jpg?v=1623834053\" alt=\"\" width=\"517\" height=\"223\" \/><\/p>\n<h2>Specifications of FC<\/h2>\n<ul>\n<li>Waga: 4.74g<\/li>\n<li>CPU:\u00a0STM32F411CEU6\u00a0(100MHZ\u00a0)<\/li>\n<li>Six-Axis: MPU6000 (SPI)<\/li>\n<li>Zainstalowane oprogramowanie: betaflight_4.2.0_STM32F411<\/li>\n<li>OSD: TAK<\/li>\n<li>Mocowanie: 26mm x 26mm<\/li>\n<\/ul>\n<h2>Specifications of ESC<\/h2>\n<ul>\n<li>Wbudowane ESC 12A z max nat\u0119\u017ceniem chwilowym 25AThis new BLHeli_S firmware (named Z_H_30_REV16_7.HEX) is supported by BLHeli Configurator, BLHeliSuite, and Bluejay Configurator for setup.<\/li>\n<\/ul>\n<p><img decoding=\"async\" src=\"https:\/\/cdn.shopifycdn.net\/s\/files\/1\/1778\/6615\/files\/Dingtalk_20210616171211.jpg?v=1623834963\" alt=\"\" width=\"534\" height=\"181\" \/><\/p>\n<h2>Diagram of LiteRadio 2 SE<\/h2>\n<p>Poni\u017cej diagram do wersji ELRS<\/p>\n<p><img decoding=\"async\" class=\"aligncenter\" src=\"https:\/\/cdn.shopifycdn.net\/s\/files\/1\/1778\/6615\/files\/125bb92b5ac8a06435fb9698dfd99ac6_600x600.jpg?v=1632582962\" alt=\"\" \/><\/p>\n<p>&nbsp;<\/p>\n<h2>12A 1S ESC<\/h2>\n<p>Latasz dronem 3&#8242;? Chcesz \u017ceby twoje esc si\u0119 ie pali\u0142y i dostarcza\u0142y odpowiedni\u0105 moc silnikom? Zdecyduj si\u0119 na 12A ESC takie jak w tym AIO.<\/p>\n<p><img decoding=\"async\" class=\"aligncenter\" src=\"https:\/\/cdn.shopifycdn.net\/s\/files\/1\/1778\/6615\/files\/MOS_600x600.jpg?v=1623834004\" alt=\"\" \/><\/p>\n<h2>Package:<\/h2>\n<ul>\n<li>1x \u00a0F4 1S 12A AIO FC<\/li>\n<li>4x Gumki antywibracyjne<\/li>\n<li>4x M2 x 10mm \u015bruby<\/li>\n<li>4x M2 x 10mm \u015bruby<\/li>\n<li>8x M2 nakr\u0119tka<\/li>\n<li>1x\u00a0<a href=\"https:\/\/betafpv.com\/collections\/expresslrs-series\/products\/betafpv-t-antenna-for-receiver\" target=\"_blank\" rel=\"noopener\">BETAFPV dipole T antenna<\/a>\u00a0Antena<\/li>\n<li>8x Porty PH do silnik\u00f3w<\/li>\n<\/ul>","protected":false},"excerpt":{"rendered":"<p>Co nowego w F4 12A ELRS? Wsparcie zar\u00f3wno dla 1S jak i 2S. Wbudowany odbiornik SPI ExpressLRS wsp\u00f3\u0142pracuj\u0105cy z oprogramowaniem Betaflight. Zmodyfikowany kszta\u0142t PCB pozwalaj\u0105cy na montowanie kontrolera w ramie 85mm. G\u0142\u00f3wne cechy: Kontroler lotu F4 1S 12A AIO to najlepsze rozwi\u0105zanie dla ultralekkich dron\u00f3w 3&#8242; klasy toothpick takich jak HX11 SE. Wi\u0119kszo\u015b\u0107 FC na [&hellip;]<\/p>","protected":false},"featured_media":6814,"template":"","meta":[],"product_cat":[22,32,45,40],"product_tag":[],"jetpack_sharing_enabled":true,"_links":{"self":[{"href":"https:\/\/xorr.pl\/en\/wp-json\/wp\/v2\/product\/6799"}],"collection":[{"href":"https:\/\/xorr.pl\/en\/wp-json\/wp\/v2\/product"}],"about":[{"href":"https:\/\/xorr.pl\/en\/wp-json\/wp\/v2\/types\/product"}],"wp:featuredmedia":[{"embeddable":true,"href":"https:\/\/xorr.pl\/en\/wp-json\/wp\/v2\/media\/6814"}],"wp:attachment":[{"href":"https:\/\/xorr.pl\/en\/wp-json\/wp\/v2\/media?parent=6799"}],"wp:term":[{"taxonomy":"product_cat","embeddable":true,"href":"https:\/\/xorr.pl\/en\/wp-json\/wp\/v2\/product_cat?post=6799"},{"taxonomy":"product_tag","embeddable":true,"href":"https:\/\/xorr.pl\/en\/wp-json\/wp\/v2\/product_tag?post=6799"}],"curies":[{"name":"wp","href":"https:\/\/api.w.org\/{rel}","templated":true}]}}