{"id":6800,"date":"2021-12-26T00:36:39","date_gmt":"2021-12-25T23:36:39","guid":{"rendered":"https:\/\/xorr.pl\/?post_type=product&#038;p=6800"},"modified":"2023-02-09T12:47:31","modified_gmt":"2023-02-09T11:47:31","slug":"rama-hx115-lr","status":"publish","type":"product","link":"https:\/\/xorr.pl\/en\/product\/rama-hx115-lr\/","title":{"rendered":"Rama HX115 LR"},"content":{"rendered":"<p>Ta rama pasuje do drona HX115LR. Zosta\u0142a zaprojektowana do long-range na akumulatorze 1S. Zalecamy stosowa\u0107 odbiorniki LRS ;P<\/p>\n<p><strong><img decoding=\"async\" class=\"aligncenter\" src=\"https:\/\/cdn.shopifycdn.net\/s\/files\/1\/1778\/6615\/files\/FB_LR_1024x1024.jpg?v=1626490917\" alt=\"\" \/><\/strong><\/p>\n<h2>Specification<\/h2>\n<ul>\n<li>Materia\u0142: T700 CF<\/li>\n<li>WB: 126mm<\/li>\n<li>Waga: 14g<\/li>\n<li>Grubo\u015b\u0107 top plate: 1.5mm<\/li>\n<li>Grubo\u015b\u0107 bottom plate: 2.0mm<\/li>\n<li>Mocowanie silnik\u00f3w (4 otwory):\u00a0 9 x 9<\/li>\n<li>Mocowanie silnik\u00f3w (3 otwory):\u00a0\u00a06.6 x 6.6<\/li>\n<li>Mocowanie FC: 26.5mm x 26.5mm<\/li>\n<\/ul>\n<p><img decoding=\"async\" class=\"aligncenter\" src=\"https:\/\/cdn.shopifycdn.net\/s\/files\/1\/1778\/6615\/files\/HX115_LR_Frame_size_600x600.jpg?v=1626679221\" alt=\"\" \/><\/p>\n<h2>Package:<\/h2>\n<ul>\n<li>1x HX115 LR Rama<\/li>\n<li>4x Aluminiowe standoffy 15mm<\/li>\n<li>8x M1.6 \u015bruby<\/li>\n<li>3x TPU 3D wydruki 3D<\/li>\n<\/ul>","protected":false},"excerpt":{"rendered":"<p>Ta rama pasuje do drona HX115LR. Zosta\u0142a zaprojektowana do long-range na akumulatorze 1S. Zalecamy stosowa\u0107 odbiorniki LRS ;P Specyfikacja Materia\u0142: T700 CF WB: 126mm Waga: 14g Grubo\u015b\u0107 top plate: 1.5mm Grubo\u015b\u0107 bottom plate: 2.0mm Mocowanie silnik\u00f3w (4 otwory):\u00a0 9 x 9 Mocowanie silnik\u00f3w (3 otwory):\u00a0\u00a06.6 x 6.6 Mocowanie FC: 26.5mm x 26.5mm W zestawie: 1x [&hellip;]<\/p>","protected":false},"featured_media":6801,"template":"","meta":[],"product_cat":[22,23,38],"product_tag":[],"jetpack_sharing_enabled":true,"_links":{"self":[{"href":"https:\/\/xorr.pl\/en\/wp-json\/wp\/v2\/product\/6800"}],"collection":[{"href":"https:\/\/xorr.pl\/en\/wp-json\/wp\/v2\/product"}],"about":[{"href":"https:\/\/xorr.pl\/en\/wp-json\/wp\/v2\/types\/product"}],"wp:featuredmedia":[{"embeddable":true,"href":"https:\/\/xorr.pl\/en\/wp-json\/wp\/v2\/media\/6801"}],"wp:attachment":[{"href":"https:\/\/xorr.pl\/en\/wp-json\/wp\/v2\/media?parent=6800"}],"wp:term":[{"taxonomy":"product_cat","embeddable":true,"href":"https:\/\/xorr.pl\/en\/wp-json\/wp\/v2\/product_cat?post=6800"},{"taxonomy":"product_tag","embeddable":true,"href":"https:\/\/xorr.pl\/en\/wp-json\/wp\/v2\/product_tag?post=6800"}],"curies":[{"name":"wp","href":"https:\/\/api.w.org\/{rel}","templated":true}]}}