{"id":6805,"date":"2021-12-26T01:28:01","date_gmt":"2021-12-26T00:28:01","guid":{"rendered":"https:\/\/xorr.pl\/?post_type=product&#038;p=6805"},"modified":"2024-06-24T10:28:31","modified_gmt":"2024-06-24T08:28:31","slug":"c02-fpv-micro-camera","status":"publish","type":"product","link":"https:\/\/xorr.pl\/en\/product\/c02-fpv-micro-camera\/","title":{"rendered":"Kamera BetaFPV C02 Micro Camera 1200TVL"},"content":{"rendered":"<div>Micro Kamera C02 to ultralekka kamera stworzona specjalnie do dron\u00f3w klasy whoop, takich jak <a href=\"https:\/\/xorr.pl\/en\/product\/betafpv-meteor-65-zestaw\/\">Meteor65<\/a>. Zawiera sensor 1\/4&#8242; CMOS i obiektyw 2.1mm, a jej rozdzielczo\u015b\u0107 to 1200TVL a to wszystko wa\u017c\u0105c tylko 1.4g. W zestawie ponadto otrzymujesz canopy \ud83d\ude42<\/div>\n<div><img decoding=\"async\" class=\"aligncenter\" src=\"https:\/\/cdn.shopifycdn.net\/s\/files\/1\/1778\/6615\/files\/FB_3ae6623f-58b3-47d0-a854-1add948f0d9f_1024x1024.jpg?v=1622601212\" alt=\"\" \/><\/div>\n<div><\/div>\n<div><\/div>\n<div><\/div>\n<div><\/div>\n<div><\/div>\n<div><\/div>\n<div><\/div>\n<h1>Plug-N-Play Konektor<\/h1>\n<p>Kamera C02 przychodzi z wcze\u015bniej zamontowanym konektorem plug-n-plan, dzi\u0119ki czemu kamer\u0119 pod\u0142\u0105czysz szybko i wygodnie bez zb\u0119dnego lutowania. Pasuje do dron\u00f3w takich jak <a href=\"https:\/\/xorr.pl\/en\/product\/cetus-pro-fpv-kit\/\">Cetus<\/a> czy nadajnik\u00f3w takich jak <a href=\"https:\/\/xorr.pl\/en\/product\/m03-25-350mw-5-8g-vtx\/\">M03 VTX<\/a>.<\/p>\n<p><img decoding=\"async\" class=\"aligncenter\" src=\"https:\/\/cdn.shopifycdn.net\/s\/files\/1\/1778\/6615\/files\/e80a21cd6cb347a207d5a5a30f6913a9_1024x1024.jpg?v=1622109194\" alt=\"\" \/><\/p>\n<h1>Bullet Point<\/h1>\n<ul>\n<li>Minimalistyczny i lekki design dzi\u0119ki, kt\u00f3remu kamera wa\u017cy tylko 1,4g.<\/li>\n<li>Rozdzielczo\u015b\u0107 1200TVL i matryca 1\/4&#8242; CMOS oferuj\u0105 czysty i \u0142adny obraz.<\/li>\n<li><span class=\"a-list-item\">Global WDR, proporcje 16:9, dobry obraz nawet w s\u0142abych warunkach o\u015bwietleniowych.\u00a0<\/span><\/li>\n<li>W zestawie wytrzyma\u0142a obudowa robiona na wtryskarce.<\/li>\n<\/ul>\n<p><img decoding=\"async\" class=\"aligncenter\" src=\"https:\/\/cdn.shopify.cn\/s\/files\/1\/1778\/6615\/files\/1_8c38c790-baae-4ef7-8ccd-64a5de6273df_600x600.jpg?v=1588144937\" alt=\"\" \/><\/p>\n<h3><\/h3>\n<h1>Specification<\/h1>\n<ul>\n<li>Matryca: 1\/4&#8243; CMOS<\/li>\n<li>Rozdzielczo\u015b\u0107: 1200TVL z Global WDR<\/li>\n<li>System sygna\u0142owy: NTSC<\/li>\n<li>Obiektyw : 2.1mm(M8) FOV 160\u00b0<\/li>\n<li>S\/N (sygna\u0142 do szumu) Ratio: &gt;50db<\/li>\n<li>Zasilanie: DC 3-5.5V<\/li>\n<li>Pob\u00f3r pr\u0105du: 110mA@5V \/ 120mA@3.3V<\/li>\n<li>Materia\u0142 obudowy: ABS<\/li>\n<li>Wymiary: 13x11mm<\/li>\n<li>Waga kamery: 1.4g<\/li>\n<\/ul>\n<p><img decoding=\"async\" class=\"aligncenter\" src=\"https:\/\/cdn.shopifycdn.net\/s\/files\/1\/1778\/6615\/files\/468ef44610c31b5b50b747b4f9f5ee49_aeeb7e36-85d5-4c03-ac7d-ebb875891db6_1024x1024.jpg?v=1622109312\" alt=\"\" \/><\/p>\n<h3><\/h3>\n<h1>\u00a0Package:<\/h1>\n<ul>\n<li>1x\u00a0 C02 FPV Micro Kamera<\/li>\n<li>1x\u00a0 Obudowa kamery<\/li>\n<li>1x 1\/4&#8221; Zestaw do mocowania kamery<\/li>\n<\/ul>\n<p><img decoding=\"async\" class=\"aligncenter\" src=\"https:\/\/cdn.shopifycdn.net\/s\/files\/1\/1778\/6615\/files\/36911c0904db1d481a24384dac5a57ea_48b13c18-8864-4b85-b184-f6246755e462_600x600.jpg?v=1622109372\" alt=\"\" \/><\/p>","protected":false},"excerpt":{"rendered":"<p>Micro Kamera C02 to ultralekka kamera stworzona specjalnie do dron\u00f3w klasy whoop, takich jak Meteor65. Zawiera sensor 1\/4&#8242; CMOS i obiektyw 2.1mm, a jej rozdzielczo\u015b\u0107 to 1200TVL a to wszystko wa\u017c\u0105c tylko 1.4g. W zestawie ponadto otrzymujesz canopy \ud83d\ude42 Plug-N-Play Konektor Kamera C02 przychodzi z wcze\u015bniej zamontowanym konektorem plug-n-plan, dzi\u0119ki czemu kamer\u0119 pod\u0142\u0105czysz szybko i [&hellip;]<\/p>","protected":false},"featured_media":6806,"template":"","meta":[],"product_cat":[22,32,33],"product_tag":[],"jetpack_sharing_enabled":true,"_links":{"self":[{"href":"https:\/\/xorr.pl\/en\/wp-json\/wp\/v2\/product\/6805"}],"collection":[{"href":"https:\/\/xorr.pl\/en\/wp-json\/wp\/v2\/product"}],"about":[{"href":"https:\/\/xorr.pl\/en\/wp-json\/wp\/v2\/types\/product"}],"wp:featuredmedia":[{"embeddable":true,"href":"https:\/\/xorr.pl\/en\/wp-json\/wp\/v2\/media\/6806"}],"wp:attachment":[{"href":"https:\/\/xorr.pl\/en\/wp-json\/wp\/v2\/media?parent=6805"}],"wp:term":[{"taxonomy":"product_cat","embeddable":true,"href":"https:\/\/xorr.pl\/en\/wp-json\/wp\/v2\/product_cat?post=6805"},{"taxonomy":"product_tag","embeddable":true,"href":"https:\/\/xorr.pl\/en\/wp-json\/wp\/v2\/product_tag?post=6805"}],"curies":[{"name":"wp","href":"https:\/\/api.w.org\/{rel}","templated":true}]}}