{"id":6811,"date":"2021-12-26T13:25:29","date_gmt":"2021-12-26T12:25:29","guid":{"rendered":"https:\/\/xorr.pl\/?post_type=product&#038;p=6811"},"modified":"2024-06-14T12:20:24","modified_gmt":"2024-06-14T10:20:24","slug":"gemfan40mm-2-blade-1-0mm-shaft%ef%bc%884pcs-white","status":"publish","type":"product","link":"https:\/\/xorr.pl\/en\/product\/gemfan40mm-2-blade-1-0mm-shaft%ef%bc%884pcs-white\/","title":{"rendered":"\u015amig\u0142a Gemfan 40mm 2-Blade 1.0mm shaft &#8211; bia\u0142e"},"content":{"rendered":"<p>Te \u015bmig\u0142a zaprojektowano do dron\u00f3w klasy 40mm takich jak <a href=\"https:\/\/xorr.pl\/en\/product\/betafpv-meteor-75-elrs\/\">Meteor75<\/a>. Zapewniaj\u0105 wi\u0119ksz\u0105 moc maksymaln\u0105 oraz wyd\u0142u\u017caj\u0105 czas lotu. Wykonano jes<\/p>\n<p><img decoding=\"async\" class=\"aligncenter\" src=\"https:\/\/cdn.shopifycdn.net\/s\/files\/1\/1778\/6615\/files\/FB3-1_1024x1024.jpg?v=1636363402\" alt=\"\" \/><\/p>\n<h2>Zalecane podzespo\u0142y<\/h2>\n<ul>\n<li>Rama: <a href=\"https:\/\/xorr.pl\/en\/product\/rama-meteor75\/\">Meteor75 Rama<br \/>\n<\/a><\/li>\n<li>Silniki: <a href=\"https:\/\/xorr.pl\/en\/product\/0802-19500kv-brushless-motors-4szt\/\">0802SE Brushless Motors<\/a><\/li>\n<\/ul>\n<h2>Specification<\/h2>\n<ul>\n<li>Kolor: White<\/li>\n<li>Materia\u0142: PC<\/li>\n<li>Grubo\u015b\u0107 shaft&#8217;u: 1.0mm Shaft<\/li>\n<li>Waga: 1.02g (4szt)<\/li>\n<\/ul>\n<div><img decoding=\"async\" class=\"aligncenter\" src=\"https:\/\/cdn.shopify.com\/s\/files\/1\/1778\/6615\/files\/f7d7c897f798fc44c391847188c3ac79_7e0c4bfc-a030-4807-8f14-c55ca72b87f0_480x480.jpg?v=1635931090\" alt=\"\" \/><\/div>\n<div><img decoding=\"async\" class=\"aligncenter\" src=\"https:\/\/cdn.shopify.com\/s\/files\/1\/1778\/6615\/files\/f1d3f2e934a7f7df4970562b60a46e3c_6c2bc1a9-c107-4431-afc2-83b97ca024a3_480x480.jpg?v=1635931164\" alt=\"\" \/><\/div>\n<h2>Package:<\/h2>\n<ul>\n<li>2x CW 2-blade 40mm \u015amig\u0142a\u00a0 (1.0mm shaft)<\/li>\n<li>2x CCW 2-blade 40mm \u015amig\u0142a (1.0mm shaft)<\/li>\n<\/ul>","protected":false},"excerpt":{"rendered":"<p>Te \u015bmig\u0142a zaprojektowano do dron\u00f3w klasy 40mm takich jak Meteor75. Zapewniaj\u0105 wi\u0119ksz\u0105 moc maksymaln\u0105 oraz wyd\u0142u\u017caj\u0105 czas lotu. Wykonano jes Zalecane podzespo\u0142y Rama: Meteor75 Rama Silniki: 0802SE Brushless Motors Specyfikacja: Kolor: White Materia\u0142: PC Grubo\u015b\u0107 shaft&#8217;u: 1.0mm Shaft Waga: 1.02g (4szt) W zestawie: 2x CW 2-blade 40mm \u015amig\u0142a\u00a0 (1.0mm shaft) 2x CCW 2-blade 40mm \u015amig\u0142a [&hellip;]<\/p>","protected":false},"featured_media":6812,"template":"","meta":[],"product_cat":[22,23,35],"product_tag":[],"jetpack_sharing_enabled":true,"_links":{"self":[{"href":"https:\/\/xorr.pl\/en\/wp-json\/wp\/v2\/product\/6811"}],"collection":[{"href":"https:\/\/xorr.pl\/en\/wp-json\/wp\/v2\/product"}],"about":[{"href":"https:\/\/xorr.pl\/en\/wp-json\/wp\/v2\/types\/product"}],"wp:featuredmedia":[{"embeddable":true,"href":"https:\/\/xorr.pl\/en\/wp-json\/wp\/v2\/media\/6812"}],"wp:attachment":[{"href":"https:\/\/xorr.pl\/en\/wp-json\/wp\/v2\/media?parent=6811"}],"wp:term":[{"taxonomy":"product_cat","embeddable":true,"href":"https:\/\/xorr.pl\/en\/wp-json\/wp\/v2\/product_cat?post=6811"},{"taxonomy":"product_tag","embeddable":true,"href":"https:\/\/xorr.pl\/en\/wp-json\/wp\/v2\/product_tag?post=6811"}],"curies":[{"name":"wp","href":"https:\/\/api.w.org\/{rel}","templated":true}]}}