{"id":6841,"date":"2021-12-30T17:51:27","date_gmt":"2021-12-30T16:51:27","guid":{"rendered":"https:\/\/xorr.pl\/?post_type=product&#038;p=6841"},"modified":"2023-04-14T16:04:41","modified_gmt":"2023-04-14T14:04:41","slug":"pavo30-rama-frame-kit","status":"publish","type":"product","link":"https:\/\/xorr.pl\/en\/product\/pavo30-rama-frame-kit\/","title":{"rendered":"Pavo30 Rama \/ Frame Kit"},"content":{"rendered":"<p><strong>Wersja bez\u00a0karbonu to cz\u0119\u015b\u0107 zamienna do drona Pavo30, nie nadaje si\u0119 do budowania nowego drona, do tego potrzebna jest (druga opcja)\u00a0rama z\u00a0<\/strong><b>karbonem (do wyboru jako wariant).<\/b><\/p>\n<p><img decoding=\"async\" class=\"aligncenter\" src=\"https:\/\/cdn.shopifycdn.net\/s\/files\/1\/1778\/6615\/files\/FB_b2e43130-a1da-46e8-b2ae-f3bc55826ed6_1024x1024.jpg?v=1618482084\" alt=\"BETAFPV Pavo30 frame kit\" \/><\/p>\n<h2>Bullet Point<\/h2>\n<ul>\n<li>Wydzielone mocowanie na anten\u0119.<\/li>\n<li>Wykonana z wysokiej jako\u015bci nylonu PA12, dzi\u0119ki temu ram\u0105 absorbuje du\u017co wibracji i energii uderze\u0144, co skutkuje du\u017c\u0105 wytrzyma\u0142o\u015bci\u0105 ca\u0142ego drona.<\/li>\n<li>Je\u017celi uszkodzi\u0142e\u015b ram\u0119 to mo\u017cesz zam\u00f3wi\u0107 sam\u0105 nylonow\u0105 cz\u0119\u015b\u0107, natomiast je\u017celi szukasz ramy do budowy ca\u0142ego drona mo\u017cesz zam\u00f3wi\u0107 opcj\u0119 z karbonem.<\/li>\n<li>Gumowy uchwyt absorbuj\u0105cy drgania do kamery, zapewnia p\u0142ynne i \u0142adne uj\u0119cia.<\/li>\n<\/ul>\n<p><img decoding=\"async\" class=\"aligncenter\" src=\"https:\/\/cdn.shopifycdn.net\/s\/files\/1\/1778\/6615\/files\/Pavo30_frame_600x600.jpg?v=1618482444\" alt=\"pavo30 frame\" \/><\/p>\n<h2>Specification<\/h2>\n<ul>\n<li>WB: 120mm<\/li>\n<li>Kolor: Czarny<\/li>\n<li>Materia\u0142: PA12<\/li>\n<li>Waga: 55.53g (wersja z karbonem)<\/li>\n<li>Zalecane silniki:\u00a0<a href=\"https:\/\/xorr.pl\/en\/product\/1506-3000kv-silnik-bl-1szt\/\">1506-3000KV motor<\/a><\/li>\n<li>Zalecane FC:\u00a0<a href=\"https:\/\/xorr.pl\/en\/product\/fc-f722-2-6s-aio-35ablheli_32\/\">F722 AIO 35A brushless flight controller<\/a><\/li>\n<\/ul>\n<p><img decoding=\"async\" class=\"aligncenter\" src=\"https:\/\/cdn.shopifycdn.net\/s\/files\/1\/1778\/6615\/files\/af86c37a16eaf28deaa5faa051043e1e_22b42d77-3dd7-42ff-ad95-e07fbdac8057_1024x1024.jpg?v=1618482743\" alt=\"\" \/><\/p>\n<h2>Package:<\/h2>\n<ul>\n<li>1x \u00a0Rama Pavo30<\/li>\n<li>3x Gumowe wyg\u0142uszenie do kamery<\/li>\n<li>1x 19mm FPV Mocowanie kamery<\/li>\n<li>1x 14mm FPV Mocowanie kamery<\/li>\n<li>1x Zapasowa ta\u015bma piankowa EVA Foam Tape<\/li>\n<li>1x Battery strap<\/li>\n<li>1x Zestaw \u015brub monta\u017cowych<\/li>\n<\/ul>\n<p><img decoding=\"async\" class=\"aligncenter\" src=\"https:\/\/cdn.shopifycdn.net\/s\/files\/1\/1778\/6615\/files\/3f89305fb1dabad87b9b93324e3c25cd_0057ba5a-38c3-4006-b189-f62c4395bf72_600x600.jpg?v=1618482674\" alt=\"Pavo30 frame kit\" \/><\/p>","protected":false},"excerpt":{"rendered":"<p>Wersja bez\u00a0karbonu to cz\u0119\u015b\u0107 zamienna do drona Pavo30, nie nadaje si\u0119 do budowania nowego drona, do tego potrzebna jest (druga opcja)\u00a0rama z\u00a0karbonem (do wyboru jako wariant). G\u0142\u00f3wne cechy: Wydzielone mocowanie na anten\u0119. Wykonana z wysokiej jako\u015bci nylonu PA12, dzi\u0119ki temu ram\u0105 absorbuje du\u017co wibracji i energii uderze\u0144, co skutkuje du\u017c\u0105 wytrzyma\u0142o\u015bci\u0105 ca\u0142ego drona. Je\u017celi uszkodzi\u0142e\u015b [&hellip;]<\/p>","protected":false},"featured_media":6849,"template":"","meta":[],"product_cat":[22,23,38],"product_tag":[],"jetpack_sharing_enabled":true,"_links":{"self":[{"href":"https:\/\/xorr.pl\/en\/wp-json\/wp\/v2\/product\/6841"}],"collection":[{"href":"https:\/\/xorr.pl\/en\/wp-json\/wp\/v2\/product"}],"about":[{"href":"https:\/\/xorr.pl\/en\/wp-json\/wp\/v2\/types\/product"}],"wp:featuredmedia":[{"embeddable":true,"href":"https:\/\/xorr.pl\/en\/wp-json\/wp\/v2\/media\/6849"}],"wp:attachment":[{"href":"https:\/\/xorr.pl\/en\/wp-json\/wp\/v2\/media?parent=6841"}],"wp:term":[{"taxonomy":"product_cat","embeddable":true,"href":"https:\/\/xorr.pl\/en\/wp-json\/wp\/v2\/product_cat?post=6841"},{"taxonomy":"product_tag","embeddable":true,"href":"https:\/\/xorr.pl\/en\/wp-json\/wp\/v2\/product_tag?post=6841"}],"curies":[{"name":"wp","href":"https:\/\/api.w.org\/{rel}","templated":true}]}}