{"id":6861,"date":"2022-01-04T21:31:18","date_gmt":"2022-01-04T20:31:18","guid":{"rendered":"https:\/\/xorr.pl\/?post_type=product&#038;p=6861"},"modified":"2023-11-01T14:32:41","modified_gmt":"2023-11-01T13:32:41","slug":"rama-betafpv-65mm-7x16","status":"publish","type":"product","link":"https:\/\/xorr.pl\/en\/product\/rama-betafpv-65mm-7x16\/","title":{"rendered":"Rama Beta65S 65mm na silniki szczotkowe 7&#215;16 v4"},"content":{"rendered":"<p>4 wersja ramy stosowanej w dronach Beta65s oraz Beta65s Lite. Przeznaczona do silnik\u00f3w bezszczotkowych 7x16mm.<\/p>\n<p><img decoding=\"async\" class=\"alignnone size-medium wp-image-6862\" src=\"https:\/\/xorr.pl\/wp-content\/uploads\/2022\/01\/rama_Beta65S-300x300.jpg\" alt=\"\" width=\"300\" height=\"300\" srcset=\"https:\/\/xorr.pl\/wp-content\/uploads\/2022\/01\/rama_Beta65S-300x300.jpg 300w, https:\/\/xorr.pl\/wp-content\/uploads\/2022\/01\/rama_Beta65S-150x150.jpg 150w, https:\/\/xorr.pl\/wp-content\/uploads\/2022\/01\/rama_Beta65S-12x12.jpg 12w, https:\/\/xorr.pl\/wp-content\/uploads\/2022\/01\/rama_Beta65S-100x100.jpg 100w, https:\/\/xorr.pl\/wp-content\/uploads\/2022\/01\/rama_Beta65S.jpg 540w\" sizes=\"(max-width: 300px) 100vw, 300px\" \/><\/p>\n<p>Dost\u0119pna w kolorze niebieskim i bia\u0142ym<\/p>","protected":false},"excerpt":{"rendered":"<p>Je\u017celi zale\u017cy ci na wybranym kolorze, odezwij si\u0119 do nas an czacie, postaramy si\u0119 pom\u00f3c \ud83d\ude42<\/p>","protected":false},"featured_media":6862,"template":"","meta":[],"product_cat":[22,23,38],"product_tag":[],"jetpack_sharing_enabled":true,"_links":{"self":[{"href":"https:\/\/xorr.pl\/en\/wp-json\/wp\/v2\/product\/6861"}],"collection":[{"href":"https:\/\/xorr.pl\/en\/wp-json\/wp\/v2\/product"}],"about":[{"href":"https:\/\/xorr.pl\/en\/wp-json\/wp\/v2\/types\/product"}],"wp:featuredmedia":[{"embeddable":true,"href":"https:\/\/xorr.pl\/en\/wp-json\/wp\/v2\/media\/6862"}],"wp:attachment":[{"href":"https:\/\/xorr.pl\/en\/wp-json\/wp\/v2\/media?parent=6861"}],"wp:term":[{"taxonomy":"product_cat","embeddable":true,"href":"https:\/\/xorr.pl\/en\/wp-json\/wp\/v2\/product_cat?post=6861"},{"taxonomy":"product_tag","embeddable":true,"href":"https:\/\/xorr.pl\/en\/wp-json\/wp\/v2\/product_tag?post=6861"}],"curies":[{"name":"wp","href":"https:\/\/api.w.org\/{rel}","templated":true}]}}