{"id":6876,"date":"2022-01-11T00:54:54","date_gmt":"2022-01-10T23:54:54","guid":{"rendered":"https:\/\/xorr.pl\/?post_type=product&#038;p=6876"},"modified":"2023-11-01T12:56:15","modified_gmt":"2023-11-01T11:56:15","slug":"plyta-glowna-literadio-2-se-elrs","status":"publish","type":"product","link":"https:\/\/xorr.pl\/en\/product\/plyta-glowna-literadio-2-se-elrs\/","title":{"rendered":"P\u0142yta g\u0142\u00f3wna LiteRadio 2 SE ELRS"},"content":{"rendered":"<p><img decoding=\"async\" class=\"aligncenter\" src=\"https:\/\/cdn.shopifycdn.net\/s\/files\/1\/1778\/6615\/files\/FB_edd06926-ff9f-4137-ab24-30db7fff7b05_1024x1024.jpg?v=1632837799\" alt=\"\" \/><\/p>\n<h2>Specification<\/h2>\n<ul>\n<li>8 kana\u0142\u00f3w nadawania<\/li>\n<li>Protok\u00f3\u0142 ExpressLRS 2.4G<\/li>\n<li>Moce nadawania: 25mW, 50mW and 100mW<\/li>\n<li>Wsparcie dla cz\u0119stotliwo\u015bci: 50Hz, 150Hz, 250Hz i 500Hz<\/li>\n<li>BETAFPV Configurator pomo\u017ce ci skonfigurowa\u0107 radio<\/li>\n<li>Mo\u017cesz korzysta\u0107 z radia wyposa\u017conego w t\u0105 p\u0142yt\u0119 g\u0142\u00f3wn\u0105 jako z joysticka do symulatora<\/li>\n<\/ul>\n<p>&nbsp;<\/p>\n<div><img decoding=\"async\" class=\"aligncenter\" src=\"https:\/\/cdn.shopifycdn.net\/s\/files\/1\/1778\/6615\/files\/2_0043ce91-7258-468b-8dad-e60d86a39afd_1024x1024.jpg?v=1633568045\" alt=\"\" \/><\/div>\n<h2>Diagram of LiteRadio 2 SE<\/h2>\n<p><img decoding=\"async\" class=\"aligncenter\" src=\"https:\/\/cdn.shopifycdn.net\/s\/files\/1\/1778\/6615\/files\/7df8688fa44fe97c4d178567042b1fe9_0d5c19ab-e729-4eff-8da6-53720ca6b9eb_600x600.jpg?v=1632879571\" alt=\"\" \/><\/p>\n<p><img decoding=\"async\" class=\"aligncenter\" src=\"https:\/\/cdn.shopifycdn.net\/s\/files\/1\/1778\/6615\/files\/88a3c8d54cce36d656c9fd127db8e037_a1e623c2-9300-4aa1-99bf-985ea13c1c31_600x600.jpg?v=1632879607\" alt=\"\" \/><\/p>\n<div style=\"text-align: left;\"><\/div>\n<h2>Package:<\/h2>\n<ul>\n<li>1x LiteRadio 2 SE P\u0142yta g\u0142\u00f3wna<\/li>\n<\/ul>","protected":false},"excerpt":{"rendered":"<p>Oto p\u0142yta g\u0142\u00f3wna radia LiteRadio 2 SE &#8211; ELRS. Pasuje zar\u00f3wno do LiteRadio 2 oraz <a href=\"https:\/\/xorr.pl\/en\/product\/literadio-2-se-frysky-mode-2\/\">LiteRadio 2 SE<\/a>. Je\u017celi masz ju\u017c LiteRadio 2 to jest najta\u0144szy spos\u00f3b na przej\u015bcie na coraz popularniejszy protok\u00f3\u0142 ELRS.<\/p>","protected":false},"featured_media":6877,"template":"","meta":[],"product_cat":[22,32,41],"product_tag":[],"jetpack_sharing_enabled":true,"_links":{"self":[{"href":"https:\/\/xorr.pl\/en\/wp-json\/wp\/v2\/product\/6876"}],"collection":[{"href":"https:\/\/xorr.pl\/en\/wp-json\/wp\/v2\/product"}],"about":[{"href":"https:\/\/xorr.pl\/en\/wp-json\/wp\/v2\/types\/product"}],"wp:featuredmedia":[{"embeddable":true,"href":"https:\/\/xorr.pl\/en\/wp-json\/wp\/v2\/media\/6877"}],"wp:attachment":[{"href":"https:\/\/xorr.pl\/en\/wp-json\/wp\/v2\/media?parent=6876"}],"wp:term":[{"taxonomy":"product_cat","embeddable":true,"href":"https:\/\/xorr.pl\/en\/wp-json\/wp\/v2\/product_cat?post=6876"},{"taxonomy":"product_tag","embeddable":true,"href":"https:\/\/xorr.pl\/en\/wp-json\/wp\/v2\/product_tag?post=6876"}],"curies":[{"name":"wp","href":"https:\/\/api.w.org\/{rel}","templated":true}]}}