{"id":6900,"date":"2022-01-16T23:26:22","date_gmt":"2022-01-16T22:26:22","guid":{"rendered":"https:\/\/xorr.pl\/?post_type=product&#038;p=6900"},"modified":"2024-07-05T10:40:10","modified_gmt":"2024-07-05T08:40:10","slug":"silniki-1102-betafpv","status":"publish","type":"product","link":"https:\/\/xorr.pl\/en\/product\/silniki-1102-betafpv\/","title":{"rendered":"Silniki BetaFPV 1102 &#8211; kabel 37mm"},"content":{"rendered":"<p><span class=\"a-list-item\"><img decoding=\"async\" class=\"aligncenter\" src=\"https:\/\/cdn.shopify.com\/s\/files\/1\/1778\/6615\/files\/1102_18000KV_FB_c7da8ac8-ba40-4888-b6dc-66beddbf8976_1024x1024.jpg?v=1578020077\" alt=\"\" \/><\/span><\/p>\n<p>Dzi\u0119ki zastosowaniu \u0142o\u017cysk k\u00f3lkowych kultura pracy silnik\u00f3w znacznie wzros\u0142a.<\/p>\n<p><img decoding=\"async\" class=\"aligncenter\" src=\"https:\/\/cdn.shopify.com\/s\/files\/1\/1778\/6615\/files\/0802_5e4af4b4-b563-4447-bc91-723d67f6512d_600x600.jpg?v=1572258213\" alt=\"\" \/><\/p>\n<h2>Bullet Point<\/h2>\n<ul>\n<li>\u0141o\u017cyska k\u00f3lkowe.<\/li>\n<li>Ogromna moc jak na 3,.01g wagi.<\/li>\n<li>Przewody przylutowane do p\u0142ytki PCB co pomaga w szybkich naprawach.<\/li>\n<\/ul>\n<h2>Specification<\/h2>\n<ul>\n<li>Wysoko\u015b\u0107: 15.2mm<\/li>\n<li>Waga: 2.95g \/ szt.<\/li>\n<li>Shaft: \u03c61.5mm<\/li>\n<li>KV (rpm\/V): 18000KV<\/li>\n<li>Input: 1-2S lipo<\/li>\n<li>d\u0142ugo\u015b\u0107 przewodu: 37mm<\/li>\n<li>Z\u0142\u0105cze i kabel: Micro JST-1.25 3-pin przewodami 30AWG<\/li>\n<\/ul>\n<div><\/div>\n<div><img decoding=\"async\" src=\"https:\/\/cdn.shopifycdn.net\/s\/files\/1\/1778\/6615\/files\/50mm_600x600.jpg?v=1623841289\" alt=\"\" \/><\/div>\n<p>&nbsp;<\/p>\n<h2>Package:<\/h2>\n<ul>\n<li>4x Silnik 1102 18000KV<\/li>\n<li>1x Zestaw \u015brub M1.4*4<\/li>\n<\/ul>","protected":false},"excerpt":{"rendered":"<p>Silniki bezszczotkowe o rozmiarze 1102 marki BetaFpv. Nadaj\u0105 si\u0119 idealnie do dron\u00f3w 1S tj. HX100 czy Beta75Pro<\/p>","protected":false},"featured_media":6901,"template":"","meta":[],"product_cat":[22,32,36],"product_tag":[],"jetpack_sharing_enabled":true,"_links":{"self":[{"href":"https:\/\/xorr.pl\/en\/wp-json\/wp\/v2\/product\/6900"}],"collection":[{"href":"https:\/\/xorr.pl\/en\/wp-json\/wp\/v2\/product"}],"about":[{"href":"https:\/\/xorr.pl\/en\/wp-json\/wp\/v2\/types\/product"}],"wp:featuredmedia":[{"embeddable":true,"href":"https:\/\/xorr.pl\/en\/wp-json\/wp\/v2\/media\/6901"}],"wp:attachment":[{"href":"https:\/\/xorr.pl\/en\/wp-json\/wp\/v2\/media?parent=6900"}],"wp:term":[{"taxonomy":"product_cat","embeddable":true,"href":"https:\/\/xorr.pl\/en\/wp-json\/wp\/v2\/product_cat?post=6900"},{"taxonomy":"product_tag","embeddable":true,"href":"https:\/\/xorr.pl\/en\/wp-json\/wp\/v2\/product_tag?post=6900"}],"curies":[{"name":"wp","href":"https:\/\/api.w.org\/{rel}","templated":true}]}}