{"id":6904,"date":"2022-01-16T23:38:41","date_gmt":"2022-01-16T22:38:41","guid":{"rendered":"https:\/\/xorr.pl\/?post_type=product&#038;p=6904"},"modified":"2024-07-05T10:44:09","modified_gmt":"2024-07-05T08:44:09","slug":"smigla-gemfan-31mm-4-blade-0-8mm","status":"publish","type":"product","link":"https:\/\/xorr.pl\/en\/product\/smigla-gemfan-31mm-4-blade-0-8mm\/","title":{"rendered":"\u015amig\u0142a Gemfan 31mm 4-blade (0.8mm)"},"content":{"rendered":"<h2>Specification<\/h2>\n<ul>\n<li>Materia\u0142: PC<\/li>\n<li>Shaft: 0.8mm<\/li>\n<li>Waga: 0.31g<\/li>\n<\/ul>\n<p><img decoding=\"async\" class=\"size-medium wp-image-6909 aligncenter\" src=\"https:\/\/xorr.pl\/wp-content\/uploads\/2022\/01\/image-300x300.png\" alt=\"\" width=\"300\" height=\"300\" srcset=\"https:\/\/xorr.pl\/wp-content\/uploads\/2022\/01\/image-300x300.png 300w, https:\/\/xorr.pl\/wp-content\/uploads\/2022\/01\/image-150x150.png 150w, https:\/\/xorr.pl\/wp-content\/uploads\/2022\/01\/image-12x12.png 12w, https:\/\/xorr.pl\/wp-content\/uploads\/2022\/01\/image-100x100.png 100w, https:\/\/xorr.pl\/wp-content\/uploads\/2022\/01\/image.png 600w\" sizes=\"(max-width: 300px) 100vw, 300px\" \/><\/p>\n<h2>Package:<\/h2>\n<ul>\n<li>2x CW \u015amig\u0142a 31mm (0.8mm Shaft)<\/li>\n<li>2x CCW \u015amig\u0142a 31mm (0.8mm Shaft)<\/li>\n<\/ul>\n<p><img decoding=\"async\" src=\"https:\/\/cdn.shopify.cn\/s\/files\/1\/1778\/6615\/files\/1_79b041f2-d110-4e41-92e2-a1c9d4abc88b_600x600.jpg?v=1585710140\" alt=\"\" \/><\/p>\n<p>&nbsp;<\/p>","protected":false},"excerpt":{"rendered":"<p>Te \u015bmig\u0142a zosta\u0142y specjalnie stworzone do whoop&#8217;\u00f3w wielko\u015bci 65mm z silnikami z Shafter 1.0mm lub 0.8mm.<\/p>\n<h2><\/h2>","protected":false},"featured_media":6907,"template":"","meta":[],"product_cat":[22,23,35],"product_tag":[],"jetpack_sharing_enabled":true,"_links":{"self":[{"href":"https:\/\/xorr.pl\/en\/wp-json\/wp\/v2\/product\/6904"}],"collection":[{"href":"https:\/\/xorr.pl\/en\/wp-json\/wp\/v2\/product"}],"about":[{"href":"https:\/\/xorr.pl\/en\/wp-json\/wp\/v2\/types\/product"}],"wp:featuredmedia":[{"embeddable":true,"href":"https:\/\/xorr.pl\/en\/wp-json\/wp\/v2\/media\/6907"}],"wp:attachment":[{"href":"https:\/\/xorr.pl\/en\/wp-json\/wp\/v2\/media?parent=6904"}],"wp:term":[{"taxonomy":"product_cat","embeddable":true,"href":"https:\/\/xorr.pl\/en\/wp-json\/wp\/v2\/product_cat?post=6904"},{"taxonomy":"product_tag","embeddable":true,"href":"https:\/\/xorr.pl\/en\/wp-json\/wp\/v2\/product_tag?post=6904"}],"curies":[{"name":"wp","href":"https:\/\/api.w.org\/{rel}","templated":true}]}}