{"id":6923,"date":"2022-01-25T16:01:50","date_gmt":"2022-01-25T15:01:50","guid":{"rendered":"https:\/\/xorr.pl\/?post_type=product&#038;p=6923"},"modified":"2024-06-07T14:50:23","modified_gmt":"2024-06-07T12:50:23","slug":"literadio-3","status":"publish","type":"product","link":"https:\/\/xorr.pl\/en\/product\/literadio-3\/","title":{"rendered":"LiteRadio 3"},"content":{"rendered":"<p>LiteRadio 3 Radio Transmitter is the newest remote control in the LiteRadio series. This transmitter features an ergonomically designed handle and has superb performance in its working time, newly updated gimbal, and multi-protocol support (Frsky version). Besides, this version supports BETAFPV Configurator which is a utility designed to simply update, configure, and tune the radio controller.<\/p>\n<p><img decoding=\"async\" src=\"https:\/\/cdn.shopifycdn.net\/s\/files\/1\/1778\/6615\/files\/FB-_1_2eaa53e6-66c8-40a4-bcab-9a013694836f_1024x1024.jpg?v=1639538103\" alt=\"\" border=\"0\" \/><\/p>\n<p>LiteRadio 3 is a remote control radio transmitter designed primarily for RC models, including multirotor, airplanes. It gives you more than you ever thought possible from an entry-level 8-channel radio.<\/p>\n<ul>\n<li>8 channels in total.<\/li>\n<li>USB Joystick support for most practice simulators.<\/li>\n<li>Nano module bay for external TX module.<\/li>\n<li>Newly designed joystick gimbal for longer usage life.<\/li>\n<li>Support BETAFPV Configurator for updating, configuring, and tuning.<\/li>\n<li>Provide ExpressLRS 2.4G protocol version and Frsky protocol version for option.<\/li>\n<li>Built-in 2000mAh battery and USB charge supported.<\/li>\n<\/ul>\n<p><img decoding=\"async\" src=\"https:\/\/cdn.shopifycdn.net\/s\/files\/1\/1778\/6615\/files\/FB_800a6f83-5457-4d62-b56b-4a0d6e9573aa_1024x1024.jpg?v=1639446008\" alt=\"\" border=\"0\" \/><\/p>\n<ul>\n<li>LiteRadio 3 upgrades with BETAFPV self-developed Customized LiteRadio System. Pilots can directly operate the Joystick Calibration and Firmware Update on the radio transmitter, which is more convenient for the beginner racer to operate.<\/li>\n<li>Equipped with a built-in 2000 mAh 1S battery, LiteRadio 3 can work up to 15 hours without an external module, bringing an excellent endurance performance.<\/li>\n<li>Comes with a built-in charging module, LiteRadio 3 supports USB charging which is more convenient to use. Meanwhile, it designs a Low-Power warning to indicate a low battery. It indicates a low battery and needs to be re-charged if the blue light flashes slowly and the buzzer beeps continuously.<\/li>\n<li>Newly designed with a nano bay, it supports the external TX module. Highly recommend BETAFPV ELRS Nano Module, which is compatible with the LiteRadio 3 radio transmitter and makes CRSF protocol available.<\/li>\n<li>Adopted the rubber coat, LiteRadio 3 is ergonomic and has the shape of a gaming controller. It's comfortable to hold, and the anti-slip texture on the handles allows for a solid grip.<\/li>\n<li>It is the safest and quickest method to get started by using a model practice simulator for starters. LiteRadio 3 radio transmitter supports most of the simulators on market with comprehensive configuration.\nSpecification<\/li>\n<\/ul>\n<h2>Specification<\/h2>\n<ul>\n<li>Item: LiteRadio 3 Radio Transmitter<\/li>\n<li>Frequency Range: 2.4G\u00a0<span class=\"__aliyun_node_has_color __aliyun_node_has_bgcolor\">2.4G<\/span><\/li>\n<li>2.4G System: CC2500\/SX1280<\/li>\n<li>Channel: 8<\/li>\n<li>Support Protocol: Futaba S-FHSS\/Frsky FCC D16\/Frsky LBT D16\/Frsky D8, ExpressLRS 2.4G<\/li>\n<li>Power: ELRS version 25mW\/50mW\/100mW, Frsky version 100mW<\/li>\n<li>Adapted Drone Type: Multirotor, Airplane<\/li>\n<li>Support USB Charging \/ Firmware Update<\/li>\n<li>Support BETAFPV Configurator \/ Most Practice Simulator<\/li>\n<li>LED Light: Green-Power On \/ Red-Warning if the voltage is lower than 3.5V \/ Blue-Normal<\/li>\n<li>Battery: Built-in 2000mAh 1S Battery<\/li>\n<li>Charging Connector: USB 3.0 Type-C<\/li>\n<li>Recommend External TX Module: ELRS Nano TX Module<\/li>\n<li>Recommend Accessories: Nano Gimbal for LiteRadio 3, Storage Case, Transmitter Neck Strap<\/li>\n<\/ul>\n<h2><\/h2>\n<h2>BETAFPV Configurator<\/h2>\n<p>BETAFPV Configurator is a utility designed to simplify updating, configuring, and tuning the radio transmitter.<\/p>\n<article class=\"4ever-article\" data-clipboard-cangjie=\"[&quot;root&quot;,{&quot;copyFrom&quot;:1994403608},[&quot;p&quot;,{},[&quot;span&quot;,{&quot;data-type&quot;:&quot;text&quot;},[&quot;span&quot;,{&quot;data-type&quot;:&quot;leaf&quot;},&quot;BETAFPV Configurator is utility designed to simplify updating, configuring and tuning the radio transmitter.&quot;]]],[&quot;p&quot;,{},[&quot;span&quot;,{&quot;data-type&quot;:&quot;text&quot;},[&quot;span&quot;,{&quot;data-type&quot;:&quot;leaf&quot;},&quot;&quot;]]],[&quot;p&quot;,{},[&quot;span&quot;,{&quot;data-type&quot;:&quot;text&quot;},[&quot;span&quot;,{&quot;data-type&quot;:&quot;leaf&quot;},&quot;Download address: &quot;]],[&quot;a&quot;,{&quot;href&quot;:&quot;https:\/\/github.com\/BETAFPV\/BETAFPV_Configurator\/releases&quot;},[&quot;span&quot;,{&quot;data-type&quot;:&quot;text&quot;},[&quot;span&quot;,{&quot;data-type&quot;:&quot;leaf&quot;},&quot;https:\/\/github.com\/BETAFPV\/BETAFPV_Configurator\/releases&quot;]]],[&quot;span&quot;,{&quot;data-type&quot;:&quot;text&quot;},[&quot;span&quot;,{&quot;data-type&quot;:&quot;leaf&quot;},&quot; &quot;]]]]\">The function of the BETAFPV Configurator is listed below.<\/p>\n<ul>\n<li>Basic radio controller setup, like mode switch, turn on\/off RF modules.<\/li>\n<li>Full function of the ExpressLRS configuration, like outpower, packet rate, etc.<\/li>\n<li>Channel mixer for fix wing drones.<\/li>\n<li>Firmware update.<\/li>\n<\/ul>\n<p><img decoding=\"async\" src=\"https:\/\/cdn.shopifycdn.net\/s\/files\/1\/1778\/6615\/files\/FB_ffec8dea-e4dd-496b-b201-8ebe6db79bbf_1024x1024.jpg?v=1639558654\" alt=\"\" border=\"0\" \/><\/p>\n<\/article>\n<p><em>DO NOT power on the transmitter first and connect it to the PC. The USB port is invalid in this situation.<\/em><\/p>\n<h2>How to switch the protocol<\/h2>\n<p><strong>Note: Switching internal protocol is only available for the Frsky version radio transmitter. ExpressLRS version can only switch to the external TX module.<\/strong><\/p>\n<p>To change protocols and TX module, here are the steps:<\/p>\n<ul>\n<li>Power the radio transmitter off;<\/li>\n<li>Press and hold the BIND button while powering the radio transmitter back on;<\/li>\n<li>Then the flash color and times of the LED before buzzer alarms will change, according to the tables above.<\/li>\n<\/ul>\n<div>The Frsky version could support 4 different internal protocols, including Frsky D16 FCC, Frsky D16 LBT, Frsky D8, and Futaba S-FHSS. The protocol is indicated by the flashing times of the LED when power on, before the buzzer alarms.<\/div>\n<div>\n<div class=\"table-wrapper\">\n<table class=\"sc-jHwEnZ jfRddW\" width=\"100%\">\n<tbody>\n<tr data-cangjie-key=\"10036\">\n<td class=\"sc-pYBma ewstdt\" colspan=\"2\" rowspan=\"1\" data-type=\"table-cell\" data-cangjie-key=\"10038\">\n<div data-cangjie-leaf-block=\"true\">\n<div class=\"sc-kHzxZO cTdygF\">\n<div class=\"sc-pciXn kKVZfa\" data-type=\"paragraph\" data-cangjie-key=\"10040\"><strong>Frsky Version<\/strong><\/div>\n<\/div>\n<\/div>\n<\/td>\n<\/tr>\n<tr data-cangjie-key=\"10048\">\n<td class=\"sc-pYBma ewstdt\" colspan=\"1\" rowspan=\"1\" data-type=\"table-cell\" data-cangjie-key=\"10050\">\n<div data-cangjie-leaf-block=\"true\">\n<div class=\"sc-kHzxZO cTdygF\">\n<div class=\"sc-pciXn kKVZfa\" data-type=\"paragraph\" data-cangjie-key=\"10052\"><strong>LED Status<\/strong><\/div>\n<\/div>\n<\/div>\n<\/td>\n<td class=\"sc-pYBma ewstdt\" colspan=\"1\" rowspan=\"1\" data-type=\"table-cell\" data-cangjie-key=\"10055\">\n<div data-cangjie-leaf-block=\"true\">\n<div class=\"sc-kHzxZO cTdygF\">\n<div class=\"sc-pciXn kKVZfa\" data-type=\"paragraph\" data-cangjie-key=\"10057\"><strong>Protocol Version<\/strong><\/div>\n<\/div>\n<\/div>\n<\/td>\n<\/tr>\n<tr data-cangjie-key=\"10060\">\n<td class=\"sc-pYBma ewstdt\" colspan=\"1\" rowspan=\"1\" data-type=\"table-cell\" data-cangjie-key=\"10062\">\n<div data-cangjie-leaf-block=\"true\">\n<div class=\"sc-kHzxZO cTdygF\">\n<div class=\"sc-pciXn kKVZfa\" data-type=\"paragraph\" data-cangjie-key=\"10064\"><span data-cangjie-mark=\"true\" data-testid=\"10066:0\" data-cangjie-leaf=\"true\" data-cangjie-key=\"10066:0\">Red Flash once<\/span><\/div>\n<\/div>\n<\/div>\n<\/td>\n<td class=\"sc-pYBma ewstdt\" colspan=\"1\" rowspan=\"1\" data-type=\"table-cell\" data-cangjie-key=\"10067\">\n<div data-cangjie-leaf-block=\"true\">\n<div class=\"sc-kHzxZO cTdygF\">\n<div class=\"sc-pciXn kKVZfa\" data-type=\"paragraph\" data-cangjie-key=\"10069\"><span data-cangjie-mark=\"true\" data-testid=\"10071:0\" data-cangjie-leaf=\"true\" data-cangjie-key=\"10071:0\">Internal Frsky D16 FCC (ACCST 1.X Version)\u00a0<\/span><span data-cangjie-mark=\"true\" data-testid=\"10071:9\" data-cangjie-leaf=\"true\" data-cangjie-key=\"10071:9\">Frsky D16 FCC (wersja ACCST 1.X)<\/span><\/div>\n<\/div>\n<\/div>\n<\/td>\n<\/tr>\n<tr data-cangjie-key=\"10072\">\n<td class=\"sc-pYBma ewstdt\" colspan=\"1\" rowspan=\"1\" data-type=\"table-cell\" data-cangjie-key=\"10074\">\n<div data-cangjie-leaf-block=\"true\">\n<div class=\"sc-kHzxZO cTdygF\">\n<div class=\"sc-pciXn kKVZfa\" data-type=\"paragraph\" data-cangjie-key=\"10076\"><span data-cangjie-mark=\"true\" data-testid=\"10078:0\" data-cangjie-leaf=\"true\" data-cangjie-key=\"10078:0\">Red Flash twice<\/span><\/div>\n<\/div>\n<\/div>\n<\/td>\n<td class=\"sc-pYBma ewstdt\" colspan=\"1\" rowspan=\"1\" data-type=\"table-cell\" data-cangjie-key=\"10079\">\n<div data-cangjie-leaf-block=\"true\">\n<div class=\"sc-kHzxZO cTdygF\">\n<div class=\"sc-pciXn kKVZfa\" data-type=\"paragraph\" data-cangjie-key=\"10081\"><span data-cangjie-mark=\"true\" data-testid=\"10083:0\" data-cangjie-leaf=\"true\" data-cangjie-key=\"10083:0\">Internal Frsky D16 FCC (ACCST 1.X Version)\u00a0<\/span><span data-cangjie-mark=\"true\" data-testid=\"10083:9\" data-cangjie-leaf=\"true\" data-cangjie-key=\"10083:9\">Frsky D16 LBT (wersja ACCST 1.X)<\/span><\/div>\n<\/div>\n<\/div>\n<\/td>\n<\/tr>\n<tr data-cangjie-key=\"10084\">\n<td class=\"sc-pYBma ewstdt\" colspan=\"1\" rowspan=\"1\" data-type=\"table-cell\" data-cangjie-key=\"10086\">\n<div data-cangjie-leaf-block=\"true\">\n<div class=\"sc-kHzxZO cTdygF\">\n<div class=\"sc-pciXn kKVZfa\" data-type=\"paragraph\" data-cangjie-key=\"10088\"><span data-cangjie-mark=\"true\" data-testid=\"10090:0\" data-cangjie-leaf=\"true\" data-cangjie-key=\"10090:0\">Red Flash Three Times<\/span><\/div>\n<\/div>\n<\/div>\n<\/td>\n<td class=\"sc-pYBma ewstdt\" colspan=\"1\" rowspan=\"1\" data-type=\"table-cell\" data-cangjie-key=\"10091\">\n<div data-cangjie-leaf-block=\"true\">\n<div class=\"sc-kHzxZO cTdygF\">\n<div class=\"sc-pciXn kKVZfa\" data-type=\"paragraph\" data-cangjie-key=\"10093\"><span data-cangjie-mark=\"true\" data-testid=\"10095:0\" data-cangjie-leaf=\"true\" data-cangjie-key=\"10095:0\">Internal Frsky D16 FCC (ACCST 1.X Version)\u00a0<\/span><span data-cangjie-mark=\"true\" data-testid=\"10095:9\" data-cangjie-leaf=\"true\" data-cangjie-key=\"10095:9\">Frsky D8<\/span><\/div>\n<\/div>\n<\/div>\n<\/td>\n<\/tr>\n<tr data-cangjie-key=\"10096\">\n<td class=\"sc-pYBma ewstdt\" colspan=\"1\" rowspan=\"1\" data-type=\"table-cell\" data-cangjie-key=\"10098\">\n<div data-cangjie-leaf-block=\"true\">\n<div class=\"sc-kHzxZO cTdygF\">\n<div class=\"sc-pciXn kKVZfa\" data-type=\"paragraph\" data-cangjie-key=\"10100\"><span data-cangjie-mark=\"true\" data-testid=\"10102:0\" data-cangjie-leaf=\"true\" data-cangjie-key=\"10102:0\">Red Flash Four Times<\/span><\/div>\n<\/div>\n<\/div>\n<\/td>\n<td class=\"sc-pYBma ewstdt\" colspan=\"1\" rowspan=\"1\" data-type=\"table-cell\" data-cangjie-key=\"10103\">\n<div data-cangjie-leaf-block=\"true\">\n<div class=\"sc-kHzxZO cTdygF\">\n<div class=\"sc-pciXn kKVZfa\" data-type=\"paragraph\" data-cangjie-key=\"10105\"><span data-cangjie-mark=\"true\" data-testid=\"10107:0\" data-cangjie-leaf=\"true\" data-cangjie-key=\"10107:0\">Internal Futaba S-FHSS\u00a0<\/span><span data-cangjie-mark=\"true\" data-testid=\"10107:9\" data-cangjie-leaf=\"true\" data-cangjie-key=\"10107:9\">Futaba S-FHSS<\/span><\/div>\n<\/div>\n<\/div>\n<\/td>\n<\/tr>\n<tr data-cangjie-key=\"10108\">\n<td class=\"sc-pYBma ewstdt\" colspan=\"1\" rowspan=\"1\" data-type=\"table-cell\" data-cangjie-key=\"10110\">\n<div data-cangjie-leaf-block=\"true\">\n<div class=\"sc-kHzxZO cTdygF\">\n<div class=\"sc-pciXn kKVZfa\" data-type=\"paragraph\" data-cangjie-key=\"10112\"><span data-cangjie-mark=\"true\" data-testid=\"10114:0\" data-cangjie-leaf=\"true\" data-cangjie-key=\"10114:0\">Purple Flash Three Times Quickly<\/span><\/div>\n<\/div>\n<\/div>\n<\/td>\n<td class=\"sc-pYBma ewstdt\" colspan=\"1\" rowspan=\"1\" data-type=\"table-cell\" data-cangjie-key=\"10115\">\n<div data-cangjie-leaf-block=\"true\">\n<div class=\"sc-kHzxZO cTdygF\">\n<div class=\"sc-pciXn kKVZfa\" data-type=\"paragraph\" data-cangjie-key=\"10117\"><span data-cangjie-mark=\"true\" data-testid=\"10119:0\" data-cangjie-leaf=\"true\" data-cangjie-key=\"10119:0\">Internal TX Module Off and Run External TX Module<\/span><\/div>\n<\/div>\n<\/div>\n<\/td>\n<\/tr>\n<\/tbody>\n<\/table>\n<\/div>\n<\/div>\n<div>\n<div class=\"table-wrapper\">\n<table class=\"sc-jHwEnZ jfRddW\" width=\"100%\">\n<tbody>\n<tr data-cangjie-key=\"10036\">\n<td class=\"sc-pYBma ewstdt\" colspan=\"2\" rowspan=\"1\" data-cangjie-key=\"10038\" data-type=\"table-cell\">\n<div data-cangjie-leaf-block=\"true\">\n<div class=\"sc-kHzxZO cTdygF\">\n<div class=\"sc-pciXn kKVZfa\" data-cangjie-key=\"10040\" data-type=\"paragraph\"><strong>ExpressLRS Version<\/strong><\/div>\n<\/div>\n<\/div>\n<\/td>\n<\/tr>\n<tr data-cangjie-key=\"10048\">\n<td class=\"sc-pYBma ewstdt\" colspan=\"1\" rowspan=\"1\" data-cangjie-key=\"10050\" data-type=\"table-cell\">\n<div data-cangjie-leaf-block=\"true\">\n<div class=\"sc-kHzxZO cTdygF\">\n<div class=\"sc-pciXn kKVZfa\" data-cangjie-key=\"10052\" data-type=\"paragraph\"><strong>LED Status<\/strong><\/div>\n<\/div>\n<\/div>\n<\/td>\n<td class=\"sc-pYBma ewstdt\" colspan=\"1\" rowspan=\"1\" data-cangjie-key=\"10055\" data-type=\"table-cell\">\n<div data-cangjie-leaf-block=\"true\">\n<div class=\"sc-kHzxZO cTdygF\">\n<div class=\"sc-pciXn kKVZfa\" data-cangjie-key=\"10057\" data-type=\"paragraph\"><strong>Protocol Version<\/strong><\/div>\n<\/div>\n<\/div>\n<\/td>\n<\/tr>\n<tr data-cangjie-key=\"10060\">\n<td class=\"sc-pYBma ewstdt\" colspan=\"1\" rowspan=\"1\" data-cangjie-key=\"10062\" data-type=\"table-cell\">\n<div data-cangjie-leaf-block=\"true\">\n<div class=\"sc-kHzxZO cTdygF\">\n<div class=\"sc-pciXn kKVZfa\" data-cangjie-key=\"10064\" data-type=\"paragraph\"><span data-cangjie-key=\"10066:0\" data-cangjie-leaf=\"true\" data-testid=\"10066:0\" data-cangjie-mark=\"true\">Red Flash once<\/span><\/div>\n<\/div>\n<\/div>\n<\/td>\n<td class=\"sc-pYBma ewstdt\" colspan=\"1\" rowspan=\"1\" data-cangjie-key=\"10067\" data-type=\"table-cell\"><span data-cangjie-key=\"10160:9\" data-cangjie-leaf=\"true\" data-testid=\"10160:9\" data-cangjie-mark=\"true\">Internal Futaba S-FHSS\u00a0<\/span><span data-cangjie-key=\"10160:0\" data-cangjie-leaf=\"true\" data-testid=\"10160:0\" data-cangjie-mark=\"true\">ELRS<\/span>\u00a0_<\/td>\n<\/tr>\n<tr data-cangjie-key=\"10108\">\n<td class=\"sc-pYBma ewstdt\" colspan=\"1\" rowspan=\"1\" data-cangjie-key=\"10110\" data-type=\"table-cell\">\n<div data-cangjie-leaf-block=\"true\">\n<div class=\"sc-kHzxZO cTdygF\">\n<div class=\"sc-pciXn kKVZfa\" data-cangjie-key=\"10112\" data-type=\"paragraph\"><span data-cangjie-key=\"10114:0\" data-cangjie-leaf=\"true\" data-testid=\"10114:0\" data-cangjie-mark=\"true\">Purple Flash Three Times Quickly<\/span><\/div>\n<\/div>\n<\/div>\n<\/td>\n<td class=\"sc-pYBma ewstdt\" colspan=\"1\" rowspan=\"1\" data-cangjie-key=\"10115\" data-type=\"table-cell\">\n<div data-cangjie-leaf-block=\"true\">\n<div class=\"sc-kHzxZO cTdygF\">\n<div class=\"sc-pciXn kKVZfa\" data-cangjie-key=\"10117\" data-type=\"paragraph\"><span data-cangjie-key=\"10119:0\" data-cangjie-leaf=\"true\" data-testid=\"10119:0\" data-cangjie-mark=\"true\">Internal TX Module Off and Run External TX Module<\/span><\/div>\n<\/div>\n<\/div>\n<\/td>\n<\/tr>\n<\/tbody>\n<\/table>\n<\/div>\n<\/div>\n<p><em>Note: LiteRadio 3 Frsky version only works with D16 ACCST 1.X Frsky protocol. So if you use a Frsky receiver with D16 ACCST 2.X version or ACCESS version, the binding will fail.<\/em><\/p>\n<h2>Schemat LiteRadio 3<\/h2>\n<p><img decoding=\"async\" src=\"https:\/\/cdn.shopifycdn.net\/s\/files\/1\/1778\/6615\/files\/a9e3684c-4b31-4469-ae02-f09618fb8ede_480x480.jpg?v=1637140053\" alt=\"\" width=\"437\" height=\"480\" border=\"0\" \/><\/p>\n<p><img decoding=\"async\" src=\"https:\/\/cdn.shopifycdn.net\/s\/files\/1\/1778\/6615\/files\/5e8831d1-f075-43bb-9797-5e437b524753_480x480.jpg?v=1637140082\" alt=\"\" width=\"437\" height=\"284\" border=\"0\" \/><\/p>","protected":false},"excerpt":{"rendered":"<p>Nadajnik radiowy LiteRadio 3 to najnowszy pilot zdalnego sterowania w\u00a0serii LiteRadio.\u00a0Ten nadajnik ma ergonomicznie zaprojektowan\u0105 r\u0105czk\u0119 i ma doskona\u0142\u0105 wydajno\u015b\u0107 w czasie pracy, nowo zaktualizowany gimbal i obs\u0142ug\u0119 wielu protoko\u0142\u00f3w (wersja Frsky).\u00a0Poza tym ta wersja obs\u0142uguje BETAFPV Configurator, kt\u00f3ry jest narz\u0119dziem przeznaczonym do prostej aktualizacji, konfiguracji i dostrajania kontrolera radiowego. LiteRadio 3 to nadajnik radiowy [&hellip;]<\/p>","protected":false},"featured_media":6924,"template":"","meta":[],"product_cat":[22,32,41],"product_tag":[],"jetpack_sharing_enabled":true,"_links":{"self":[{"href":"https:\/\/xorr.pl\/en\/wp-json\/wp\/v2\/product\/6923"}],"collection":[{"href":"https:\/\/xorr.pl\/en\/wp-json\/wp\/v2\/product"}],"about":[{"href":"https:\/\/xorr.pl\/en\/wp-json\/wp\/v2\/types\/product"}],"wp:featuredmedia":[{"embeddable":true,"href":"https:\/\/xorr.pl\/en\/wp-json\/wp\/v2\/media\/6924"}],"wp:attachment":[{"href":"https:\/\/xorr.pl\/en\/wp-json\/wp\/v2\/media?parent=6923"}],"wp:term":[{"taxonomy":"product_cat","embeddable":true,"href":"https:\/\/xorr.pl\/en\/wp-json\/wp\/v2\/product_cat?post=6923"},{"taxonomy":"product_tag","embeddable":true,"href":"https:\/\/xorr.pl\/en\/wp-json\/wp\/v2\/product_tag?post=6923"}],"curies":[{"name":"wp","href":"https:\/\/api.w.org\/{rel}","templated":true}]}}