{"id":6952,"date":"2022-02-05T21:13:09","date_gmt":"2022-02-05T20:13:09","guid":{"rendered":"https:\/\/xorr.pl\/?post_type=product&#038;p=6952"},"modified":"2024-03-11T18:56:54","modified_gmt":"2024-03-11T17:56:54","slug":"elrs-nano-tx-modul-2-5ghz","status":"publish","type":"product","link":"https:\/\/xorr.pl\/en\/product\/elrs-nano-tx-modul-2-5ghz\/","title":{"rendered":"ELRS Nano TX Modu\u0142"},"content":{"rendered":"<h2>Package:<\/h2>\n<ul>\n<li>1 * BETAFPV ELRS Nano TX module<\/li>\n<li>1 * BETAFPV Moxon antenna<\/li>\n<li>1 * Nano TX module user manual<\/li>\n<\/ul>\n<p><img decoding=\"async\" class=\"aligncenter\" src=\"https:\/\/cdn.shopifycdn.net\/s\/files\/1\/1778\/6615\/files\/2.4g_600x600.jpg?v=1626948633\" alt=\"24GHZ TX module\" \/><\/p>\n<p>&nbsp;<\/p>\n<p>&nbsp;<\/p>\n<p style=\"text-align: center;\"><span class=\"JLqJ4b ChMk0b\"><span class=\"Q4iAWc\">BETAFPV Nano RF TX module is based on the ExpressLRS project, an open-source RC link for RC applications. ExpressLRS aims to achieve the best possible link performance in both speeds, latency, and range. This makes ExpressLRS one of the fastest RC links available while still offering long-range performance.<\/span><\/span>\u00a0<span class=\"JLqJ4b ChMk0b\"><span class=\"Q4iAWc\">ExpressLRS ma na celu osi\u0105gni\u0119cie najlepszej mo\u017cliwej wydajno\u015bci \u0142\u0105cza zar\u00f3wno pod wzgl\u0119dem pr\u0119dko\u015bci, op\u00f3\u017anie\u0144, jak i zasi\u0119gu.<\/span><\/span>\u00a0<span class=\"JLqJ4b ChMk0b\"><span class=\"Q4iAWc\">To sprawia, \u017ce ExpressLRS jest jednym z najszybszych dost\u0119pnych \u0142\u0105czy, jednocze\u015bnie oferuj\u0105c wydajno\u015b\u0107 dalekiego zasi\u0119gu.<\/span><\/span><\/p>\n<p style=\"text-align: center;\"><img decoding=\"async\" src=\"https:\/\/dronavista.pl\/img\/cms\/BETAFPV\/218497703_3053360894926289_2120045839807347395_n.jpg\" \/><\/p>\n<p style=\"text-align: center;\"><strong>Specification<\/strong><\/p>\n<p>- Packet refresh rate: 25Hz\/50Hz\/100Hz\/200Hz (915MHz\/868MHz)\n                                25Hz\/50Hz\/150Hz\/250Hz\/500Hz (2.4GHz)<br \/>\n- RF output power: 100mW\/250mW\/500mW<br \/>\nFrequency bands (Nano RF Module 2.4G version): 2.4GHz ISM<br \/>\nFrequency bands (Nano RF Module 915MHz\/868MHz version): 915MHz FCC\/868MHz EU<br \/>\nInput voltage: 5V~12V<br \/>\n- USB port: Type-C<\/p>\n<p><span class=\"VIiyi\" lang=\"pl\"><span class=\"JLqJ4b ChMk0b\"><span class=\"Q4iAWc\">BETAFPV Nano RF module is compatible with radio transmitter which has the nano module bay (AKA lite module bay, e.g. Frsky Taranis X-Lite, Frsky Taranis X9D Lite, TBS Tango 2).<\/span><\/span><\/span><\/p>\n<p><img decoding=\"async\" class=\"aligncenter\" src=\"https:\/\/www.nobshop.pl\/images\/nano_tx_betafpv_opis_diagram_1.JPG\" alt=\"alt\" \/><\/p>\n<p>&nbsp;<\/p>","protected":false},"excerpt":{"rendered":"<p>W zestawie 1x BETAFPV ELRS Nano TX modu\u0142 1x BETAFPV antena Moxon 1x Nano TX instrukcja &nbsp; &nbsp; Modu\u0142 BETAFPV Nano RF TX oparty jest na\u00a0 ExpressLRS, otwartym \u0142\u0105czu do zastosowa\u0144 RC.\u00a0ExpressLRS ma na celu osi\u0105gni\u0119cie najlepszej mo\u017cliwej wydajno\u015bci \u0142\u0105cza zar\u00f3wno pod wzgl\u0119dem pr\u0119dko\u015bci, op\u00f3\u017anie\u0144, jak i zasi\u0119gu.\u00a0To sprawia, \u017ce ExpressLRS jest jednym z najszybszych [&hellip;]<\/p>","protected":false},"featured_media":6961,"template":"","meta":[],"product_cat":[22,41],"product_tag":[],"jetpack_sharing_enabled":true,"_links":{"self":[{"href":"https:\/\/xorr.pl\/en\/wp-json\/wp\/v2\/product\/6952"}],"collection":[{"href":"https:\/\/xorr.pl\/en\/wp-json\/wp\/v2\/product"}],"about":[{"href":"https:\/\/xorr.pl\/en\/wp-json\/wp\/v2\/types\/product"}],"wp:featuredmedia":[{"embeddable":true,"href":"https:\/\/xorr.pl\/en\/wp-json\/wp\/v2\/media\/6961"}],"wp:attachment":[{"href":"https:\/\/xorr.pl\/en\/wp-json\/wp\/v2\/media?parent=6952"}],"wp:term":[{"taxonomy":"product_cat","embeddable":true,"href":"https:\/\/xorr.pl\/en\/wp-json\/wp\/v2\/product_cat?post=6952"},{"taxonomy":"product_tag","embeddable":true,"href":"https:\/\/xorr.pl\/en\/wp-json\/wp\/v2\/product_tag?post=6952"}],"curies":[{"name":"wp","href":"https:\/\/api.w.org\/{rel}","templated":true}]}}