{"id":6970,"date":"2022-02-15T12:39:07","date_gmt":"2022-02-15T11:39:07","guid":{"rendered":"https:\/\/xorr.pl\/?post_type=product&#038;p=6970"},"modified":"2023-10-20T20:39:30","modified_gmt":"2023-10-20T18:39:30","slug":"etui-ochronne-do-literadio-3","status":"publish","type":"product","link":"https:\/\/xorr.pl\/en\/product\/etui-ochronne-do-literadio-3\/","title":{"rendered":"Etui ochronne do LiteRadio 3"},"content":{"rendered":"<p>To etui stworzono specjalnie na potrzeby radia LiteRadio, ma\u0142e por\u0119czne wytrzyma\u0142e i nie przepuszczaj\u0105ce wody (poza zipper lockiem) z miejscem na mas\u0119 akcesori\u00f3w. Ju\u017c nie b\u0119dziesz si\u0119 martwi\u0142 o to, \u017ce jak wrzucisz swoje radio do baga\u017cnika to co\u015b si\u0119 z nim stanie ;P<\/p>\n<p><img decoding=\"async\" class=\"aligncenter\" src=\"https:\/\/cdn.shopifycdn.net\/s\/files\/1\/1778\/6615\/files\/FB_af18f201-0a72-4f6e-b4f2-f984ae670b99_1024x1024.jpg?v=1639134028\" alt=\"\" \/><\/p>\n<h2>Bullet Point<\/h2>\n<ul>\n<li>Wytrzyma\u0142y materia\u0142 EVA, kto\u00aey jet wodoszczelny i odporny na wiele uszkodze\u0144.<\/li>\n<li>Wa\u017cy zaledwie 343g z uchwytem \ud83d\ude09<\/li>\n<li>Miejsce ja smycz, radio, modu\u0142 nadawczy, anten\u0119 itp.<\/li>\n<li>Pianka z wyprofilowanym miejscem na zawarto\u015b\u0107.<\/li>\n<\/ul>\n<p><img decoding=\"async\" class=\"aligncenter\" src=\"https:\/\/cdn.shopifycdn.net\/s\/files\/1\/1778\/6615\/files\/FB1_da855286-87ad-4015-bec5-b4ae841f1fb5_1024x1024.jpg?v=1639393936\" alt=\"\" \/><\/p>\n<h2>Specification<\/h2>\n<ul>\n<li>Wymiary: 200x220x90mm<\/li>\n<li>Waga: 343g<\/li>\n<li>Materia\u0142: EVA<\/li>\n<li>Kolor: Czarny<\/li>\n<\/ul>\n<p><img decoding=\"async\" class=\"aligncenter\" src=\"https:\/\/cdn.shopifycdn.net\/s\/files\/1\/1778\/6615\/files\/f7d7c897f798fc44c391847188c3ac79_ffb092f8-2e22-4b85-a73a-f9aa23a84700_600x600.jpg?v=1639377287\" alt=\"\" \/><\/p>\n<p><span style=\"color: #ff0000;\">LiteRadio 2 i 2 SE nie b\u0119d\u0105 pasowa\u0142y do tego etui<\/span><\/p>\n<h2>Package<\/h2>\n<ul>\n<li>1 *\u00a0BETAFPV Storage Case for LiteRadio 3 Transmitter<\/li>\n<\/ul>","protected":false},"excerpt":{"rendered":"<p>To etui stworzono specjalnie na potrzeby radia LiteRadio, ma\u0142e por\u0119czne wytrzyma\u0142e i nie przepuszczaj\u0105ce wody (poza zipper lockiem) z miejscem na mas\u0119 akcesori\u00f3w. Ju\u017c nie b\u0119dziesz si\u0119 martwi\u0142 o to, \u017ce jak wrzucisz swoje radio do baga\u017cnika to co\u015b si\u0119 z nim stanie ;P G\u0142\u00f3wne cechy: Wytrzyma\u0142y materia\u0142 EVA, kto\u00aey jet wodoszczelny i odporny na [&hellip;]<\/p>","protected":false},"featured_media":6972,"template":"","meta":[],"product_cat":[22,23],"product_tag":[],"jetpack_sharing_enabled":true,"_links":{"self":[{"href":"https:\/\/xorr.pl\/en\/wp-json\/wp\/v2\/product\/6970"}],"collection":[{"href":"https:\/\/xorr.pl\/en\/wp-json\/wp\/v2\/product"}],"about":[{"href":"https:\/\/xorr.pl\/en\/wp-json\/wp\/v2\/types\/product"}],"wp:featuredmedia":[{"embeddable":true,"href":"https:\/\/xorr.pl\/en\/wp-json\/wp\/v2\/media\/6972"}],"wp:attachment":[{"href":"https:\/\/xorr.pl\/en\/wp-json\/wp\/v2\/media?parent=6970"}],"wp:term":[{"taxonomy":"product_cat","embeddable":true,"href":"https:\/\/xorr.pl\/en\/wp-json\/wp\/v2\/product_cat?post=6970"},{"taxonomy":"product_tag","embeddable":true,"href":"https:\/\/xorr.pl\/en\/wp-json\/wp\/v2\/product_tag?post=6970"}],"curies":[{"name":"wp","href":"https:\/\/api.w.org\/{rel}","templated":true}]}}