{"id":6975,"date":"2022-02-15T13:47:43","date_gmt":"2022-02-15T12:47:43","guid":{"rendered":"https:\/\/xorr.pl\/?post_type=product&#038;p=6975"},"modified":"2024-03-11T22:52:39","modified_gmt":"2024-03-11T21:52:39","slug":"dron-cetus-pro","status":"publish","type":"product","link":"https:\/\/xorr.pl\/en\/product\/dron-cetus-pro\/","title":{"rendered":"Dron Cetus Pro"},"content":{"rendered":"<p>Cetus Pro to bezszczotkowy dron, kt\u00f3ry posiada wiele czujnik\u00f3w i sensor\u00f3w dzi\u0119ki kt\u00f3rym pomaga ci uczy\u0107 si\u0119 lata\u0107 \ud83d\ude09 R\u00f3\u017cne tryby lotu pozawalaj\u0105 na szybk\u0105 nauk\u0119 latani w fpv.<\/p>\n<p><img decoding=\"async\" class=\"aligncenter\" src=\"https:\/\/cdn.shopifycdn.net\/s\/files\/1\/1778\/6615\/files\/Cetus_Pro_Brushless_Quadcopter_1024x1024.jpg?v=1630981714\" alt=\"cetus pro brushless quadcopter theme image\" \/><\/p>\n<h2>Bullet Point<\/h2>\n<ul>\n<li>Trzy tryby lotu z opcj\u0105 ustawiania pr\u0119dko\u015bci, znacznie u\u0142atwiaj\u0105 wej\u015bcie w hobby, teraz nawet osoba nie wiedz\u0105ca nic o FPV mo\u017ce zacz\u0105\u0107 lata\u0107.<\/li>\n<li>W Cetusie Pro zamontowano bezszczotkowe silniki, kt\u00f3re charakteryzuj\u0105 si\u0119 wi\u0119ksz\u0105 moc\u0105 i trwa\u0142o\u015bci\u0105 od szczotkowych modeli.<\/li>\n<li>Tryb &#8216;Self-Protection&#8217; wy\u0142\u0105cza drona jak tylko mocniej uderzysz przez co nie spalisz przypadkowo silnik\u00f3w \ud83d\ude42<\/li>\n<li>Obudowa wykonana z nylonu PA12, czyli jednego z najwytrzymalszych tworzyw sztucznych, zapewnia \u017ce po\u0142amanie ramy nie b\u0119dzie nale\u017ca\u0142o do prostych zada\u0144. Przy okazji dron jest os\u0142oniony z ka\u017cdej strony przez co mo\u017cna lata\u0107 w praktycznie ka\u017cdej przestrzeni bez martwienia si\u0119 o zrobienie komu\u015b szkody.<\/li>\n<\/ul>\n<p><img decoding=\"async\" class=\"aligncenter\" src=\"https:\/\/cdn.shopifycdn.net\/s\/files\/1\/1778\/6615\/files\/cetus_pro_near_view_600x600_8cf7bfca-c50d-4e75-8307-ea9065a981e1_600x600.jpg?v=1631001210\" alt=\"A near view of BETAFPV cetus pro quad\" width=\"689\" height=\"459\" \/><\/p>\n<h2>Specification<\/h2>\n<ul>\n<li>Positioning system: Optical flow\/ Barometer\/ Laser<\/li>\n<li>Accuracy of auto-hover: Horizontal \u00b10.2m, vertical \u00b10.3m (under no wind environment)<\/li>\n<li>Receiver protocol: Frsky D8<\/li>\n<li>Flight controller: Lite 1-2S Pro brushless FC<\/li>\n<li>VTX: 25mW<\/li>\n<li>Camera tilt degree: 30\u00b0<\/li>\n<li>Camera: C02 FPV Micro Camera<\/li>\n<li>Motors:<\/li>\n<li>Propeller: 40mm 3-blade 1.5mm shaft hole<\/li>\n<li>Takeoff weight: 33.19g (without battery)<\/li>\n<li>Battery: <a href=\"https:\/\/xorr.pl\/en\/product\/bateria-450mah-1s-30c-bt2-0\/\">BT2.0 450mah 1S<\/a><\/li>\n<li>Flight time: 4-5min<\/li>\n<li>Zasi\u0119g: 80m (w \u015brodowisku bez zak\u0142\u00f3ce\u0144)<\/li>\n<\/ul>\n<p><img decoding=\"async\" class=\"aligncenter\" src=\"https:\/\/cdn.shopifycdn.net\/s\/files\/1\/1778\/6615\/files\/cetus_pro_camera_tilt_degree_600x600.jpg?v=1631002272\" alt=\"Cetus Pro Camera Tilt degree presentation\" width=\"703\" height=\"334\" \/><\/p>\n<h2>Altitude Hold, Easy to Fly<\/h2>\n<p><em>Trudnym elementem, niszcz\u0105cym zabaw\u0119 na pocz\u0105tku przygody z FPV, jest utrzymywanie wysoko\u015bci lotu. Ale nie b\u00f3j si\u0119, Cetus b\u0119dzie robi\u0142 to za Ciebie, p\u00f3ki nie opanujesz reszty element\u00f3w..<\/em><\/p>\n<p><em><img decoding=\"async\" class=\"aligncenter\" src=\"https:\/\/cdn.shopifycdn.net\/s\/files\/1\/1778\/6615\/files\/altitude_hold_showcase_8a517797-48ba-4ae1-93f9-cc4001c13ac6_600x600.gif?v=1630045395\" alt=\"altitude hold function showcase\" \/><\/em><\/p>\n<h2>Self-protection, No More Dangers<\/h2>\n<p>The quadcopter comes with an excellent self-protection function. It can make an emergency landing whenever loses control or is in low battery. It will also automatically disarm and drop on the ground once there is a strong collision with the object. Let's say goodbye to loss and crash!<\/p>\n<h2><em style=\"font-size: 16px;\"><img decoding=\"async\" class=\"aligncenter\" src=\"https:\/\/cdn.shopifycdn.net\/s\/files\/1\/1778\/6615\/files\/emergency_landing_function_intro_600x600.jpg?v=1630048741\" alt=\"emergency landing function introduction image\" \/><\/em><\/h2>\n<article class=\"4ever-article\" data-clipboard-cangjie=\"[&quot;root&quot;,{},[&quot;p&quot;,{&quot;spacing&quot;:{&quot;line&quot;:1.15,&quot;lineRule&quot;:&quot;auto&quot;},&quot;list&quot;:{&quot;listId&quot;:&quot;o7pzw46k1vj&quot;,&quot;level&quot;:0,&quot;isOrdered&quot;:false,&quot;isTaskList&quot;:false,&quot;isChecked&quot;:false,&quot;listStyleType&quot;:&quot;SCIR_ECIR_SREC&quot;,&quot;listStyle&quot;:{&quot;format&quot;:&quot;bullet&quot;,&quot;text&quot;:&quot;\u25cf&quot;,&quot;align&quot;:&quot;left&quot;},&quot;hideSymbol&quot;:false,&quot;extraData&quot;:{}},&quot;ind&quot;:{&quot;left&quot;:0}},[&quot;span&quot;,{&quot;data-type&quot;:&quot;text&quot;},[&quot;span&quot;,{&quot;sz&quot;:11,&quot;szUnit&quot;:&quot;pt&quot;,&quot;data-type&quot;:&quot;leaf&quot;},&quot;\u6613\u64cd\u4f5c\uff1a\u666e\u901a\u6a21\u5f0f\u9002\u5408\u65b0\u624b\u5165\u95e8\uff0c\u6709\u98de\u884c\u8f85\u52a9\u529f\u80fd&quot;]]]]\">\n<article class=\"4ever-article\" data-clipboard-cangjie=\"[&quot;root&quot;,{},[&quot;p&quot;,{&quot;spacing&quot;:{&quot;line&quot;:1.15,&quot;lineRule&quot;:&quot;auto&quot;},&quot;list&quot;:{&quot;listId&quot;:&quot;o7pzw46k1vj&quot;,&quot;level&quot;:0,&quot;isOrdered&quot;:false,&quot;isTaskList&quot;:false,&quot;isChecked&quot;:false,&quot;listStyleType&quot;:&quot;SCIR_ECIR_SREC&quot;,&quot;listStyle&quot;:{&quot;format&quot;:&quot;bullet&quot;,&quot;text&quot;:&quot;\u25cf&quot;,&quot;align&quot;:&quot;left&quot;},&quot;hideSymbol&quot;:false,&quot;extraData&quot;:{}},&quot;ind&quot;:{&quot;left&quot;:0}},[&quot;span&quot;,{&quot;data-type&quot;:&quot;text&quot;},[&quot;span&quot;,{&quot;sz&quot;:11,&quot;szUnit&quot;:&quot;pt&quot;,&quot;data-type&quot;:&quot;leaf&quot;},&quot;\u6613\u64cd\u4f5c\uff1a\u666e\u901a\u6a21\u5f0f\u9002\u5408\u65b0\u624b\u5165\u95e8\uff0c\u6709\u98de\u884c\u8f85\u52a9\u529f\u80fd&quot;]]]]\">\n<h2>Turtle Mode, No Burden to Fly Away<\/h2>\n<\/article>\n<article data-clipboard-cangjie=\"[&quot;root&quot;,{},[&quot;p&quot;,{},[&quot;span&quot;,{&quot;data-type&quot;:&quot;text&quot;},[&quot;span&quot;,{&quot;color&quot;:&quot;#000000&quot;,&quot;sz&quot;:11,&quot;szUnit&quot;:&quot;pt&quot;,&quot;szCs&quot;:{&quot;value&quot;:11},&quot;szCsUnit&quot;:{&quot;value&quot;:&quot;pt&quot;},&quot;data-type&quot;:&quot;leaf&quot;},&quot;When the quadcopter falls to the ground and is facing down, we can activate turtle mode with the remote control radio transmitter to turn it over.&quot;]]]]\">When the quadcopter falls to the ground and upside down, we can active turtle mode by LiteRadio2 SE transmitter to flip it over and resume flying. With this function, there is no need to walk away to correct the position manually.\u00a0<\/article>\n<article data-clipboard-cangjie=\"[&quot;root&quot;,{},[&quot;p&quot;,{},[&quot;span&quot;,{&quot;data-type&quot;:&quot;text&quot;},[&quot;span&quot;,{&quot;color&quot;:&quot;#000000&quot;,&quot;sz&quot;:11,&quot;szUnit&quot;:&quot;pt&quot;,&quot;szCs&quot;:{&quot;value&quot;:11},&quot;szCsUnit&quot;:{&quot;value&quot;:&quot;pt&quot;},&quot;data-type&quot;:&quot;leaf&quot;},&quot;When the quadcopter falls to the ground and is facing down, we can activate turtle mode with the remote control radio transmitter to turn it over.&quot;]]]]\"><\/article>\n<article data-clipboard-cangjie=\"[&quot;root&quot;,{},[&quot;p&quot;,{},[&quot;span&quot;,{&quot;data-type&quot;:&quot;text&quot;},[&quot;span&quot;,{&quot;color&quot;:&quot;#000000&quot;,&quot;sz&quot;:11,&quot;szUnit&quot;:&quot;pt&quot;,&quot;szCs&quot;:{&quot;value&quot;:11},&quot;szCsUnit&quot;:{&quot;value&quot;:&quot;pt&quot;},&quot;data-type&quot;:&quot;leaf&quot;},&quot;When the quadcopter falls to the ground and is facing down, we can activate turtle mode with the remote control radio transmitter to turn it over.&quot;]]]]\"><em>Turtle mode will not work effectively if something gets stuck in the motor\/prop. Please push down switch SD on the transmitter immediately in this situation to exit turtle mode.<\/em><\/article>\n<\/article>\n<article class=\"4ever-article\" data-clipboard-cangjie=\"[&quot;root&quot;,{},[&quot;p&quot;,{},[&quot;span&quot;,{&quot;data-type&quot;:&quot;text&quot;},[&quot;span&quot;,{&quot;color&quot;:&quot;#000000&quot;,&quot;sz&quot;:11,&quot;szUnit&quot;:&quot;pt&quot;,&quot;szCs&quot;:{&quot;value&quot;:11},&quot;szCsUnit&quot;:{&quot;value&quot;:&quot;pt&quot;},&quot;data-type&quot;:&quot;leaf&quot;},&quot;When the quadcopter falls to the ground and is facing down, we can activate turtle mode with the remote control radio transmitter to turn it over.&quot;]]]]\"><em><img decoding=\"async\" class=\"aligncenter\" src=\"https:\/\/cdn.shopifycdn.net\/s\/files\/1\/1778\/6615\/files\/anti-turtle_mode_showcase_600x600.gif?v=1630045214\" alt=\"cetus pro anti turtle mode showcase\" \/><\/em><\/article>\n<h2>3 Flight Modes, From Zero to Hero<\/h2>\n<p>Prze\u0142\u0105cznik SB to selektor tryb\u00f3w lotu (N \u2013 Tryb wspomagania \/ S \u2013 Tryb sportowy \/ M \u2013 tryb w pe\u0142ni manualny, najtrudniejszy do opanowania), kt\u00f3re przeznaczone s\u0105 dla pilot\u00f3w o r\u00f3\u017cnym stopniu zaawansowania. Wszystkie tryby lotu mo\u017cna tak\u017ce regulowa\u0107 prze\u0142\u0105cznikiem SC kt\u00f3ry pozwala wybra\u0107 ustawienia WOLNY \/ \u015aREDNI \/ SZYBKI.<\/p>\n<p><img decoding=\"async\" class=\"aligncenter\" src=\"https:\/\/cdn.shopifycdn.net\/s\/files\/1\/1778\/6615\/files\/three_fly_modes_600x600_e17655e0-a293-4227-b2dc-c93f38fc9d8b_600x600.jpg?v=1631003465\" alt=\"Three flight modes of the Cetus pro quad, making you a pro in the FPV field step by step\" \/><\/p>\n<h2>Package:<\/h2>\n<ul>\n<li>1 * Cetus Pro Brushless Quadcopter<\/li>\n<li>2 * BT2.0 450mAh 1S Lipo Battery<\/li>\n<li>1 * BT2.0 Battery Charger and Voltage Tester<\/li>\n<li>1 * USB Charging Cable (Type-C)<\/li>\n<li>1 * Type-C Adapter<\/li>\n<li>1 * Prop Removal Tool<\/li>\n<li>4 * 40mm 3-blade Props<\/li>\n<li>2 * User Manual<\/li>\n<\/ul>\n<p><img decoding=\"async\" class=\"aligncenter\" src=\"https:\/\/cdn.shopifycdn.net\/s\/files\/1\/1778\/6615\/files\/cetus_pro_package_600x600.jpg?v=1631004764\" alt=\"BETAFPV cetus pro package list\" \/><\/p>","protected":false},"excerpt":{"rendered":"<p>Dron posiada odbiornik Frsky D8<\/p>","protected":false},"featured_media":6976,"template":"","meta":[],"product_cat":[22,30],"product_tag":[],"jetpack_sharing_enabled":true,"_links":{"self":[{"href":"https:\/\/xorr.pl\/en\/wp-json\/wp\/v2\/product\/6975"}],"collection":[{"href":"https:\/\/xorr.pl\/en\/wp-json\/wp\/v2\/product"}],"about":[{"href":"https:\/\/xorr.pl\/en\/wp-json\/wp\/v2\/types\/product"}],"wp:featuredmedia":[{"embeddable":true,"href":"https:\/\/xorr.pl\/en\/wp-json\/wp\/v2\/media\/6976"}],"wp:attachment":[{"href":"https:\/\/xorr.pl\/en\/wp-json\/wp\/v2\/media?parent=6975"}],"wp:term":[{"taxonomy":"product_cat","embeddable":true,"href":"https:\/\/xorr.pl\/en\/wp-json\/wp\/v2\/product_cat?post=6975"},{"taxonomy":"product_tag","embeddable":true,"href":"https:\/\/xorr.pl\/en\/wp-json\/wp\/v2\/product_tag?post=6975"}],"curies":[{"name":"wp","href":"https:\/\/api.w.org\/{rel}","templated":true}]}}