{"id":6982,"date":"2022-02-15T14:50:25","date_gmt":"2022-02-15T13:50:25","guid":{"rendered":"https:\/\/xorr.pl\/?post_type=product&#038;p=6982"},"modified":"2022-03-12T00:02:18","modified_gmt":"2022-03-11T23:02:18","slug":"zestaw-lutow-filmowych-niedzwiedz-filmuje","status":"publish","type":"product","link":"https:\/\/xorr.pl\/en\/product\/zestaw-lutow-filmowych-niedzwiedz-filmuje\/","title":{"rendered":"Zestaw Lut&#8217;\u00f3w Filmowych &#8211; Nied\u017awied\u017a Filmuje"},"content":{"rendered":"<p>LUT przeznaczone do profilu SLOG3 S.Gamut3.cine. Po na\u0142o\u017ceniu obraz jest gotowy do renderingu pod warunkiem, \u017ce b\u0119dzie ustawiona poprawnie pod SLOGa ekspozycja.<br \/>\nJest to \u015bwietna opcja dla os\u00f3b, kt\u00f3rym zale\u017cy na czasie.<\/p>\n<p><span style=\"color: #ff0000;\"><strong>Po op\u0142aceniu zam\u00f3wienia otrzymasz maila z linkiem do pobrania pliku!<\/strong><\/span><\/p>\n<p>INFO:<br \/>\n&#8211; Stworzone dla SONY FX3, FX6 i A7SIII, ale \u015bwietnie radzi sobie te\u017c z modelami takimi jak A7iii lub A6400.<br \/>\n&#8211; Zestaw zawiera 4 LUT&#8217;y<br \/>\n&#8211; Pliki w formacie (.CUBE) i dzia\u0142a w ka\u017cdym programie do monta\u017cu , kt\u00f3ry obs\u0142uguje ten format<\/p>\n<p class=\"responsive-video-wrap clr\"><iframe loading=\"lazy\" title=\"LUTY NIED\u0179WIEDZIA\" width=\"1200\" height=\"675\" src=\"https:\/\/www.youtube.com\/embed\/bnvVccrpdLY?feature=oembed\" frameborder=\"0\" allow=\"accelerometer; autoplay; clipboard-write; encrypted-media; gyroscope; picture-in-picture\" allowfullscreen><\/iframe><\/p>","protected":false},"excerpt":{"rendered":"<p>LUT przeznaczone do profilu SLOG3 S.Gamut3.cine. Po na\u0142o\u017ceniu obraz jest gotowy do renderingu pod warunkiem, \u017ce b\u0119dzie ustawiona poprawnie pod SLOGa ekspozycja.<br \/>\nJest to \u015bwietna opcja dla os\u00f3b, kt\u00f3rym zale\u017cy na czasie.<\/p>","protected":false},"featured_media":7044,"template":"","meta":[],"product_cat":[23],"product_tag":[],"jetpack_sharing_enabled":true,"_links":{"self":[{"href":"https:\/\/xorr.pl\/en\/wp-json\/wp\/v2\/product\/6982"}],"collection":[{"href":"https:\/\/xorr.pl\/en\/wp-json\/wp\/v2\/product"}],"about":[{"href":"https:\/\/xorr.pl\/en\/wp-json\/wp\/v2\/types\/product"}],"wp:featuredmedia":[{"embeddable":true,"href":"https:\/\/xorr.pl\/en\/wp-json\/wp\/v2\/media\/7044"}],"wp:attachment":[{"href":"https:\/\/xorr.pl\/en\/wp-json\/wp\/v2\/media?parent=6982"}],"wp:term":[{"taxonomy":"product_cat","embeddable":true,"href":"https:\/\/xorr.pl\/en\/wp-json\/wp\/v2\/product_cat?post=6982"},{"taxonomy":"product_tag","embeddable":true,"href":"https:\/\/xorr.pl\/en\/wp-json\/wp\/v2\/product_tag?post=6982"}],"curies":[{"name":"wp","href":"https:\/\/api.w.org\/{rel}","templated":true}]}}