{"id":6986,"date":"2022-02-15T17:49:16","date_gmt":"2022-02-15T16:49:16","guid":{"rendered":"https:\/\/xorr.pl\/?post_type=product&#038;p=6986"},"modified":"2024-06-24T10:28:31","modified_gmt":"2024-06-24T08:28:31","slug":"antena-actuna-gem-5-8ghz-rhcp-ipex","status":"publish","type":"product","link":"https:\/\/xorr.pl\/en\/product\/antena-actuna-gem-5-8ghz-rhcp-ipex\/","title":{"rendered":"Antena Actuna GEM 5.8GHz (RHCP, IPEX)"},"content":{"rendered":"<p>Prawdopodobnie najmniejsza antena z polaryzacj\u0105 ko\u0142ow\u0105 w wersji dla analogowych VTX&#8217;\u00f3w (RHCP). Wyprodukowana przez polsk\u0105 firm\u0119 Actuna o \u015bwietnej renomie.<\/p>\n<p><img decoding=\"async\" class=\"alignnone wp-image-6989 size-full\" src=\"https:\/\/xorr.pl\/wp-content\/uploads\/2022\/02\/Actuna.jpg\" alt=\"\" width=\"695\" height=\"494\" srcset=\"https:\/\/xorr.pl\/wp-content\/uploads\/2022\/02\/Actuna.jpg 695w, https:\/\/xorr.pl\/wp-content\/uploads\/2022\/02\/Actuna-300x213.jpg 300w, https:\/\/xorr.pl\/wp-content\/uploads\/2022\/02\/Actuna-18x12.jpg 18w, https:\/\/xorr.pl\/wp-content\/uploads\/2022\/02\/Actuna-600x426.jpg 600w\" sizes=\"(max-width: 695px) 100vw, 695px\" \/><\/p>\n<h2>Specification<\/h2>\n<ul>\n<li>Nazwa: Actuna GEM 5.8GHz<\/li>\n<li>Z\u0142\u0105cze: IPEX<\/li>\n<li>Polaryzacja: RHCP<\/li>\n<li>Gain: 1.9dBi<\/li>\n<li>Kolor: Czarna<\/li>\n<li>Waga: 2g<\/li>\n<li>D\u0142ugo\u015b\u0107 przewodu: 40mm<\/li>\n<li>Cz\u0119stotliwo\u015b\u0107: 5.8GHz<\/li>\n<li>Zakres: \u00a05645-5945 Mhz<\/li>\n<\/ul>\n<p>&nbsp;<\/p>\n<h2>Co otrzymasz?<\/h2>\n<ul>\n<li>1 * Czarna Actuna GEM 5.8GHz RHCP, IPEX, 40mm<\/li>\n<\/ul>","protected":false},"excerpt":{"rendered":"<p>Prawdopodobnie najmniejsza antena z polaryzacj\u0105 ko\u0142ow\u0105 w wersji dla analogowych VTX&#8217;\u00f3w (RHCP). Wyprodukowana przez polsk\u0105 firm\u0119 Actuna o \u015bwietnej renomie. Specyfikacja Nazwa: Actuna GEM 5.8GHz Z\u0142\u0105cze: IPEX Polaryzacja: RHCP Gain: 1.9dBi Kolor: Czarna Waga: 2g D\u0142ugo\u015b\u0107 przewodu: 40mm Cz\u0119stotliwo\u015b\u0107: 5.8GHz Zakres: \u00a05645-5945 Mhz &nbsp; Co otrzymasz? 1 * Czarna Actuna GEM 5.8GHz RHCP, IPEX, 40mm<\/p>","protected":false},"featured_media":6991,"template":"","meta":[],"product_cat":[32,37],"product_tag":[],"jetpack_sharing_enabled":true,"_links":{"self":[{"href":"https:\/\/xorr.pl\/en\/wp-json\/wp\/v2\/product\/6986"}],"collection":[{"href":"https:\/\/xorr.pl\/en\/wp-json\/wp\/v2\/product"}],"about":[{"href":"https:\/\/xorr.pl\/en\/wp-json\/wp\/v2\/types\/product"}],"wp:featuredmedia":[{"embeddable":true,"href":"https:\/\/xorr.pl\/en\/wp-json\/wp\/v2\/media\/6991"}],"wp:attachment":[{"href":"https:\/\/xorr.pl\/en\/wp-json\/wp\/v2\/media?parent=6986"}],"wp:term":[{"taxonomy":"product_cat","embeddable":true,"href":"https:\/\/xorr.pl\/en\/wp-json\/wp\/v2\/product_cat?post=6986"},{"taxonomy":"product_tag","embeddable":true,"href":"https:\/\/xorr.pl\/en\/wp-json\/wp\/v2\/product_tag?post=6986"}],"curies":[{"name":"wp","href":"https:\/\/api.w.org\/{rel}","templated":true}]}}