{"id":7010,"date":"2022-02-20T21:25:42","date_gmt":"2022-02-20T20:25:42","guid":{"rendered":"https:\/\/xorr.pl\/?post_type=product&#038;p=7010"},"modified":"2022-06-07T19:32:28","modified_gmt":"2022-06-07T17:32:28","slug":"smigla-gemfan-3520-3-blade-1-5-5mm-shaft","status":"publish","type":"product","link":"https:\/\/xorr.pl\/en\/product\/smigla-gemfan-3520-3-blade-1-5-5mm-shaft\/","title":{"rendered":"\u015amig\u0142a Gemfan 3520 3-Blade (1.5-5mm Shaft)"},"content":{"rendered":"<p><img decoding=\"async\" class=\"aligncenter\" src=\"https:\/\/cdn.shopify.com\/s\/files\/1\/1778\/6615\/files\/78204c678967e8facbd41236e3704a70_309b84c0-47d0-4d74-b281-c053b5b6be99_600x600.jpg?v=1625308450\" alt=\"\" \/><\/p>\n<h2>Specification<\/h2>\n<ul>\n<li style=\"font-weight: 400;\"><span style=\"font-weight: 400;\">\u015arednica: 3.5 cala<\/span><\/li>\n<li style=\"font-weight: 400;\"><span style=\"font-weight: 400;\">P\u0142aty: 3<\/span><\/li>\n<li style=\"font-weight: 400;\"><span style=\"font-weight: 400;\">Materia\u0142: PC<\/span><\/li>\n<li style=\"font-weight: 400;\"><span style=\"font-weight: 400;\">Pitch: 2<\/span><\/li>\n<li style=\"font-weight: 400;\"><span style=\"font-weight: 400;\">Kolor: Clear Gray<\/span><\/li>\n<li style=\"font-weight: 400;\"><span style=\"font-weight: 400;\">Shaft: 1.5mm\/5mm<\/span><\/li>\n<li style=\"font-weight: 400;\"><span style=\"font-weight: 400;\">Waga: 1.92g\/szt.<\/span><\/li>\n<\/ul>\n<p><img decoding=\"async\" class=\"aligncenter\" src=\"https:\/\/cdn.shopify.com\/s\/files\/1\/1778\/6615\/files\/1_3f963c0f-99c5-4f4d-af0a-e72594977428_600x600.jpg?v=1625308518\" alt=\"\" \/><\/p>\n<h2><span style=\"font-weight: 400;\">Package:<\/span><\/h2>\n<ul>\n<li style=\"font-weight: 400;\"><span style=\"font-weight: 400;\">2x 3520 Gemfan 3-Blade \u015amig\u0142o CW<\/span><\/li>\n<li style=\"font-weight: 400;\"><span style=\"font-weight: 400;\">2x 3520 Gemfan 3-Blade \u015amig\u0142o CCW<\/span><\/li>\n<\/ul>\n<p><img decoding=\"async\" class=\"aligncenter\" src=\"https:\/\/cdn.shopify.com\/s\/files\/1\/1778\/6615\/files\/0c4067fd44dbc3e67968392b9babcc84_c09154ec-7cf9-4cab-88c0-7328e3a53a02_600x600.jpg?v=1625308555\" alt=\"\" \/><\/p>","protected":false},"excerpt":{"rendered":"<p>Specyfikacja: \u015arednica: 3.5 cala P\u0142aty: 3 Materia\u0142: PC Pitch: 2 Kolor: Clear Gray Shaft: 1.5mm\/5mm Waga: 1.92g\/szt. W zestawie: 2x 3520 Gemfan 3-Blade \u015amig\u0142o CW 2x 3520 Gemfan 3-Blade \u015amig\u0142o CCW<\/p>","protected":false},"featured_media":7011,"template":"","meta":[],"product_cat":[22,23,35],"product_tag":[],"jetpack_sharing_enabled":true,"_links":{"self":[{"href":"https:\/\/xorr.pl\/en\/wp-json\/wp\/v2\/product\/7010"}],"collection":[{"href":"https:\/\/xorr.pl\/en\/wp-json\/wp\/v2\/product"}],"about":[{"href":"https:\/\/xorr.pl\/en\/wp-json\/wp\/v2\/types\/product"}],"wp:featuredmedia":[{"embeddable":true,"href":"https:\/\/xorr.pl\/en\/wp-json\/wp\/v2\/media\/7011"}],"wp:attachment":[{"href":"https:\/\/xorr.pl\/en\/wp-json\/wp\/v2\/media?parent=7010"}],"wp:term":[{"taxonomy":"product_cat","embeddable":true,"href":"https:\/\/xorr.pl\/en\/wp-json\/wp\/v2\/product_cat?post=7010"},{"taxonomy":"product_tag","embeddable":true,"href":"https:\/\/xorr.pl\/en\/wp-json\/wp\/v2\/product_tag?post=7010"}],"curies":[{"name":"wp","href":"https:\/\/api.w.org\/{rel}","templated":true}]}}