{"id":7183,"date":"2022-05-02T10:23:35","date_gmt":"2022-05-02T08:23:35","guid":{"rendered":"https:\/\/xorr.pl\/?post_type=product&#038;p=7183"},"modified":"2023-01-30T10:28:58","modified_gmt":"2023-01-30T09:28:58","slug":"zestaw-srub-i-gumek-amortyzujacych-fc","status":"publish","type":"product","link":"https:\/\/xorr.pl\/en\/product\/zestaw-srub-i-gumek-amortyzujacych-fc\/","title":{"rendered":"Screws and Rubber Dampers"},"content":{"rendered":"<p>Those screws and rubber dampers are really useful when you are mounting flight controller board to your whoop drones.<\/p>\n<ul>\n<li>M1.2* 4 screws fit for stock Blade Indcutrix frame \/ 65mm frames.<\/li>\n<li>M1.4* 5 screws fit for Eachine black E010 frame \/ 75mm \/ 85mm frames.<\/li>\n<\/ul>\n<p><img decoding=\"async\" class=\"aligncenter\" src=\"https:\/\/cdn.shopify.com\/s\/files\/1\/1778\/6615\/files\/2__1_large.jpg?v=1561457700\" alt=\"\" width=\"432\" height=\"303\" \/><\/p>\n<ul>\n<li>Black rubber dampers has a gap of 0.8mm, suitable for ALL brushed FC boards.<\/li>\n<li>White rubber dampers has a gap of 1.2mm, suitable for 2S AIO FC boards, F405 FC stack etc.<\/li>\n<li>Blue rubber dampers has a gap of 1.8mm, suitable for 2-4S AIO FC boards.<\/li>\n<\/ul>\n<p><img decoding=\"async\" class=\"aligncenter\" src=\"https:\/\/cdn.shopify.com\/s\/files\/1\/1778\/6615\/files\/2_f1d3aa16-5625-4877-91f4-7be1ccd5ecfe_grande.jpg?v=1561457720\" alt=\"\" \/><\/p>\n<h2>Package<\/h2>\n<ul>\n<li>20 * M1.2* 4 screws<\/li>\n<li>20 * M1.4* 5 screws<\/li>\n<li>20 * Black ruber dampers<\/li>\n<li>20 * White ruber dampers<\/li>\n<li>20 * Blue ruber dampers<\/li>\n<\/ul>\n<p><img decoding=\"async\" class=\"aligncenter\" src=\"https:\/\/cdn.shopify.com\/s\/files\/1\/1778\/6615\/files\/6_42b70d5d-535e-40d5-b09a-ca53af2c257e_grande.jpg?v=1561623564\" alt=\"\" \/><\/p>","protected":false},"excerpt":{"rendered":"<p>\u015aruby z zestawu \u015bwietnie nadaj\u0105 si\u0119 do mocowania FC w dronach klasy whoop takich jak: M1.2* 4 \u015bruby idealnie pasuj\u0105 do Blade Indcutrix \/ 65mm i podobnych. M1.4* 5 s\u015bruby idealnie pasuj\u0105 do Eachine black E010 \/ 75mm \/ 85mm i podobnych. Czarne gumki z przerw\u0105 0.8mm pasuj\u0105 do wszystkich szczotkowych FC. Bia\u0142e gumki z [&hellip;]<\/p>","protected":false},"featured_media":7185,"template":"","meta":[],"product_cat":[22,40,23],"product_tag":[],"jetpack_sharing_enabled":true,"_links":{"self":[{"href":"https:\/\/xorr.pl\/en\/wp-json\/wp\/v2\/product\/7183"}],"collection":[{"href":"https:\/\/xorr.pl\/en\/wp-json\/wp\/v2\/product"}],"about":[{"href":"https:\/\/xorr.pl\/en\/wp-json\/wp\/v2\/types\/product"}],"wp:featuredmedia":[{"embeddable":true,"href":"https:\/\/xorr.pl\/en\/wp-json\/wp\/v2\/media\/7185"}],"wp:attachment":[{"href":"https:\/\/xorr.pl\/en\/wp-json\/wp\/v2\/media?parent=7183"}],"wp:term":[{"taxonomy":"product_cat","embeddable":true,"href":"https:\/\/xorr.pl\/en\/wp-json\/wp\/v2\/product_cat?post=7183"},{"taxonomy":"product_tag","embeddable":true,"href":"https:\/\/xorr.pl\/en\/wp-json\/wp\/v2\/product_tag?post=7183"}],"curies":[{"name":"wp","href":"https:\/\/api.w.org\/{rel}","templated":true}]}}