{"id":7191,"date":"2022-05-10T08:58:37","date_gmt":"2022-05-10T06:58:37","guid":{"rendered":"https:\/\/xorr.pl\/?post_type=product&#038;p=7191"},"modified":"2022-05-18T23:37:34","modified_gmt":"2022-05-18T21:37:34","slug":"kamera-fpv-caddx-turbo-eos2-2-1mm-pal-43","status":"publish","type":"product","link":"https:\/\/xorr.pl\/en\/product\/kamera-fpv-caddx-turbo-eos2-2-1mm-pal-43\/","title":{"rendered":"Kamera FPV Caddx Turbo Eos2 2.1mm PAL 4:3"},"content":{"rendered":"<p><strong>Kamera FPV Caddx Turbo EOS2<\/strong><\/p>\n<p>Miniaturowa\u00a0kamera z niesamowitymi parametrami technicznymi &#8211; rozdzielczo\u015b\u0107 1200TVL, WDR, sensor CMOS 1\/3 i obiektyw 2.1mm.<br \/>\nKamera idealnie pasuje do mikrodron\u00f3w, kiedy redukcja wagi i rozmiaru jest bardzo istotna, natomiast nie chcemy r\u00f3wnocze\u015bnie rezygnowa\u0107 z jako\u015bci.<\/p>\n<p><strong>Parametry:<\/strong><\/p>\n<ul>\n<li>Sensor: CMOS 1\/3&#8221;<\/li>\n<li>Rozdzielczo\u015b\u0107: 1200 TVL<\/li>\n<li>System obrazu: PAL<\/li>\n<li>Format obrazu: 4:3<\/li>\n<li>Obiektyw: 2.1mm<\/li>\n<li>Minimalne o\u015bwietlenie: 0.001Lux przy F1.2<\/li>\n<li>Wymiary: 14x14x16mm<\/li>\n<li>Waga: 3,5g (netto)<\/li>\n<\/ul>","protected":false},"excerpt":{"rendered":"<p>Kamera FPV Caddx Turbo EOS2 Miniaturowa\u00a0kamera z niesamowitymi parametrami technicznymi &#8211; rozdzielczo\u015b\u0107 1200TVL, WDR, sensor CMOS 1\/3 i obiektyw 2.1mm. Kamera idealnie pasuje do mikrodron\u00f3w, kiedy redukcja wagi i rozmiaru jest bardzo istotna, natomiast nie chcemy r\u00f3wnocze\u015bnie rezygnowa\u0107 z jako\u015bci. Parametry: Sensor: CMOS 1\/3&#8221; Rozdzielczo\u015b\u0107: 1200 TVL System obrazu: PAL Format obrazu: 4:3 Obiektyw: 2.1mm [&hellip;]<\/p>","protected":false},"featured_media":7192,"template":"","meta":[],"product_cat":[32,33],"product_tag":[],"jetpack_sharing_enabled":true,"_links":{"self":[{"href":"https:\/\/xorr.pl\/en\/wp-json\/wp\/v2\/product\/7191"}],"collection":[{"href":"https:\/\/xorr.pl\/en\/wp-json\/wp\/v2\/product"}],"about":[{"href":"https:\/\/xorr.pl\/en\/wp-json\/wp\/v2\/types\/product"}],"wp:featuredmedia":[{"embeddable":true,"href":"https:\/\/xorr.pl\/en\/wp-json\/wp\/v2\/media\/7192"}],"wp:attachment":[{"href":"https:\/\/xorr.pl\/en\/wp-json\/wp\/v2\/media?parent=7191"}],"wp:term":[{"taxonomy":"product_cat","embeddable":true,"href":"https:\/\/xorr.pl\/en\/wp-json\/wp\/v2\/product_cat?post=7191"},{"taxonomy":"product_tag","embeddable":true,"href":"https:\/\/xorr.pl\/en\/wp-json\/wp\/v2\/product_tag?post=7191"}],"curies":[{"name":"wp","href":"https:\/\/api.w.org\/{rel}","templated":true}]}}