{"id":7272,"date":"2022-06-27T15:20:43","date_gmt":"2022-06-27T13:20:43","guid":{"rendered":"https:\/\/xorr.pl\/?post_type=product&#038;p=7272"},"modified":"2024-06-07T14:51:25","modified_gmt":"2024-06-07T12:51:25","slug":"lite-radio-3-pro","status":"publish","type":"product","link":"https:\/\/xorr.pl\/en\/product\/lite-radio-3-pro\/","title":{"rendered":"LiteRadio 3 PRO"},"content":{"rendered":"<p>Nadajnik radiowy LiteRadio 3 Pro to aparatura typu open source, kt\u00f3ry obs\u0142uguje system EdgeTX. Wyposa\u017cony zosta\u0142 w gimbale Hall&#8217;a, w cztery precyzyjne \u0142o\u017cyska, regulowane napi\u0119cie spr\u0119\u017cyny i ergonomiczne ko\u0144c\u00f3wki dr\u0105\u017ck\u00f3w, zapewniaj\u0105ce niezr\u00f3wnane wra\u017cenia. Wy\u015bwietlacz OLED na g\u00f3rze nadajnika zapewnia wizualnie natychmiastowe dane i interfejs steruj\u0105cy dla u\u017cytkownik\u00f3w. Co wi\u0119cej, dwa opcjonalne wewn\u0119trzne systemy RF i alternatywny zewn\u0119trzny modu\u0142 nano TX sprawiaj\u0105, \u017ce jest to nadajnik wieloprotoko\u0142owy.<\/p>\n<h2><img decoding=\"async\" src=\"https:\/\/dronavista.pl\/img\/cms\/BETAFPV\/LiteRadio%203\/278844660_3285493298379713_7886081704417784450_n.jpg\" alt=\"\" width=\"100%\" height=\"NaN\" \/><\/h2>\n<p>&nbsp;<\/p>\n<p><img decoding=\"async\" src=\"https:\/\/dronavista.pl\/img\/cms\/BETAFPV\/LiteRadio%203\/279013781_3284842628444780_6962276624682241166_n.jpg\" alt=\"\" width=\"100%\" height=\"NaN\" \/><\/p>\n<p>Nadajnik radiowy LiteRadio 3 obs\u0142uguje system EdgeTX, kt\u00f3ry jest oprogramowaniem uk\u0142adowym typu open source. Oprogramowanie uk\u0142adowe jest wysoce konfigurowalne i oferuje znacznie wi\u0119cej funkcji ni\u017c tradycyjne radia. Dlatego mo\u017cesz zrobi\u0107 wszystko, co w Twojej mocy, takie jak j\u0119zyk, g\u0142os itp.<\/p>\n<p><img decoding=\"async\" src=\"https:\/\/dronavista.pl\/img\/cms\/BETAFPV\/LiteRadio%203\/279039565_3285541255041584_8824764679250355687_n.jpg\" alt=\"\" width=\"100%\" height=\"NaN\" \/><\/p>\n<p>Dzi\u0119ki systemowi operacyjnemu EdgeTX flashowanie wewn\u0119trznych modu\u0142\u00f3w TX ExpressLRS jest jeszcze \u0142atwiejsze. Po pierwsze, nie ma potrzeby demontowania obudowy. W por\u00f3wnaniu z aktualizacj\u0105 przez WIFI, wygodniej, szybciej i stabilniej jest flashowa\u0107 wewn\u0119trzne oprogramowanie ELRS TX.<\/p>\n<p><img decoding=\"async\" src=\"https:\/\/dronavista.pl\/img\/cms\/BETAFPV\/LiteRadio%203\/278764059_3285511121711264_6150537366004828538_n.jpg\" alt=\"\" width=\"100%\" height=\"NaN\" \/><\/p>\n<p>Wn\u0119ka Nano umo\u017cliwia dost\u0119p do zewn\u0119trznego modu\u0142u TX. LiteRadio 3 Pro osi\u0105ga wysoki poziom dzi\u0119ki mo\u017cliwo\u015bci obs\u0142ugi wielu zewn\u0119trznych modu\u0142\u00f3w TX dost\u0119pnych na rynku dla r\u00f3\u017cnych protoko\u0142\u00f3w, takich jak MULTI, CRSF, PPM, XJT, DSM2 i R9M itp.<\/p>\n<h3>Specification<\/h3>\n<p>Model: LiteRadio 3 Pro<br \/>\nLiczba kana\u0142\u00f3w: 8<br \/>\nGimbale: z czujnikiem Hall&#8217;a<br \/>\nZakres cz\u0119stotliwo\u015bci: 2.4GHz<br \/>\nSystem radiowy: ELRS lub CC2500<br \/>\nAntena: wbudowana<br \/>\nMoc wyj\u015bciowa RF:\u00a0 ELRS 2.4G: 50mW, 100mW, 250mW, 500mW\u00a0 lub CC2500 100mW<br \/>\nWy\u015bwietlacz: OLED o przek\u0105tnej 1,3 cala<br \/>\nOpcja protoko\u0142u: ExpressLRS 2.4G lub CC2500 (Frsky D, Frsky X, SFHSS)<br \/>\nAkumulator: wbudowany 2000mAh 1S<br \/>\nSystem operacyjny: EdgeTX<br \/>\nPorty: USB-C i audio 3,5 mm<br \/>\nObs\u0142uga USB: symulator, \u0142adowanie USB, aktualizacja i konfiguracja (ELRS 2.4G)<\/p>","protected":false},"excerpt":{"rendered":"<p>Nadajnik radiowy LiteRadio 3 Pro to aparatura typu open source, kt\u00f3ry obs\u0142uguje system EdgeTX. Wyposa\u017cony zosta\u0142 w gimbale Hall&#8217;a, w cztery precyzyjne \u0142o\u017cyska, regulowane napi\u0119cie spr\u0119\u017cyny i ergonomiczne ko\u0144c\u00f3wki dr\u0105\u017ck\u00f3w, zapewniaj\u0105ce niezr\u00f3wnane wra\u017cenia. Wy\u015bwietlacz OLED na g\u00f3rze nadajnika zapewnia wizualnie natychmiastowe dane i interfejs steruj\u0105cy dla u\u017cytkownik\u00f3w. Co wi\u0119cej, dwa opcjonalne wewn\u0119trzne systemy RF i [&hellip;]<\/p>","protected":false},"featured_media":7276,"template":"","meta":[],"product_cat":[22,32,41],"product_tag":[],"jetpack_sharing_enabled":true,"_links":{"self":[{"href":"https:\/\/xorr.pl\/en\/wp-json\/wp\/v2\/product\/7272"}],"collection":[{"href":"https:\/\/xorr.pl\/en\/wp-json\/wp\/v2\/product"}],"about":[{"href":"https:\/\/xorr.pl\/en\/wp-json\/wp\/v2\/types\/product"}],"wp:featuredmedia":[{"embeddable":true,"href":"https:\/\/xorr.pl\/en\/wp-json\/wp\/v2\/media\/7276"}],"wp:attachment":[{"href":"https:\/\/xorr.pl\/en\/wp-json\/wp\/v2\/media?parent=7272"}],"wp:term":[{"taxonomy":"product_cat","embeddable":true,"href":"https:\/\/xorr.pl\/en\/wp-json\/wp\/v2\/product_cat?post=7272"},{"taxonomy":"product_tag","embeddable":true,"href":"https:\/\/xorr.pl\/en\/wp-json\/wp\/v2\/product_tag?post=7272"}],"curies":[{"name":"wp","href":"https:\/\/api.w.org\/{rel}","templated":true}]}}