{"id":7319,"date":"2022-07-14T20:48:19","date_gmt":"2022-07-14T18:48:19","guid":{"rendered":"https:\/\/xorr.pl\/?post_type=product&#038;p=7319"},"modified":"2022-10-20T13:06:25","modified_gmt":"2022-10-20T11:06:25","slug":"dron-omphobby-zmo-vtol-dji-hd-gogle-dji-v2","status":"publish","type":"product","link":"https:\/\/xorr.pl\/en\/product\/dron-omphobby-zmo-vtol-dji-hd-gogle-dji-v2\/","title":{"rendered":"Dron OmpHobby ZMO VTOL"},"content":{"rendered":"<div class=\"st_list\">\n<p><span style=\"color: #ff0000;\">Posiadamy zapasowe \/ dodatkowe akumulatory do tego drona oraz \u015bmig\u0142a, odezwij si\u0119 do nas je\u017celi chcesz doda\u0107 je do zam\u00f3wienia \ud83d\ude09<\/span><\/p>\n<p><span style=\"color: #ff0000;\"><strong>Dron do lotu wymaga posiadania kontrolera DJI FPV System lub dedykowanego odbiornika SBUS wraz z kontrolerem.<\/strong><\/span><\/p>\n<ul>\n<li>ZMO to dron typu &#8220;samolot&#8221; kt\u00f3ry posiada sterowanie 3 osiowe, kt\u00f3re jest proste i intuicyjne. To VTOL (Vertical Take off and Landing), dzi\u0119ki czemu nie potrzebujesz pasa startowego. ZMO startuje jak quadrocopter a leci jak samolot \ud83d\ude42<\/li>\n<li>Dron posiada funkcje RTH (Return To Home), zgubisz si\u0119 lub stracisz obraz? Dron wr\u00f3ci do Ciebie!<\/li>\n<li>Imersyjna kontrola lotu &#8211; dzi\u0119ki temu, \u017ce masz na sobie gogle, widzisz wszystko z perspektywy pilota! Poczuj si\u0119 jak pilot samolotu. FOV (Field Of View) to 150 stopni, a 120FPS (Frazes Per Second) zapewnia p\u0142ynne doznania z lotu.<\/li>\n<li>Do ZMO mo\u017cesz wsadzi\u0107 wiele kamer HD takich jak GoPro 5\/6\/7\/8.<\/li>\n<li>Wytrzyma\u0142y materia\u0142, dzi\u0119ki niemu ci\u0119\u017cej b\u0119dzie rozwali\u0107 drona ;).<\/li>\n<li>Tryb stabilizacji lotu &#8211; puszczasz dr\u0105\u017cki a dron sam stabilizuje lot.<\/li>\n<li>RTH (Return To Home) za jednym klikni\u0119ciem<\/li>\n<li>Maksymalna pr\u0119dko\u015b\u0107 ok 110 km\/h (&#8220;Mi uda\u0142o si\u0119 zrobi\u0107 164kmh ~ Tomek)<\/li>\n<li>Niskie op\u00f3\u017anienie &#8211; DJI HD<\/li>\n<li>Maksymalny zasi\u0119g obrazu i radia &#8211; 13km (przy optymalnych warunkach)<\/li>\n<li>Start i l\u0105dowanie jako VTOL &#8211; nie potrzebujesz wi\u0119cej ni\u017c paru metr\u00f3w kwadratowych na start i l\u0105dowanie, dron startuje pionowo!<\/li>\n<li>Modularna budowa &#8211; szybki monta\u017c i demonta\u017c, zaledwie 3 min na wszystko! Kompaktowe etui do transportowania<\/li>\n<li>Dzi\u0119ki sterowaniu przez FPV i trybie stabilizacji, nawet nowicjusz poradzi sobie z lataniem tym tronem \ud83d\ude09<\/li>\n<li>Czas trwania lotu to nawet 60 minut!<\/li>\n<\/ul>\n<\/div>\n<div class=\"pro_detail_content\">\n<div class=\"view_block_box\">\n<div id=\"product_table_bottom\">\n<ul class=\"product_table_bottom_content\">\n<li>\n<div class=\"product_table_content on\">\n<div class=\"pro_detail_content\">\n<p><img decoding=\"async\" src=\"https:\/\/us03-imgcdn.ymcart.com\/63125\/2021\/12\/07\/4\/3\/43866286e3bd9774.jpg\" alt=\"\" \/><img decoding=\"async\" src=\"https:\/\/us03-imgcdn.ymcart.com\/63125\/2021\/12\/07\/e\/3\/e3c6b81f93c795f4.jpg\" alt=\"\" \/><img decoding=\"async\" src=\"https:\/\/us03-imgcdn.ymcart.com\/63125\/2021\/12\/07\/d\/7\/d79795001b289f1b.jpg\" alt=\"\" \/><img decoding=\"async\" src=\"https:\/\/us03-imgcdn.ymcart.com\/63125\/2021\/12\/07\/0\/3\/0353096618a81855.jpg\" alt=\"\" \/><img decoding=\"async\" src=\"https:\/\/us03-imgcdn.ymcart.com\/63125\/2021\/12\/07\/5\/e\/5ef6a15b1ab96a4e.jpg\" alt=\"\" \/><img decoding=\"async\" src=\"https:\/\/us03-imgcdn.ymcart.com\/63125\/2021\/12\/07\/0\/5\/0518a7975f024d2c.jpg\" alt=\"\" \/><img decoding=\"async\" src=\"https:\/\/us03-imgcdn.ymcart.com\/63125\/2021\/12\/07\/7\/1\/711887d560ab53c6.jpg\" alt=\"\" \/><img decoding=\"async\" src=\"https:\/\/us03-imgcdn.ymcart.com\/63125\/2021\/12\/07\/a\/9\/a9f283b6940d0217.jpg\" alt=\"\" \/><img decoding=\"async\" src=\"https:\/\/us03-imgcdn.ymcart.com\/63125\/2021\/12\/07\/0\/7\/071e5646bcc02587.jpg\" alt=\"\" \/><img decoding=\"async\" src=\"https:\/\/us03-imgcdn.ymcart.com\/63125\/2021\/12\/07\/9\/e\/9e6185c57cde3a49.jpg\" alt=\"\" \/><img decoding=\"async\" src=\"https:\/\/us03-imgcdn.ymcart.com\/63125\/2021\/12\/07\/a\/9\/a9cd89e6374557c2.jpg\" alt=\"\" \/><img decoding=\"async\" src=\"https:\/\/us03-imgcdn.ymcart.com\/63125\/2021\/12\/07\/0\/9\/0913b21ea9173cfa.jpg\" alt=\"\" \/><img decoding=\"async\" src=\"https:\/\/us03-imgcdn.ymcart.com\/63125\/2021\/12\/07\/0\/a\/0a3cb91fbc81eaca.jpg\" alt=\"\" \/><img decoding=\"async\" src=\"https:\/\/us03-imgcdn.ymcart.com\/63125\/2021\/12\/07\/b\/2\/b23425ca8d62834e.jpg\" alt=\"\" \/><img decoding=\"async\" src=\"https:\/\/us03-imgcdn.ymcart.com\/63125\/2021\/12\/07\/b\/7\/b7641c2fa1aa263d.jpg\" alt=\"\" \/><img decoding=\"async\" src=\"https:\/\/us03-imgcdn.ymcart.com\/63125\/2021\/12\/07\/3\/d\/3d60438d47c5fd3e.jpg\" alt=\"\" \/><img decoding=\"async\" src=\"https:\/\/us03-imgcdn.ymcart.com\/63125\/2021\/12\/07\/7\/2\/72384514f57c9931.jpg\" alt=\"\" \/><img decoding=\"async\" src=\"https:\/\/us03-imgcdn.ymcart.com\/63125\/2021\/12\/07\/e\/6\/e6626cfff0ef3a16.jpg\" alt=\"\" \/><img decoding=\"async\" src=\"https:\/\/us03-imgcdn.ymcart.com\/63125\/2021\/12\/07\/0\/8\/0846a8e775967297.jpg\" alt=\"\" \/><img decoding=\"async\" src=\"https:\/\/us03-imgcdn.ymcart.com\/63125\/2021\/12\/07\/7\/f\/7fe59bf9ff90b567.jpg\" alt=\"\" \/><img decoding=\"async\" src=\"https:\/\/us03-imgcdn.ymcart.com\/63125\/2021\/12\/07\/5\/1\/511948439d6821d1.jpg\" alt=\"\" \/><\/p>\n<\/div>\n<\/div>\n<\/li>\n<\/ul>\n<h1>Package:<\/h1>\n<ul>\n<li>1x Dron ZMO VTOL (z nadajnikiem Air Unit)<\/li>\n<li>1x Akumulator 4S 5100mah<\/li>\n<li>1x \u0141adowarka<\/li>\n<li>1x Gogle DJI HD V2<\/li>\n<li>1x Etui do przenoszenia drona<\/li>\n<\/ul>\n<\/div>\n<\/div>\n<\/div>","protected":false},"excerpt":{"rendered":"<p><span style=\"color: #ff0000;\">Istnieje mo\u017cliwo\u015b\u0107 zakupu tego drona bez gogli i nadajnika obrazu DJI, za znacznie mniejsz\u0105 cen\u0119. \u00a0<\/span><\/p>","protected":false},"featured_media":7341,"template":"","meta":[],"product_cat":[30],"product_tag":[],"jetpack_sharing_enabled":true,"_links":{"self":[{"href":"https:\/\/xorr.pl\/en\/wp-json\/wp\/v2\/product\/7319"}],"collection":[{"href":"https:\/\/xorr.pl\/en\/wp-json\/wp\/v2\/product"}],"about":[{"href":"https:\/\/xorr.pl\/en\/wp-json\/wp\/v2\/types\/product"}],"wp:featuredmedia":[{"embeddable":true,"href":"https:\/\/xorr.pl\/en\/wp-json\/wp\/v2\/media\/7341"}],"wp:attachment":[{"href":"https:\/\/xorr.pl\/en\/wp-json\/wp\/v2\/media?parent=7319"}],"wp:term":[{"taxonomy":"product_cat","embeddable":true,"href":"https:\/\/xorr.pl\/en\/wp-json\/wp\/v2\/product_cat?post=7319"},{"taxonomy":"product_tag","embeddable":true,"href":"https:\/\/xorr.pl\/en\/wp-json\/wp\/v2\/product_tag?post=7319"}],"curies":[{"name":"wp","href":"https:\/\/api.w.org\/{rel}","templated":true}]}}