{"id":7370,"date":"2022-08-04T14:29:06","date_gmt":"2022-08-04T12:29:06","guid":{"rendered":"https:\/\/xorr.pl\/?post_type=product&#038;p=7370"},"modified":"2024-06-03T20:16:31","modified_gmt":"2024-06-03T18:16:31","slug":"adapter-xt30-meski-do-xt60-zenski","status":"publish","type":"product","link":"https:\/\/xorr.pl\/en\/product\/adapter-xt30-meski-do-xt60-zenski\/","title":{"rendered":"Adapter XT30 m\u0119ski do XT60 \u017ce\u0144ski"},"content":{"rendered":"<p>Adapter s\u0142u\u017c\u0105cy do pod\u0142\u0105czenia baterii ze z\u0142\u0105czem XT30 (m\u0119ski) do \u0142adowarki z gniazdem XT60 (\u017ce\u0144ski).<\/p>\n<p><img decoding=\"async\" src=\"https:\/\/znowodronach.pl\/userdata\/public\/gfx\/1705\/382.jpg\" \/><\/p>","protected":false},"excerpt":{"rendered":"<p>Adapter s\u0142u\u017c\u0105cy do pod\u0142\u0105czenia baterii ze z\u0142\u0105czem XT30 (m\u0119ski) do \u0142adowarki z gniazdem XT60 (\u017ce\u0144ski).<\/p>","protected":false},"featured_media":7371,"template":"","meta":[],"product_cat":[39],"product_tag":[],"jetpack_sharing_enabled":true,"_links":{"self":[{"href":"https:\/\/xorr.pl\/en\/wp-json\/wp\/v2\/product\/7370"}],"collection":[{"href":"https:\/\/xorr.pl\/en\/wp-json\/wp\/v2\/product"}],"about":[{"href":"https:\/\/xorr.pl\/en\/wp-json\/wp\/v2\/types\/product"}],"wp:featuredmedia":[{"embeddable":true,"href":"https:\/\/xorr.pl\/en\/wp-json\/wp\/v2\/media\/7371"}],"wp:attachment":[{"href":"https:\/\/xorr.pl\/en\/wp-json\/wp\/v2\/media?parent=7370"}],"wp:term":[{"taxonomy":"product_cat","embeddable":true,"href":"https:\/\/xorr.pl\/en\/wp-json\/wp\/v2\/product_cat?post=7370"},{"taxonomy":"product_tag","embeddable":true,"href":"https:\/\/xorr.pl\/en\/wp-json\/wp\/v2\/product_tag?post=7370"}],"curies":[{"name":"wp","href":"https:\/\/api.w.org\/{rel}","templated":true}]}}