{"id":7384,"date":"2022-08-09T10:50:53","date_gmt":"2022-08-09T08:50:53","guid":{"rendered":"https:\/\/xorr.pl\/?post_type=product&#038;p=7384"},"modified":"2023-04-28T10:25:49","modified_gmt":"2023-04-28T08:25:49","slug":"pavo25-rama","status":"publish","type":"product","link":"https:\/\/xorr.pl\/en\/product\/pavo25-rama\/","title":{"rendered":"Rama Pavo25 zestaw (Frame Kit)"},"content":{"rendered":"<p>Pavo25 frame is made of high-quality PA12 material with strong and durable injected molding, which grants more stable flight and no fear of damage.<\/p>\n<p><img decoding=\"async\" src=\"https:\/\/cdn.shopify.com\/s\/files\/1\/1778\/6615\/files\/FB-_1_21ad71b9-451d-4706-81f1-48d7f969a683_1024x1024.jpg?v=1655980771\" \/><\/p>\n<p>&nbsp;<\/p>\n<h2 class=\"msg-content scaleable\">Bullet Point<\/h2>\n<ul>\n<li>Only 6 screws to assemble the whoop duct and drone, convenient to build. The Pavo25 whoop quadcopter sports a reasonable design of structure assembly that is optimized to decrease complex components, making the build easy.<\/li>\n<li>Made of high-quality PA12 material and 2.5mm carbon fiber. With a strong and durable frame kit, the Pavo25 whoop quadcopter grants more stable flight and optimizes the vibration damping structure for the camera mount, allowing pilots to get an excellent experience.<\/li>\n<\/ul>\n<p>&nbsp;<\/p>\n<p><img decoding=\"async\" src=\"https:\/\/cdn.shopifycdn.net\/s\/files\/1\/1778\/6615\/files\/FB_78440c05-1e38-4b89-82ef-fe2dcfd1f5e1_1024x1024.jpg?v=1656056981\" \/><\/p>\n<h2>Specification<\/h2>\n<ul>\n<li>Kolor: Czarny<\/li>\n<li>Materia\u0142: PA12<\/li>\n<li>Kolor ramy: Czarny<\/li>\n<li>Waga: 68g<\/li>\n<li>Rozmiar: 153.2*153.7mm<\/li>\n<li>Rozmiar \u015bmig\u0142a: 2,5 cala<\/li>\n<li>Rekomendowane silniki: <a title=\"1404-4500kv-brushless-motors\" href=\"https:\/\/betafpv.com\/products\/1404-4500kv-brushless-motors\" target=\"_blank\" rel=\"noopener\">1404 4500KV Brushless motor<\/a><\/li>\n<li>Rekomendowane \u015bmig\u0142a: <a href=\"https:\/\/betafpv.com\/products\/gemfan-d63-3-blade-propellers-1-5mm-shaft\">Gemfan D63-3B (Gray)<\/a><\/li>\n<li>Rekomendowana bateria: <a href=\"https:\/\/betafpv.com\/products\/750mah-4s-95c-lipo-battery-2pcs\">4S 750mAh<\/a>\/<a href=\"https:\/\/betafpv.com\/products\/850mah-4s-75c-lipo-battery-2pcs\">4S 850mAh<\/a><\/li>\n<li>Rekomendowany FC: <a href=\"https:\/\/betafpv.com\/products\/toothpick-f405-2-4s-aio-brushless-flight-controller-20a-blheli_32-v4\" target=\"_blank\" rel=\"noopener\">F405 AIO 20A Toothpick V4 BMI270<\/a><\/li>\n<li>Rekomendowana kamera: <a href=\"https:\/\/betafpv.com\/collections\/camera-vtx-1\/products\/smo-4k-camera\">SMO 4K<\/a>, DJI Action 2<\/li>\n<li>Rekomendowany VTX: Caddx Nebula Pro Nano Vista Kit\/Caddx Baby Ratel2+A03 400mW 5.8G<\/li>\n<\/ul>","protected":false},"excerpt":{"rendered":"<p>Rama Pavo25 wykonana jest z wysokiej jako\u015bci materia\u0142u, co zapewnia bardziej stabilny lot i brak obawy przed uszkodzeniem. &nbsp; G\u0142\u00f3wne cechy: Tylko 6 \u015brub mocuje ca\u0142\u0105 ram\u0119, dzi\u0119ki czemu naprawy w dronie b\u0119d\u0105 jeszcze \u0142atwiejsze i szybsze! Rama zrobiona z wysokiej jako\u015bci PA12 oraz 2.5mm karbonowej p\u0142ytki. &nbsp; Specyfikacja Kolor: Czarny Materia\u0142: PA12 Kolor ramy: [&hellip;]<\/p>","protected":false},"featured_media":7385,"template":"","meta":[],"product_cat":[22,23,38],"product_tag":[],"jetpack_sharing_enabled":true,"_links":{"self":[{"href":"https:\/\/xorr.pl\/en\/wp-json\/wp\/v2\/product\/7384"}],"collection":[{"href":"https:\/\/xorr.pl\/en\/wp-json\/wp\/v2\/product"}],"about":[{"href":"https:\/\/xorr.pl\/en\/wp-json\/wp\/v2\/types\/product"}],"wp:featuredmedia":[{"embeddable":true,"href":"https:\/\/xorr.pl\/en\/wp-json\/wp\/v2\/media\/7385"}],"wp:attachment":[{"href":"https:\/\/xorr.pl\/en\/wp-json\/wp\/v2\/media?parent=7384"}],"wp:term":[{"taxonomy":"product_cat","embeddable":true,"href":"https:\/\/xorr.pl\/en\/wp-json\/wp\/v2\/product_cat?post=7384"},{"taxonomy":"product_tag","embeddable":true,"href":"https:\/\/xorr.pl\/en\/wp-json\/wp\/v2\/product_tag?post=7384"}],"curies":[{"name":"wp","href":"https:\/\/api.w.org\/{rel}","templated":true}]}}