{"id":7401,"date":"2022-08-10T09:32:43","date_gmt":"2022-08-10T07:32:43","guid":{"rendered":"https:\/\/xorr.pl\/?post_type=product&#038;p=7401"},"modified":"2024-07-05T10:30:08","modified_gmt":"2024-07-05T08:30:08","slug":"rama-meteor65-pro","status":"publish","type":"product","link":"https:\/\/xorr.pl\/en\/product\/rama-meteor65-pro\/","title":{"rendered":"Rama Meteor65 Pro"},"content":{"rendered":"<h1 style=\"text-align: center;\">Rama BetaFPV Meteor65 Pro<\/h1>\n<p style=\"text-align: center;\"><img decoding=\"async\" src=\"https:\/\/cdn.shopify.com\/s\/files\/1\/1778\/6615\/files\/FB4-1_3a5ec9f1-068f-4c9c-9537-61859042dedc_1024x1024.jpg?v=1656409933\" \/><\/p>\n<p style=\"text-align: center;\">Bezszczotkowa rama 65 mm 1S do Meteora 65 Pro.<\/p>\n<h2 style=\"text-align: center;\">Specification<\/h2>\n<p style=\"text-align: center;\">Materia\u0142: plastik<br \/>\nRozmiar: 65mm<br \/>\nWag: 3.14<br \/>\nOtwory monta\u017cowe do silnik\u00f3w: \u00a00603 \/ 080X<br \/>\nOtwory monta\u017cowe FC: 26x26mm<\/p>\n<h2 style=\"text-align: center;\">Zalecane podzespo\u0142y<\/h2>\n<p style=\"text-align: center;\">\u015amig\u0142a: 31mm 3-\u0142opatowe<br \/>\nSilniki: 0603 lub\u00a0080X<br \/>\nZasilanie:\u00a0BT2.0 300mah<br \/>\nFC: F4 1S Brushless FC<\/p>\n<p><img decoding=\"async\" class=\"aligncenter\" src=\"https:\/\/cdn.shopify.com\/s\/files\/1\/1778\/6615\/files\/019287d85a5ece20b74e63f0e78b066a_dc7a2d39-1caa-408e-bb06-c541a0285799_480x480.jpg?v=1656400986\" \/><\/p>","protected":false},"excerpt":{"rendered":"<p>Rama BetaFPV Meteor65 Pro Bezszczotkowa rama 65 mm 1S do Meteora 65 Pro. Specyfikacja Materia\u0142: plastik Rozmiar: 65mm Wag: 3.14 Otwory monta\u017cowe do silnik\u00f3w: \u00a00603 \/ 080X Otwory monta\u017cowe FC: 26x26mm Zalecane podzespo\u0142y \u015amig\u0142a: 31mm 3-\u0142opatowe Silniki: 0603 lub\u00a0080X Zasilanie:\u00a0BT2.0 300mah FC: F4 1S Brushless FC<\/p>","protected":false},"featured_media":7402,"template":"","meta":[],"product_cat":[22,23,38],"product_tag":[],"jetpack_sharing_enabled":true,"_links":{"self":[{"href":"https:\/\/xorr.pl\/en\/wp-json\/wp\/v2\/product\/7401"}],"collection":[{"href":"https:\/\/xorr.pl\/en\/wp-json\/wp\/v2\/product"}],"about":[{"href":"https:\/\/xorr.pl\/en\/wp-json\/wp\/v2\/types\/product"}],"wp:featuredmedia":[{"embeddable":true,"href":"https:\/\/xorr.pl\/en\/wp-json\/wp\/v2\/media\/7402"}],"wp:attachment":[{"href":"https:\/\/xorr.pl\/en\/wp-json\/wp\/v2\/media?parent=7401"}],"wp:term":[{"taxonomy":"product_cat","embeddable":true,"href":"https:\/\/xorr.pl\/en\/wp-json\/wp\/v2\/product_cat?post=7401"},{"taxonomy":"product_tag","embeddable":true,"href":"https:\/\/xorr.pl\/en\/wp-json\/wp\/v2\/product_tag?post=7401"}],"curies":[{"name":"wp","href":"https:\/\/api.w.org\/{rel}","templated":true}]}}