{"id":7411,"date":"2022-08-10T11:28:28","date_gmt":"2022-08-10T09:28:28","guid":{"rendered":"https:\/\/xorr.pl\/?post_type=product&#038;p=7411"},"modified":"2024-07-05T10:41:05","modified_gmt":"2024-07-05T08:41:05","slug":"silniki-bezszczotkowe-2004","status":"publish","type":"product","link":"https:\/\/xorr.pl\/en\/product\/silniki-bezszczotkowe-2004\/","title":{"rendered":"Silniki BETAFPV 2004"},"content":{"rendered":"<p style=\"text-align: left;\">Bezszczotkowy silnik serii BETAFPV 2004 to p\u0142ynnie dzia\u0142aj\u0105cy, mocny i ultralekki silnik 4-6S. Wa\u017cy jedynie 16,6 g \/ szt. 2004 1700KV jest najlepszym wyborem dla systemu zasilania 6S, doskonale pasuje do 4-5-calowego quadkoptera. 3000KV idealnie nadaj\u0105 si\u0119 do 3&#8242; dron\u00f3w z ductami, niekt\u00f3rych 4&#8242; i ultralekkich 5&#8242;.Gor\u0105co polecamy pilotom u\u017cywaj\u0105cym silnik\u00f3w 2004 z 35A AIO Brushless FC\/F405+35A ESC i \u015bmig\u0142a 5025\/5125 do budowy dron\u00f3w. Przyniesie ci to siln\u0105 moc, aby lata\u0107 bardziej elastycznym i trwa\u0142ym.<\/p>\n<p style=\"text-align: center;\"><img decoding=\"async\" src=\"https:\/\/cdn.shopify.com\/s\/files\/1\/1778\/6615\/files\/FB_38a41a6b-b1a4-4f59-91fd-78a18928d02f_1024x1024.jpg?v=1599903398\" \/><\/p>\n<p>&nbsp;<\/p>\n<h2 class=\"p1\" style=\"text-align: left;\">G\u0142\u00f3wne zalety:<\/h2>\n<p style=\"text-align: left;\">\u2022 Silnik bezszczotkowy BETAFPV 2004 to ca\u0142kowicie nowa, innowacyjna i unikalna konstrukcja, kt\u00f3ra zapewnia osi\u0105gi znacznie lepsze ni\u017c obecnie dost\u0119pne. Silnik dostarcza moc w zupe\u0142nie nowy spos\u00f3b i zapewnia najp\u0142ynniejsze loty, jakich kiedykolwiek do\u015bwiadczy\u0142e\u015b!<br \/>\n\u2022\u00a01700KV to najlepszy wyb\u00f3r do budowy drona 6S. Wa\u017cy tylko 16,6 g\/szt.<br \/>\n\u2022 3000KV to dobry wyb\u00f3r pod 3&#8221; whoopy, niekt\u00f3re 4&#8221; drony oraz ultralekkie 5&#8221;.<br \/>\n\u2022 Ten nowo zaprojektowany silnik zapewnia wi\u0119kszy moment obrotowy a specjalna konstrukcja zapewnia dronowi niesamowit\u0105 wydajno\u015b\u0107 i wra\u017cenie lotu.<\/p>\n<h2 class=\"p1\" style=\"text-align: left;\">Specification<\/h2>\n<ul style=\"text-align: left;\">\n<li>Przedmiot: 2004 bezszczotkowy silnik<\/li>\n<li>Moc silnika (rpm\/V): 1700KV \/ 3000KV<\/li>\n<li>Waga: 16.6g\/1 szt.<\/li>\n<li>Kolor: szaro-niebieski<\/li>\n<li>Shaft: \u03c61.5mm<\/li>\n<li>Shaft d\u0142ugo\u015b\u0107: 3.8mm<\/li>\n<li>Rozstaw otwor\u00f3w: 12mm<\/li>\n<li>Wielko\u015b\u0107 otwor\u00f3w mocuj\u0105cych :M2<\/li>\n<li>Input Voltage: 1700KV for 6S<\/li>\n<li>Cables: 100mm long,\u00a024AWG cables<\/li>\n<li>Dimensions: 24.6*24.6*17.2mm<\/li>\n<\/ul>","protected":false},"excerpt":{"rendered":"<p>Bezszczotkowy silnik serii BETAFPV 2004 to p\u0142ynnie dzia\u0142aj\u0105cy, mocny i ultralekki silnik 4-6S. Wa\u017cy jedynie 16,6 g \/ szt. 2004 1700KV jest najlepszym wyborem dla systemu zasilania 6S, doskonale pasuje do 4-5-calowego quadkoptera. 3000KV idealnie nadaj\u0105 si\u0119 do 3&#8242; dron\u00f3w z ductami, niekt\u00f3rych 4&#8242; i ultralekkich 5&#8242;.Gor\u0105co polecamy pilotom u\u017cywaj\u0105cym silnik\u00f3w 2004 z 35A AIO [&hellip;]<\/p>","protected":false},"featured_media":7412,"template":"","meta":[],"product_cat":[22,32,36],"product_tag":[],"jetpack_sharing_enabled":true,"_links":{"self":[{"href":"https:\/\/xorr.pl\/en\/wp-json\/wp\/v2\/product\/7411"}],"collection":[{"href":"https:\/\/xorr.pl\/en\/wp-json\/wp\/v2\/product"}],"about":[{"href":"https:\/\/xorr.pl\/en\/wp-json\/wp\/v2\/types\/product"}],"wp:featuredmedia":[{"embeddable":true,"href":"https:\/\/xorr.pl\/en\/wp-json\/wp\/v2\/media\/7412"}],"wp:attachment":[{"href":"https:\/\/xorr.pl\/en\/wp-json\/wp\/v2\/media?parent=7411"}],"wp:term":[{"taxonomy":"product_cat","embeddable":true,"href":"https:\/\/xorr.pl\/en\/wp-json\/wp\/v2\/product_cat?post=7411"},{"taxonomy":"product_tag","embeddable":true,"href":"https:\/\/xorr.pl\/en\/wp-json\/wp\/v2\/product_tag?post=7411"}],"curies":[{"name":"wp","href":"https:\/\/api.w.org\/{rel}","templated":true}]}}