{"id":7440,"date":"2022-08-11T10:15:36","date_gmt":"2022-08-11T08:15:36","guid":{"rendered":"https:\/\/xorr.pl\/?post_type=product&#038;p=7440"},"modified":"2024-06-14T22:32:52","modified_gmt":"2024-06-14T20:32:52","slug":"expresslrs-recovery-dongle","status":"publish","type":"product","link":"https:\/\/xorr.pl\/en\/product\/expresslrs-recovery-dongle\/","title":{"rendered":"ExpressLRS Recovery Dongle"},"content":{"rendered":"<p>ExpressLRS Recovery Dongle to modu\u0142 FTDI USB na TTL oparty na kontrolerze mostkowym CP2102, kt\u00f3ry jest stosowany do aktualizacji oprogramowania uk\u0142adowego dla uk\u0142adu ESP32 i ESP8XX. ExpressLRS Recovery Dongle jest kompatybilny z wieloma odbiornikami ELRS dost\u0119pnymi na rynku, takimi jak ELRS Lite Receiver, ELRS Nano Receiver i ELRS Micro Receiver. Dobrym wyborem b\u0119dzie odblokowanie odbiornika ELRS w przypadku nieudanej aktualizacji lub flashowania oprogramowania uk\u0142adowego przez UART.<\/p>\n<p>&nbsp;<\/p>\n<p><img decoding=\"async\" src=\"https:\/\/cdn.shopifycdn.net\/s\/files\/1\/1778\/6615\/files\/FB2_2360779c-5da0-40c9-bcde-d1b92a4dda77_1024x1024.jpg?v=1653462876\" \/><\/p>\n<p>&nbsp;<\/p>\n<h2>W\u0142a\u015bciwo\u015bci:<\/h2>\n<ul>\n<li>USB Interface: Type-C USB male connector<\/li>\n<li>Operating Voltage: 5V.<\/li>\n<li>Logic Voltage: 5V.<\/li>\n<li>3.3V power supply output current: 400mA<\/li>\n<li>Pins output method: 2*4P-2.54mm pin header<\/li>\n<li>Serial baud rate: Up to 921600bps.<\/li>\n<li>Support USB1.1, USB2.0<\/li>\n<li>USB to Serial chip (CP2102) supports XP, win7 \/ win8 32bits, 64bits, win10 \/ 11 32bits, 64bits, Linux, MAC<\/li>\n<\/ul>\n<p><img decoding=\"async\" src=\"https:\/\/cdn.shopifycdn.net\/s\/files\/1\/1778\/6615\/files\/468ef44610c31b5b50b747b4f9f5ee49_d8bf43e9-a112-4b71-960b-44306bf14ed7_480x480.jpg?v=1653386673\" \/><\/p>\n<p>&nbsp;<\/p>\n<p>&nbsp;<\/p>\n<p><img decoding=\"async\" src=\"https:\/\/cdn.shopifycdn.net\/s\/files\/1\/1778\/6615\/files\/FB_72be40ac-7773-45df-a598-ad8503f4d306_1024x1024.jpg?v=1653462856\" \/><\/p>","protected":false},"excerpt":{"rendered":"<p>ExpressLRS Recovery Dongle to modu\u0142 FTDI USB na TTL oparty na kontrolerze mostkowym CP2102, kt\u00f3ry jest stosowany do aktualizacji oprogramowania uk\u0142adowego dla uk\u0142adu ESP32 i ESP8XX. ExpressLRS Recovery Dongle jest kompatybilny z wieloma odbiornikami ELRS dost\u0119pnymi na rynku, takimi jak ELRS Lite Receiver, ELRS Nano Receiver i ELRS Micro Receiver. Dobrym wyborem b\u0119dzie odblokowanie odbiornika [&hellip;]<\/p>","protected":false},"featured_media":7441,"template":"","meta":[],"product_cat":[22,32,41],"product_tag":[],"jetpack_sharing_enabled":true,"_links":{"self":[{"href":"https:\/\/xorr.pl\/en\/wp-json\/wp\/v2\/product\/7440"}],"collection":[{"href":"https:\/\/xorr.pl\/en\/wp-json\/wp\/v2\/product"}],"about":[{"href":"https:\/\/xorr.pl\/en\/wp-json\/wp\/v2\/types\/product"}],"wp:featuredmedia":[{"embeddable":true,"href":"https:\/\/xorr.pl\/en\/wp-json\/wp\/v2\/media\/7441"}],"wp:attachment":[{"href":"https:\/\/xorr.pl\/en\/wp-json\/wp\/v2\/media?parent=7440"}],"wp:term":[{"taxonomy":"product_cat","embeddable":true,"href":"https:\/\/xorr.pl\/en\/wp-json\/wp\/v2\/product_cat?post=7440"},{"taxonomy":"product_tag","embeddable":true,"href":"https:\/\/xorr.pl\/en\/wp-json\/wp\/v2\/product_tag?post=7440"}],"curies":[{"name":"wp","href":"https:\/\/api.w.org\/{rel}","templated":true}]}}