{"id":7445,"date":"2022-08-11T11:05:59","date_gmt":"2022-08-11T09:05:59","guid":{"rendered":"https:\/\/xorr.pl\/?post_type=product&#038;p=7445"},"modified":"2024-05-15T01:34:02","modified_gmt":"2024-05-14T23:34:02","slug":"silniki-betafpv-2204-2400kv-4-szt","status":"publish","type":"product","link":"https:\/\/xorr.pl\/en\/product\/silniki-betafpv-2204-2400kv-4-szt\/","title":{"rendered":"Silniki BETAFPV 2204 &#8211; 2400KV (4 szt.)"},"content":{"rendered":"<p class=\"p1\">Silnik bezszczotkowy BETAFPV 2204 to ulepszona wersja popularnego silnika 2004. Jest p\u0142ynnie dzia\u0142aj\u0105cy, mocny i bardziej kontrolowany, specjalnie zaprojektowany dla 3\u201d whoopa z ductami, 4\u201d drona i 5\u201d ultralekkiego. Gor\u0105co polecamy pilotom u\u017cywaj\u0105cym silnik\u00f3w 2204 z bezszczotkowym FC 35A AIO.<\/p>\n<div style=\"text-align: left;\"><img decoding=\"async\" style=\"float: none;\" src=\"https:\/\/cdn.shopifycdn.net\/s\/files\/1\/1778\/6615\/files\/1_f3889012-2603-477d-8f48-a8836ad42ec1.jpg?v=1632573750\" alt=\"\" width=\"913\" height=\"357\" \/><\/div>\n<h2 class=\"p1\">W\u0142a\u015bciwo\u015bci:<\/h2>\n<ul>\n<li>Item: 2204 brushless motor<\/li>\n<li>Motor KV (rpm\/V): 2400KV<\/li>\n<li>Weight:\u00a021g<\/li>\n<li>Color: Black-Red<\/li>\n<li>Shaft: \u03c61.5mm<\/li>\n<li>Shaft length: 3.8mm<\/li>\n<li>Shaft diameter: 1.5mm<\/li>\n<li>Hole distance: 12mm<\/li>\n<li>Motor Mount Holes: M2<\/li>\n<li>Input Voltage: 4-6S<\/li>\n<li>Cables: 105mm long,\u00a022AWG cables<\/li>\n<li>Dimensions: 24.6*24.6*17.2mm<\/li>\n<\/ul>\n<div><img decoding=\"async\" src=\"https:\/\/cdn.shopifycdn.net\/s\/files\/1\/1778\/6615\/files\/2d990c76d6054cd58aa204c4e4c042cb_b207f4fc-21c0-4acc-b607-02eb0870b187.jpg?v=1632573772\" alt=\"\" width=\"957\" height=\"292\" \/><\/div>\n<div><\/div>\n<h2 class=\"p1\">Package:<\/h2>\n<ul>\n<li>4 * 2204 2400KV Silniki bezszczotkowe<\/li>\n<li>1 * Komplet \u015brub M2<\/li>\n<\/ul>","protected":false},"excerpt":{"rendered":"<p>Silnik bezszczotkowy BETAFPV 2204 to ulepszona wersja popularnego silnika 2004. Jest p\u0142ynnie dzia\u0142aj\u0105cy, mocny i bardziej kontrolowany, specjalnie zaprojektowany dla 3\u201d whoopa z ductami, 4\u201d drona i 5\u201d ultralekkiego. Gor\u0105co polecamy pilotom u\u017cywaj\u0105cym silnik\u00f3w 2204 z bezszczotkowym FC 35A AIO. W\u0142a\u015bciwo\u015bci: Item: 2204 brushless motor Motor KV (rpm\/V): 2400KV Weight:\u00a021g Color: Black-Red Shaft: \u03c61.5mm Shaft [&hellip;]<\/p>","protected":false},"featured_media":7446,"template":"","meta":[],"product_cat":[22,32,36],"product_tag":[],"jetpack_sharing_enabled":true,"_links":{"self":[{"href":"https:\/\/xorr.pl\/en\/wp-json\/wp\/v2\/product\/7445"}],"collection":[{"href":"https:\/\/xorr.pl\/en\/wp-json\/wp\/v2\/product"}],"about":[{"href":"https:\/\/xorr.pl\/en\/wp-json\/wp\/v2\/types\/product"}],"wp:featuredmedia":[{"embeddable":true,"href":"https:\/\/xorr.pl\/en\/wp-json\/wp\/v2\/media\/7446"}],"wp:attachment":[{"href":"https:\/\/xorr.pl\/en\/wp-json\/wp\/v2\/media?parent=7445"}],"wp:term":[{"taxonomy":"product_cat","embeddable":true,"href":"https:\/\/xorr.pl\/en\/wp-json\/wp\/v2\/product_cat?post=7445"},{"taxonomy":"product_tag","embeddable":true,"href":"https:\/\/xorr.pl\/en\/wp-json\/wp\/v2\/product_tag?post=7445"}],"curies":[{"name":"wp","href":"https:\/\/api.w.org\/{rel}","templated":true}]}}