{"id":7461,"date":"2022-08-16T10:17:00","date_gmt":"2022-08-16T08:17:00","guid":{"rendered":"https:\/\/xorr.pl\/?post_type=product&#038;p=7461"},"modified":"2022-09-27T10:17:07","modified_gmt":"2022-09-27T08:17:07","slug":"silnik-darwinfpv-2207-2400kv","status":"publish","type":"product","link":"https:\/\/xorr.pl\/en\/product\/silnik-darwinfpv-2207-2400kv\/","title":{"rendered":"DarwinFPV 2207 \u2013 2400KV Motor"},"content":{"rendered":"<p>The DarwinFPV 2207-2400KV brushless motor is a smooth running and powerful 3-4S motor. Its weight is only 36 g \/ pc. The DarwinFPV company is characterized by the sale of inexpensive and high-performance products.<\/p>\n<p>&nbsp;<\/p>\n<p><img decoding=\"async\" src=\"https:\/\/ae01.alicdn.com\/kf\/H77d3e402fa8747829aca6e11178e47b57.jpg\" \/><\/p>\n<p><img decoding=\"async\" src=\"https:\/\/ae01.alicdn.com\/kf\/Hffd7399a8e974ff887de66b47f3460b9Q.jpg\" \/><img decoding=\"async\" src=\"https:\/\/ae01.alicdn.com\/kf\/H710bb884b65f462ebf23563cd785c59ao.jpg\" \/><\/p>\n<p>&nbsp;<\/p>\n<p><img decoding=\"async\" src=\"https:\/\/ae01.alicdn.com\/kf\/H3c8efff69bee4a14b92221b941b38c49D.png\" \/><\/p>\n<p><strong>Specification<\/strong><\/p>\n<p><span data-spm-anchor-id=\"a2g0o.detail.1000023.i0.638d2634UA2bOR\"><strong>KV:<\/strong>2400<br \/>\n<\/span><strong>Configu-ration<\/strong>\u00a0: 12N14P<br \/>\n<strong>Stator Diamter:<\/strong>\u00a022mm<br \/>\n<strong>Stator Length :\u00a0<\/strong>\u00a07mm<br \/>\n<strong>Shaft Diameter:<\/strong>\u00a03mm<br \/>\n<strong>Motor Dimension(Dia.*Len):<\/strong>\u00a0\u03a627.7*19.7mm<br \/>\n<strong>Weight(g)\u00a0:<\/strong>\u00a036.4<br \/>\nI<strong>dle current<\/strong>(10)@10V(A) \u22640.81<br \/>\n<strong>No.of Cells(Lipo):<\/strong>\u00a03-4S<br \/>\n<strong>Max Continuous Power(W)<\/strong>: 60S \u00a0765<br \/>\n<strong>Internal Resistance\u00a0:<\/strong>\u00a037.2m\u03a9<br \/>\n<strong>Max Current(60S)\u00a0:<\/strong>\u00a031.9A<\/p>","protected":false},"excerpt":{"rendered":"<p>Bezszczotkowy silnik DarwinFPV 2207 &#8211; 2400KV to p\u0142ynnie dzia\u0142aj\u0105cy i mocny silnik 3-4S. Jego waga to jedynie 36 g \/ szt. Firma DarwinFPV charakteryzuje si\u0119 sprzeda\u017c\u0105 niedrogich i wysokowydajnych produkt\u00f3w. &nbsp; &nbsp; Specyfikacja: KV:2400 Configu-ration\u00a0: 12N14P Stator Diamter:\u00a022mm Stator Length :\u00a0\u00a07mm Shaft Diameter:\u00a03mm Motor Dimension(Dia.*Len):\u00a0\u03a627.7*19.7mm Weight(g)\u00a0:\u00a036.4 Idle current(10)@10V(A) \u22640.81 No.of Cells(Lipo):\u00a03-4S Max Continuous Power(W): 60S [&hellip;]<\/p>","protected":false},"featured_media":7462,"template":"","meta":[],"product_cat":[48,32,36],"product_tag":[],"jetpack_sharing_enabled":true,"_links":{"self":[{"href":"https:\/\/xorr.pl\/en\/wp-json\/wp\/v2\/product\/7461"}],"collection":[{"href":"https:\/\/xorr.pl\/en\/wp-json\/wp\/v2\/product"}],"about":[{"href":"https:\/\/xorr.pl\/en\/wp-json\/wp\/v2\/types\/product"}],"wp:featuredmedia":[{"embeddable":true,"href":"https:\/\/xorr.pl\/en\/wp-json\/wp\/v2\/media\/7462"}],"wp:attachment":[{"href":"https:\/\/xorr.pl\/en\/wp-json\/wp\/v2\/media?parent=7461"}],"wp:term":[{"taxonomy":"product_cat","embeddable":true,"href":"https:\/\/xorr.pl\/en\/wp-json\/wp\/v2\/product_cat?post=7461"},{"taxonomy":"product_tag","embeddable":true,"href":"https:\/\/xorr.pl\/en\/wp-json\/wp\/v2\/product_tag?post=7461"}],"curies":[{"name":"wp","href":"https:\/\/api.w.org\/{rel}","templated":true}]}}