{"id":7475,"date":"2022-08-22T12:20:12","date_gmt":"2022-08-22T10:20:12","guid":{"rendered":"https:\/\/xorr.pl\/?post_type=product&#038;p=7475"},"modified":"2024-07-05T11:12:35","modified_gmt":"2024-07-05T09:12:35","slug":"stack-darwinfpv-f4-50a-6s","status":"publish","type":"product","link":"https:\/\/xorr.pl\/en\/product\/stack-darwinfpv-f4-50a-6s\/","title":{"rendered":"Stack DarwinFPV F4 50A 6S"},"content":{"rendered":"<p>DarwinFPV Betaflight F4 and 2-6S BLHeli_S 4in1 Dshot600 ESC Stack flight controller with 50A continuous current and Dshot600 weighing only 10.8g! Mounting spacing: M3 30.5 * 30.5mm<\/p>\n<p><img decoding=\"async\" src=\"https:\/\/cdn.shopify.com\/s\/files\/1\/2778\/6650\/products\/5.2_1200x1200.jpg?v=1606514414\" \/><\/p>\n<p><img decoding=\"async\" src=\"https:\/\/cdn.shopify.com\/s\/files\/1\/2778\/6650\/products\/5.5_1200x1200.jpg?v=1658338697\" \/><\/p>\n<p><img decoding=\"async\" src=\"https:\/\/cdn.shopify.com\/s\/files\/1\/2778\/6650\/products\/5.3_1200x1200.jpg?v=1658338697\" \/><\/p>\n<p><img decoding=\"async\" src=\"https:\/\/cdn.shopify.com\/s\/files\/1\/2778\/6650\/products\/5.9_1200x1200.jpg?v=1606513337\" \/><\/p>\n<p><strong>Specification<\/strong><\/p>\n<ul>\n<li>F4-50A stack<\/li>\n<li>Continuous current: 50A<\/li>\n<li>Peak current: 60A (10S)<\/li>\n<li>Lithium battery section number: 2-6S<\/li>\n<li>BEC: 5V2A<\/li>\n<li>ESC weight: 10.8g<\/li>\n<li>Firmware: BL_S<\/li>\n<li>Maximum support throttle signal: DSHOT600<\/li>\n<li>Mounting hole: M3\u00a0\u00a030.5 * 30.5mm<\/li>\n<li>F4 Flight control<\/li>\n<li>\u00a0Lithium battery section number: 2-6S<\/li>\n<li>BEC: 10V 1A, 4.5V, 3.3V<\/li>\n<li>MCU: STM32F405<\/li>\n<li>Gyro: MPU6000<\/li>\n<li>OSD: AT7456E<\/li>\n<li>Firmware: MATEKF405<\/li>\n<li>Weight: 6.9g<\/li>\n<li>Mounting hole: M3 30.5 * 30.5mm<\/li>\n<li>Support barometer, black box<\/li>\n<li>Model: DarwinFPV Stack 005<\/li>\n<\/ul>\n<p>&nbsp;<\/p>","protected":false},"excerpt":{"rendered":"<p>Kontroler lotu DarwinFPV Betaflight F4 i 2-6S BLHeli_S 4w1 Dshot600 ESC Stack z pr\u0105dem ci\u0105g\u0142ym 50A i Dshot600 wa\u017c\u0105cym tylko 10,8g! Rozstaw monta\u017cowy: \u00a0M3\u00a0\u00a030.5 * 30.5mm Specyfikacja: F4-50A stack Continuous current: 50A Peak current: 60A (10S) Lithium battery section number: 2-6S BEC: 5V2A ESC weight: 10.8g Firmware: BL_S Maximum support throttle signal: DSHOT600 Mounting hole: [&hellip;]<\/p>","protected":false},"featured_media":7476,"template":"","meta":[],"product_cat":[48,32,40],"product_tag":[],"jetpack_sharing_enabled":true,"_links":{"self":[{"href":"https:\/\/xorr.pl\/en\/wp-json\/wp\/v2\/product\/7475"}],"collection":[{"href":"https:\/\/xorr.pl\/en\/wp-json\/wp\/v2\/product"}],"about":[{"href":"https:\/\/xorr.pl\/en\/wp-json\/wp\/v2\/types\/product"}],"wp:featuredmedia":[{"embeddable":true,"href":"https:\/\/xorr.pl\/en\/wp-json\/wp\/v2\/media\/7476"}],"wp:attachment":[{"href":"https:\/\/xorr.pl\/en\/wp-json\/wp\/v2\/media?parent=7475"}],"wp:term":[{"taxonomy":"product_cat","embeddable":true,"href":"https:\/\/xorr.pl\/en\/wp-json\/wp\/v2\/product_cat?post=7475"},{"taxonomy":"product_tag","embeddable":true,"href":"https:\/\/xorr.pl\/en\/wp-json\/wp\/v2\/product_tag?post=7475"}],"curies":[{"name":"wp","href":"https:\/\/api.w.org\/{rel}","templated":true}]}}