{"id":7482,"date":"2022-08-22T12:35:35","date_gmt":"2022-08-22T10:35:35","guid":{"rendered":"https:\/\/xorr.pl\/?post_type=product&#038;p=7482"},"modified":"2024-07-05T09:13:50","modified_gmt":"2024-07-05T07:13:50","slug":"aio-darwinfpv-f411-1-3s-15a-ultralight","status":"publish","type":"product","link":"https:\/\/xorr.pl\/en\/product\/aio-darwinfpv-f411-1-3s-15a-ultralight\/","title":{"rendered":"AIO DarwinFPV F411 1-3S 15A Ultralight"},"content":{"rendered":"<p>DarwinFPV 15A 1-3S F411 AIO is perfect for Ultralight and Whoop drones. Pre-soldered capacitor for convenience.<\/p>\n<p><img decoding=\"async\" src=\"https:\/\/ae01.alicdn.com\/kf\/H9b4caa6fdf4448d4a5bbc3aecf494a745.jpg\" \/><\/p>\n<p>&nbsp;<\/p>\n<p><img decoding=\"async\" src=\"https:\/\/ae01.alicdn.com\/kf\/H68bf2c71d6c546f5a68759e9d6141189c.png\" \/><\/p>\n<p>&nbsp;<\/p>\n<p>&nbsp;<\/p>\n<p>&nbsp;<\/p>\n<p>&nbsp;<\/p>\n<p>&nbsp;<\/p>\n<p>&nbsp;<\/p>\n<p class=\"detail-desc-decorate-content\" data-spm-anchor-id=\"a2g0o.detail.1000023.i0.44973f0eCqDg55\">ESC specification:<\/p>\n<ul>\n<li>Input voltage: 3.7 ~ 13V DCIN(1 ~ 3 6slipo)<\/li>\n<li>Constant current: 15A<\/li>\n<li>Peak current: 17A<\/li>\n<li>BEC Output: No<\/li>\n<li>Mcu: 48mhz efm8bb21f16g protocol: dshot\/oneshot\/multishot blheli_s<\/li>\n<li>firmware target: SH-50<\/li>\n<li>Telemetery: No<\/li>\n<li>Current Sensor: No<\/li>\n<\/ul>\n<p class=\"detail-desc-decorate-content\" data-spm-anchor-id=\"a2g0o.detail.1000023.i0.44973f0eCqDg55\">FC<\/p>\n<ul>\n<li>Mcu Specifications : 100mhz stm32f411ceu6<\/li>\n<li>Imu: MPU6500 (spi)\u00a0 or\u00a0ICM20689<\/li>\n<li>Baro: No<\/li>\n<li>Blackbox: No<\/li>\n<li>OSD:AT7456E<\/li>\n<li>2xuarts (1,2)<\/li>\n<li>Built in drive for sbus input (UART1-RX) 1xsoftserial supported (s5)<\/li>\n<li>3.7 ~ 13V DCIN(1 ~ 3 6slipo)<\/li>\n<li>Bec: 5v 2nd cont.(max 2.5a )<\/li>\n<li>LDO3.3V:Max 200mA<\/li>\n<li>Battery voltage sensor: 1:10 (scale110)<\/li>\n<li>BetaFlight target: MATEKF411<\/li>\n<\/ul>\n<p>Package:<\/p>\n<ul>\n<li>1 x DarwinFPV 15A 1-3s Ultralight\/Whoop AIO<\/li>\n<\/ul>","protected":false},"excerpt":{"rendered":"<p>DarwinFPV 15A 1-3S F411 AIO \u015bwietnie nadaje si\u0119 do dron\u00f3w Ultralekkich oraz\u00a0 Whoop\u00f3w. Kondensator wst\u0119pnie wlutowany dla wygody. &nbsp; &nbsp; &nbsp; &nbsp; &nbsp; &nbsp; &nbsp; ESC specyfikacja: Input voltage: 3.7 ~ 13V DCIN(1 ~ 3 6slipo) Constant current: 15A Peak current: 17A BEC Output: No Mcu: 48mhz efm8bb21f16g protocol: dshot\/oneshot\/multishot blheli_s firmware target: SH-50 Telemetery: [&hellip;]<\/p>","protected":false},"featured_media":7483,"template":"","meta":[],"product_cat":[48,32,45,40,23],"product_tag":[],"jetpack_sharing_enabled":true,"_links":{"self":[{"href":"https:\/\/xorr.pl\/en\/wp-json\/wp\/v2\/product\/7482"}],"collection":[{"href":"https:\/\/xorr.pl\/en\/wp-json\/wp\/v2\/product"}],"about":[{"href":"https:\/\/xorr.pl\/en\/wp-json\/wp\/v2\/types\/product"}],"wp:featuredmedia":[{"embeddable":true,"href":"https:\/\/xorr.pl\/en\/wp-json\/wp\/v2\/media\/7483"}],"wp:attachment":[{"href":"https:\/\/xorr.pl\/en\/wp-json\/wp\/v2\/media?parent=7482"}],"wp:term":[{"taxonomy":"product_cat","embeddable":true,"href":"https:\/\/xorr.pl\/en\/wp-json\/wp\/v2\/product_cat?post=7482"},{"taxonomy":"product_tag","embeddable":true,"href":"https:\/\/xorr.pl\/en\/wp-json\/wp\/v2\/product_tag?post=7482"}],"curies":[{"name":"wp","href":"https:\/\/api.w.org\/{rel}","templated":true}]}}