{"id":7489,"date":"2022-08-22T19:20:30","date_gmt":"2022-08-22T17:20:30","guid":{"rendered":"https:\/\/xorr.pl\/?post_type=product&#038;p=7489"},"modified":"2022-09-27T10:16:44","modified_gmt":"2022-09-27T08:16:44","slug":"darwinfpv-aio-elrs-f411-1-3s-15a","status":"publish","type":"product","link":"https:\/\/xorr.pl\/en\/product\/darwinfpv-aio-elrs-f411-1-3s-15a\/","title":{"rendered":"AIO DarwinFPV F411 1-3S 15A ELRS"},"content":{"rendered":"<p>This is an updated version for Darwin AIO. We have integrated the ELRS receiver with the FC for easy application to small drones. ESC adopts Bluejay firmware and is compatible with Lipo 1-3S, and the maximum current is 17A. FC provides 2 sets of Uarts interfaces and at the same time provides different interfaces of external devices such as SBUS, Softserial, CTR, BUZZ, RGB etc. which perfectly solves the problem of insufficient amount of Uarts F411.<\/p>\n<p>&nbsp;<\/p>\n<p><img decoding=\"async\" src=\"https:\/\/cdn.shopify.com\/s\/files\/1\/3002\/8962\/products\/1_03852c2c-084c-42af-bf03-844a91bc2712_700x700.jpg?v=1659081152\" alt=\"DarwinFPV ELRS2.0 F411 15A Bluejay AIO for TinyAPE\" \/><\/p>\n<p>&nbsp;<\/p>\n<p>&nbsp;<\/p>\n<p><img decoding=\"async\" src=\"https:\/\/cdn.shopify.com\/s\/files\/1\/3002\/8962\/files\/a_a4e87cba-00d7-4c93-a9d4-878f4c6676ed.png?v=1659081108\" \/><\/p>\n<p>&nbsp;<\/p>\n<p>&nbsp;<\/p>\n<p>&nbsp;<\/p>\n<p><strong>Details for Darwin ELRS2.0 F411 15A Bluejay AIO:<\/strong><\/p>\n<p>FC MCU:\u00a0STM32F411CEU6(100MHz)<\/p>\n<p>IMU:\u00a0ICM-20689(SPI)<\/p>\n<p>OSD:\u00a0Beta\ufb02ight OSD AT7456E<\/p>\n<p>RF:\u00a0SX1280(2.4GHz)<\/p>\n<p>BEC output:\u00a05V\/2A \u00a0&amp; 3.3V\/0.2A<\/p>\n<p>Firmware target:betaflight_4.3.0_BETAFPVF4SX1280<\/p>\n<p>2x Uarts(1,2)<\/p>\n<p>1x SBUS(RX1 inverter)<\/p>\n<p>1x Softserial_TX option<\/p>\n<p>1x External USB solder pad<\/p>\n<p>1x CRT(Current)<\/p>\n<p>1x BUZZ<\/p>\n<p>1x RGB<\/p>\n<p>ESC MCU:\u00a0EFM8BB21F16G<\/p>\n<p>Input Voltage:\u00a01-3S LiPo<\/p>\n<p>Continuous current:\u00a015A<\/p>\n<p>MAX current (5seconds):\u00a017A<\/p>\n<p>ESC Traget:\u00a0Bluejay_S_H_50_48_v0.14<\/p>\n<p>Size:\u00a037x36x10.8mm<\/p>\n<p>Installing Hole:25.5&#215;25.5mm(M2)<\/p>\n<p>Weight:5.0g<\/p>\n<p>&nbsp;<\/p>","protected":false},"excerpt":{"rendered":"<p>Jest to zaktualizowana wersja dla Darwin AIO. Zintegrowali\u015bmy odbiornik ELRS z FC, aby u\u0142atwi\u0107 zastosowanie do ma\u0142ych dron\u00f3w. ESC przyjmuje oprogramowanie uk\u0142adowe Bluejay i jest kompatybilny z Lipo 1-3S, a maksymalny pr\u0105d to 17A. FC zapewnia 2 zestawy interfejs\u00f3w Uarts i jednocze\u015bnie zapewnia r\u00f3\u017cne interfejsy urz\u0105dze\u0144 zewn\u0119trznych, takich jak SBUS, Softserial, CTR, BUZZ, RGB itd. [&hellip;]<\/p>","protected":false},"featured_media":7490,"template":"","meta":[],"product_cat":[48,32,45,40,23],"product_tag":[],"jetpack_sharing_enabled":true,"_links":{"self":[{"href":"https:\/\/xorr.pl\/en\/wp-json\/wp\/v2\/product\/7489"}],"collection":[{"href":"https:\/\/xorr.pl\/en\/wp-json\/wp\/v2\/product"}],"about":[{"href":"https:\/\/xorr.pl\/en\/wp-json\/wp\/v2\/types\/product"}],"wp:featuredmedia":[{"embeddable":true,"href":"https:\/\/xorr.pl\/en\/wp-json\/wp\/v2\/media\/7490"}],"wp:attachment":[{"href":"https:\/\/xorr.pl\/en\/wp-json\/wp\/v2\/media?parent=7489"}],"wp:term":[{"taxonomy":"product_cat","embeddable":true,"href":"https:\/\/xorr.pl\/en\/wp-json\/wp\/v2\/product_cat?post=7489"},{"taxonomy":"product_tag","embeddable":true,"href":"https:\/\/xorr.pl\/en\/wp-json\/wp\/v2\/product_tag?post=7489"}],"curies":[{"name":"wp","href":"https:\/\/api.w.org\/{rel}","templated":true}]}}