{"id":7501,"date":"2022-08-22T19:06:49","date_gmt":"2022-08-22T17:06:49","guid":{"rendered":"https:\/\/xorr.pl\/?post_type=product&#038;p=7501"},"modified":"2023-03-10T11:34:01","modified_gmt":"2023-03-10T10:34:01","slug":"darwinfpv-johnny-5inch-drone","status":"publish","type":"product","link":"https:\/\/xorr.pl\/en\/product\/darwinfpv-johnny-5inch-drone\/","title":{"rendered":"DarwinFPV Johnny 5inch drone"},"content":{"rendered":"<p>The Johnny 5 from DarwinFPV is both the cheapest 5 \u2033 drone on the market and a high-performance drone created for your needs. In its price category, it beats all other drones on the market. Durable components make this drone reliable. Are you looking for something small for freestyle? Or maybe you want to try cine-filming, try Johnny 5. You will also find the rest of the accessories you need for the kit.<\/p>\n<p><img decoding=\"async\" src=\"https:\/\/ae01.alicdn.com\/kf\/S346b20b427ff409990453f7dbf93ab894.jpg\" \/><\/p>\n<p><img decoding=\"async\" src=\"https:\/\/ae01.alicdn.com\/kf\/S7f1434fdbadd492fb02c3aa0a22eaec7Y.jpg\" \/><\/p>\n<p>&nbsp;<\/p>\n<table>\n<tbody>\n<tr>\n<td width=\"241\" data-spm-anchor-id=\"a2g0o.detail.1000023.i0.44a72496OLyVMj\">\n<p style=\"font-weight: 400;\"><strong style=\"font-weight: 700 !important;\">DarwinFPV-Johnny 5<\/strong><\/p>\n<\/td>\n<td width=\"468\">\n<p style=\"font-weight: 400;\">Wheel base 240mm<\/p>\n<p style=\"font-weight: 400;\">Framearmthickness:5.5mm<\/p>\n<p style=\"font-weight: 400;\">Framekitmaterial:3Kcarbonfiber<\/p>\n<\/td>\n<\/tr>\n<tr>\n<td width=\"241\">\n<p style=\"font-weight: 400;\"><strong style=\"font-weight: 700 !important;\">DrawinFPV<\/strong><\/p>\n<p style=\"font-weight: 400;\"><strong style=\"font-weight: 700 !important;\">2207-2400KV<\/strong><\/p>\n<p style=\"font-weight: 400;\"><strong style=\"font-weight: 700 !important;\">BrushlessMotor<\/strong><\/p>\n<\/td>\n<td width=\"468\">\n<p style=\"font-weight: 400;\">Motor  KV:2400KV<\/p>\n<p style=\"font-weight: 400;\">Idle Current (Io\/10V):0.81A<\/p>\n<p style=\"font-weight: 400;\">Weight : 36.4g<\/p>\n<p style=\"font-weight: 400;\">Waga: 36.4g<\/p>\n<p style=\"font-weight: 400;\">Max Continuous Current:32A<\/p>\n<p style=\"font-weight: 400;\">Max Continuous Power:765W<\/p>\n<p style=\"font-weight: 400;\">Configu-ration:12N\/14P<\/p>\n<p style=\"font-weight: 400;\">Prop adapter shaft:M5<\/p>\n<p style=\"font-weight: 400;\">Rozstaw otwor\u00f3w na \u015bruby: 16mm<\/p>\n<p style=\"font-weight: 400;\">Bolt thread:M3<\/p>\n<\/td>\n<\/tr>\n<tr>\n<td width=\"241\">\n<p style=\"font-weight: 400;\"><strong style=\"font-weight: 700 !important;\">4IN150A<\/strong><\/p>\n<p style=\"font-weight: 400;\"><strong style=\"font-weight: 700 !important;\">BLHeli_SESC<\/strong><\/p>\n<\/td>\n<td width=\"468\">\n<p style=\"font-weight: 400;\">F4-50A stack<\/p>\n<p style=\"font-weight: 400;\">Continuous current: 50A<\/p>\n<p style=\"font-weight: 400;\">Peak current: 60A (10S)<\/p>\n<p style=\"font-weight: 400;\">Lithium battery section number: 2-6S<\/p>\n<p style=\"font-weight: 400;\">BEC: 5V2A<\/p>\n<p style=\"font-weight: 400;\">ESC weight: 10.8g<\/p>\n<p style=\"font-weight: 400;\">Firmware: BL_S<\/p>\n<p style=\"font-weight: 400;\">Maximum support throttle signal: DSHOT600<\/p>\n<p style=\"font-weight: 400;\">Mounting hole: M3 30.5 * 30.5mm<\/p>\n<\/td>\n<\/tr>\n<tr>\n<td width=\"241\">\n<p style=\"font-weight: 400;\"><strong style=\"font-weight: 700 !important;\">F4FlightController<\/strong><\/p>\n<\/td>\n<td width=\"468\">\n<p style=\"font-weight: 400;\">F4 Flight control<\/p>\n<p style=\"font-weight: 400;\">Lithium battery section number: 3-6S<\/p>\n<p style=\"font-weight: 400;\">BEC: 10V 1A, 4.5V, 3.3V<\/p>\n<p style=\"font-weight: 400;\">MCU: STM32F405<\/p>\n<p style=\"font-weight: 400;\">Gyro: MPU6000<\/p>\n<p style=\"font-weight: 400;\">OSD: AT7456E<\/p>\n<p style=\"font-weight: 400;\">Firmware: MATEKF405<\/p>\n<p style=\"font-weight: 400;\">Weight: : 7.2g<\/p>\n<p style=\"font-weight: 400;\">Mounting hole: M3 30.5 * 30.5mm<\/p>\n<p style=\"font-weight: 400;\">Support barometer, black box<\/p>\n<p style=\"font-weight: 400;\"><strong style=\"font-weight: 700 !important;\">Bluetooth<\/strong><\/p>\n<\/td>\n<\/tr>\n<tr>\n<td width=\"241\">\n<p style=\"font-weight: 400;\"><strong style=\"font-weight: 700 !important;\">5.8G40CH800mw<\/strong><\/p>\n<p style=\"font-weight: 400;\"><strong style=\"font-weight: 700 !important;\">VTXTX805P<\/strong><\/p>\n<\/td>\n<td width=\"468\">\n<p style=\"font-weight: 400;\">Frequency: 5.8G Channels: 40CH<\/p>\n<p style=\"font-weight: 400;\">Napi\u0119cie wej\u015bciowe: 7V ~ 24V<\/p>\n<p style=\"font-weight: 400;\">Zasilanie kamery 5V: 120mA(MAX)&#8212;- 25mW @ 12V 5V<\/p>\n<p style=\"font-weight: 400;\">Zasilanie kamery: 200mA(MAX)&#8212;- 200mW @ 12V 5V<\/p>\n<p style=\"font-weight: 400;\">Zasilanie kamery: 300mA(MAX)&#8212;- 600mW @ 12V 5V<\/p>\n<p style=\"font-weight: 400;\">Zasilanie kamery: 350mA(MAX)&#8212;- 800mW @ 12V Extra<\/p>\n<p style=\"font-weight: 400;\">Cechy: inteligentny audio<\/p>\n<p style=\"font-weight: 400;\">Zasilanie: wyj\u015bcie 5V dla kamery<\/p>\n<p style=\"font-weight: 400;\">Moc wyj\u015bciowa: 25mW\/200mW\/600mW\/800mW<\/p>\n<p style=\"font-weight: 400;\">Prze\u0142\u0105czane z\u0142\u0105cze antenowe: MMCX<\/p>\n<p style=\"font-weight: 400;\">Z\u0142\u0105cze kabla: podk\u0142adki lutownicze<\/p>\n<p style=\"font-weight: 400;\">Waga: 8g (bez anteny)<\/p>\n<\/td>\n<\/tr>\n<tr>\n<td width=\"241\">\n<p style=\"font-weight: 400;\"><strong style=\"font-weight: 700 !important;\">Caddx Ratel Camera<\/strong><\/p>\n<\/td>\n<td width=\"468\">\n<p style=\"font-weight: 400;\">Rozdzielczo\u015b\u0107: 1500TVL<\/p>\n<p style=\"font-weight: 400;\">Obiektyw: 2.1mm<\/p>\n<p style=\"font-weight: 400;\">System telewizyjny: NTSC i PAL (prze\u0142\u0105czany)<\/p>\n<p style=\"font-weight: 400;\">DNR: 3DNR<\/p>\n<p style=\"font-weight: 400;\">Min. O\u015bwietlenie: 0,001lux<\/p>\n<p style=\"font-weight: 400;\">Czas otwarcia migawki: PAL:1\/50 ~ 100,000;<\/p>\n<p style=\"font-weight: 400;\">NTSC: 1\/60 ~ 100,000<\/p>\n<p style=\"font-weight: 400;\">Szerokie wej\u015bcie zasilania: 5-30V<\/p>\n<p style=\"font-weight: 400;\">Temperatura pracy: -20 \u2103 ~ + 60 \u2103<\/p>\n<p style=\"font-weight: 400;\">Waga: 6.0g<\/p>\n<p style=\"font-weight: 400;\">Wymiar: 19*19*19mm<\/p>\n<\/td>\n<\/tr>\n<tr>\n<td width=\"241\">\n<p style=\"font-weight: 400;\"><strong style=\"font-weight: 700 !important;\">Gemfan Flash 51466<\/strong><\/p>\n<\/td>\n<td width=\"468\">\n<p style=\"font-weight: 400;\">Materia\u0142: PC<\/p>\n<p style=\"font-weight: 400;\">Mountinghole:5mm<\/p>\n<p style=\"font-weight: 400;\">Centerthickness:8mm<\/p>\n<p style=\"font-weight: 400;\">Ilo\u015b\u0107: 1 para<\/p>\n<p style=\"font-weight: 400;\">Weight: 4g<\/p>\n<\/td>\n<\/tr>\n<tr>\n<td width=\"241\">\n<p style=\"font-weight: 400;\"><strong style=\"font-weight: 700 !important;\">LipoBattery<\/strong><\/p>\n<\/td>\n<td width=\"468\">\n<p style=\"font-weight: 400;\">Not included<\/p>\n<p style=\"font-weight: 400;\">Recommend4S<\/p>\n<\/td>\n<\/tr>\n<\/tbody>\n<\/table>","protected":false},"excerpt":{"rendered":"<p>Johnny 5 od firmy DarwinFPV\u00a0 to zar\u00f3wno najta\u0144szy 5&#8243; dron na rynku jak i wysokowydajny dron stworzony dla twoich potrzeb. W swojej kategorii cenowej bije na \u0142eb wszystkie inne drony na rynku. Wytrzyma\u0142e podzespo\u0142y czyni\u0105 tego drona niezawodnym. Szukasz czego\u015b ma\u0142ego do freestyl&#8217;u? Czy mo\u017ce chcesz spr\u00f3bowa\u0107 z cine-filming, spr\u00f3buj Johnny 5. U nas znajdziesz [&hellip;]<\/p>","protected":false},"featured_media":7502,"template":"","meta":[],"product_cat":[48,30],"product_tag":[],"jetpack_sharing_enabled":true,"_links":{"self":[{"href":"https:\/\/xorr.pl\/en\/wp-json\/wp\/v2\/product\/7501"}],"collection":[{"href":"https:\/\/xorr.pl\/en\/wp-json\/wp\/v2\/product"}],"about":[{"href":"https:\/\/xorr.pl\/en\/wp-json\/wp\/v2\/types\/product"}],"wp:featuredmedia":[{"embeddable":true,"href":"https:\/\/xorr.pl\/en\/wp-json\/wp\/v2\/media\/7502"}],"wp:attachment":[{"href":"https:\/\/xorr.pl\/en\/wp-json\/wp\/v2\/media?parent=7501"}],"wp:term":[{"taxonomy":"product_cat","embeddable":true,"href":"https:\/\/xorr.pl\/en\/wp-json\/wp\/v2\/product_cat?post=7501"},{"taxonomy":"product_tag","embeddable":true,"href":"https:\/\/xorr.pl\/en\/wp-json\/wp\/v2\/product_tag?post=7501"}],"curies":[{"name":"wp","href":"https:\/\/api.w.org\/{rel}","templated":true}]}}