{"id":7508,"date":"2022-08-17T10:18:42","date_gmt":"2022-08-17T08:18:42","guid":{"rendered":"https:\/\/xorr.pl\/?post_type=product&#038;p=7508"},"modified":"2024-07-05T10:53:36","modified_gmt":"2024-07-05T08:53:36","slug":"stack-fpvcycle-f405-45a-6s","status":"publish","type":"product","link":"https:\/\/xorr.pl\/en\/product\/stack-fpvcycle-f405-45a-6s\/","title":{"rendered":"Stack FPVCycle F405 45A 6S"},"content":{"rendered":"<p>It is a unique set that meets the requirements of today's industry. The mount is 25.5 \u00d7 25.5 M2 (Whoop), in addition, now there can be one universal holder from the Whoop class to 7 \u2033, and even light 8 \u2033.<\/p>\n<p><img decoding=\"async\" src=\"https:\/\/cdn.shopify.com\/s\/files\/1\/0172\/6051\/1286\/products\/20210914_070514-2_Custom_-BobKabab_1024x1024.jpg?v=1631811823\" \/><\/p>\n<p>&nbsp;<\/p>\n<p>We introduced you to the original AIO concept of \"Toothpicks\" and we never imagined it would reach the level it has today with AIO. The problem is that high power AIO boards are significantly overpriced due to an eternal chip shortage and still have a high failure rate. Many failures are related to the tight confines of the space of a small board. We split the ESC and FC but called for the ESC to have a nearly blank top side and the FC to have almost all the components on the bottom and inside the ESC pad. ALL FC pads are also on top. Once you assemble the pile inside the frame you will be able to access and solder ALL the pads on BOTH boards. Additionally, the FC has a black box chip, which is rare on AIO motherboards.<\/p>\n<p>&nbsp;<\/p>\n<p><img decoding=\"async\" src=\"https:\/\/cdn.shopify.com\/s\/files\/1\/0172\/6051\/1286\/products\/20210914_070210-2_Custom_-BobKabab_1024x1024.jpg?v=1631813135\" \/><\/p>\n<p>&nbsp;<\/p>\n<p><img decoding=\"async\" src=\"https:\/\/cdn.shopify.com\/s\/files\/1\/0172\/6051\/1286\/products\/20210914_070408-2_Custom_-BobKabab_1024x1024.jpg?v=1631813135\" \/><\/p>\n<p>&nbsp;<\/p>\n<h2>Specifications:<\/h2>\n<h4>FLIGHT CONTROLLER:<\/h4>\n<ul>\n<li>25.5&#215;25.5 M2 Whoop mount w\/grommets<\/li>\n<li>8 motor out lines<\/li>\n<li>4.8g +\/- 0.1g<\/li>\n<li>USB-C<\/li>\n<li>5 clearly accessible UART&#8217;s + Vtx control<\/li>\n<li>F722<\/li>\n<li>2-6S input voltage<\/li>\n<li>2A 5V BEC<\/li>\n<li>Analog OSD<\/li>\n<li>5v\/10v analog camera jumper<\/li>\n<li>16mb black box memory<\/li>\n<li>Buzzer pads<\/li>\n<li>No connectors. Clean, easy and reliable solder pads<\/li>\n<\/ul>\n<h4>ESC:<\/h4>\n<ul>\n<li>25.5&#215;25.5 M2 Whoop mount<\/li>\n<li>Blheli-S<\/li>\n<li>6.8g +\/- 0.1g<\/li>\n<li>2-6S Voltage<\/li>\n<li>50A continuous, 60A burst for &lt;10s<\/li>\n<li>EFM8BB21F16G<\/li>\n<li>40V 50A MOSFET&#8217;s<\/li>\n<li>Dshot600<\/li>\n<li>42x41mm PCB<\/li>\n<li>No connectors. Clean, easy and reliable solder pads<\/li>\n<li>Included Panasonic FR 1000uf 35v<\/li>\n<\/ul>","protected":false},"excerpt":{"rendered":"<p>Jest to wyj\u0105tkowy zestaw spe\u0142niaj\u0105cy wymagania dzisiejszej bran\u017cy. Mocowanie to 25,5&#215;25,5 M2 (Whoop), dodatkowo teraz mo\u017ce by\u0107 jeden uniwersalny uchwyt od klasy Whoop do 7&#8243;, a nawet lekki 8&#8243;. &nbsp; Przedstawili\u015bmy Wam oryginaln\u0105 koncepcj\u0119 AIO \u201eWyka\u0142aczki\u201d i nigdy nie wyobra\u017cali\u015bmy sobie, \u017ce osi\u0105gnie ona poziom, jaki ma dzisiaj z AIO. Problem polega na tym, \u017ce [&hellip;]<\/p>","protected":false},"featured_media":7510,"template":"","meta":[],"product_cat":[48,32,45,40],"product_tag":[],"jetpack_sharing_enabled":true,"_links":{"self":[{"href":"https:\/\/xorr.pl\/en\/wp-json\/wp\/v2\/product\/7508"}],"collection":[{"href":"https:\/\/xorr.pl\/en\/wp-json\/wp\/v2\/product"}],"about":[{"href":"https:\/\/xorr.pl\/en\/wp-json\/wp\/v2\/types\/product"}],"wp:featuredmedia":[{"embeddable":true,"href":"https:\/\/xorr.pl\/en\/wp-json\/wp\/v2\/media\/7510"}],"wp:attachment":[{"href":"https:\/\/xorr.pl\/en\/wp-json\/wp\/v2\/media?parent=7508"}],"wp:term":[{"taxonomy":"product_cat","embeddable":true,"href":"https:\/\/xorr.pl\/en\/wp-json\/wp\/v2\/product_cat?post=7508"},{"taxonomy":"product_tag","embeddable":true,"href":"https:\/\/xorr.pl\/en\/wp-json\/wp\/v2\/product_tag?post=7508"}],"curies":[{"name":"wp","href":"https:\/\/api.w.org\/{rel}","templated":true}]}}